{"id":2162,"date":"2025-06-01T21:32:08","date_gmt":"2025-06-01T21:32:08","guid":{"rendered":"https:\/\/www.contenora.com\/?post_type=product&#038;p=2162"},"modified":"2025-06-01T21:34:04","modified_gmt":"2025-06-01T21:34:04","slug":"conteneur-toilettes-mobiles-la-solution","status":"publish","type":"product","link":"https:\/\/www.contenora.com\/de\/product\/conteneur-toilettes-mobiles-la-solution\/","title":{"rendered":"Mobile Toilettencontainer: 10 wesentliche Vorteile, die Sie kennen sollten"},"content":{"rendered":"<h2 data-start=\"191\" data-end=\"270\">Mobile Toilettencontainer: Die praktische und modulare Sanit\u00e4rl\u00f6sung<\/h2>\n<p data-start=\"272\" data-end=\"623\"><strong data-start=\"272\" data-end=\"303\">Mobiler Toilettencontainer<\/strong>\ud83d\udebd ist die ideale L\u00f6sung, um tempor\u00e4ren oder dauerhaften Hygieneanforderungen in Umgebungen ohne feste Sanit\u00e4ranlagen gerecht zu werden. Dieser speziell ausgestattete Container wurde entwickelt, um Robustheit, Mobilit\u00e4t und Komfort zu vereinen, und bietet eine effiziente Antwort f\u00fcr Baustellen, Veranstaltungen, Campingpl\u00e4tze, Wohnlager und Katastrophengebiete<\/p>\n<h3 data-start=\"625\" data-end=\"676\">\u2705 Was ist ein mobiler Toilettencontainer ?<\/h3>\n<p data-start=\"678\" data-end=\"1132\">Ein <strong data-start=\"681\" data-end=\"712\">Mobiler Toilettencontainer<\/strong> Ist ein vorgefertigtes Sanit\u00e4rmodul, das in einem Schiffscontainer oder einer vergleichbaren Metallstruktur untergebracht ist. Es ist vollst\u00e4ndig ausgestattet, um eine oder mehrere Toiletten, Waschbecken, Urinale, Duschkabinen oder auch Abwassersysteme aufzunehmen. Dank seiner standardisierten Gr\u00f6\u00dfe (oft 10, 20 oder 40 Fu\u00df) l\u00e4sst es sich leicht mit Lkw, Kran oder Gabelstapler transportieren.<\/p>\n<p data-start=\"1134\" data-end=\"1465\">Mobile Toilettencontainer werden besonders gesch\u00e4tzt wegen ihrer <strong data-start=\"1209\" data-end=\"1221\">Robustheit<\/strong>, ihrer <strong data-start=\"1228\" data-end=\"1252\">Isolationsf\u00e4higkeit<\/strong>, ihrer <strong data-start=\"1259\" data-end=\"1286\">einfache Installation<\/strong> und ihrem <strong data-start=\"1295\" data-end=\"1332\">Anpassungsf\u00e4higkeit an unterschiedliche Bed\u00fcrfnisse<\/strong>, Sie k\u00f6nnen an ein bestehendes Wasser- und Abwassernetz angeschlossen werden oder autonom mit integrierten Tanks betrieben werden.<\/p>\n<h3 data-start=\"1472\" data-end=\"1528\">\ud83d\udea7 Warum einen mobilen Toilettencontainer w\u00e4hlen?<\/h3>\n<p data-start=\"1530\" data-end=\"1750\">Ob f\u00fcr ein <strong data-start=\"1550\" data-end=\"1566\">Baustelle im Bauwesen<\/strong>, eine <strong data-start=\"1571\" data-end=\"1596\">Open-Air-Festival<\/strong>, eine <strong data-start=\"1601\" data-end=\"1621\">camp humanitaire<\/strong> oder ein <strong data-start=\"1628\" data-end=\"1642\">site isol\u00e9<\/strong>erf\u00fcllt der mobile Toilettencontainer zahlreiche logistische, hygienische und gesetzliche Anforderungen.<\/p>\n<p data-start=\"1752\" data-end=\"1784\">Hier sind die wichtigsten Vorteile:<\/p>\n<ul data-start=\"1786\" data-end=\"2325\">\n<li data-start=\"1786\" data-end=\"1892\">\n<p data-start=\"1788\" data-end=\"1892\"><strong data-start=\"1788\" data-end=\"1821\">Schnelle und einfache Installation<\/strong> : keine aufwendigen Bauarbeiten \u2013 das Modul ist sofort einsatzbereit bei der Lieferung.<\/p>\n<\/li>\n<li data-start=\"1893\" data-end=\"2006\">\n<p data-start=\"1895\" data-end=\"2006\"><strong data-start=\"1895\" data-end=\"1915\">Optimale Hygiene<\/strong> : Bel\u00fcftungssysteme, leicht zu reinigende Materialien, Einhaltung der Hygienestandards.<\/p>\n<\/li>\n<li data-start=\"2007\" data-end=\"2127\">\n<p data-start=\"2009\" data-end=\"2127\"><strong data-start=\"2009\" data-end=\"2037\">Robustheit und Langlebigkeit<\/strong> : aus recycelten Schiffscontainern gefertigt \u2013 robust und wetterbest\u00e4ndig.<\/p>\n<\/li>\n<li data-start=\"2128\" data-end=\"2252\">\n<p data-start=\"2130\" data-end=\"2252\"><strong data-start=\"2130\" data-end=\"2144\">Modularit\u00e4t<\/strong> : M\u00f6glichkeit, mehrere Module zu kombinieren, um vollst\u00e4ndige Sanit\u00e4rbl\u00f6cke (Herren, Damen, barrierefrei) zu schaffen.<\/p>\n<\/li>\n<li data-start=\"2253\" data-end=\"2325\">\n<p data-start=\"2255\" data-end=\"2325\"><strong data-start=\"2255\" data-end=\"2267\">Mobilit\u00e4t<\/strong> : kann bei Bedarf ohne Demontage versetzt werden.<\/p>\n<\/li>\n<\/ul>\n<h3 data-start=\"2332\" data-end=\"2377\">\ud83e\uddf0 Verf\u00fcgbare Ausstattung und Einrichtung<\/h3>\n<p data-start=\"2379\" data-end=\"2496\">jedes <strong data-start=\"2386\" data-end=\"2417\">Mobiler Toilettencontainer<\/strong> Kann individuell an Ihre Bed\u00fcrfnisse angepasst werden. Zu den Ausstattungsoptionen geh\u00f6ren:<\/p>\n<ul data-start=\"2498\" data-end=\"2795\">\n<li data-start=\"2498\" data-end=\"2541\">\n<p data-start=\"2500\" data-end=\"2541\">Sp\u00fcltoiletten (Standard oder Chemietoiletten)<\/p>\n<\/li>\n<li data-start=\"2542\" data-end=\"2583\">\n<p data-start=\"2544\" data-end=\"2583\">Duschkabinen mit rutschfestem Duschboden<\/p>\n<\/li>\n<li data-start=\"2584\" data-end=\"2632\">\n<p data-start=\"2586\" data-end=\"2632\">Einzelwaschbecken mit automatischen Armaturen<\/p>\n<\/li>\n<li data-start=\"2633\" data-end=\"2679\">\n<p data-start=\"2635\" data-end=\"2679\">Seifenspender, H\u00e4ndetrockner, Spiegel<\/p>\n<\/li>\n<li data-start=\"2680\" data-end=\"2719\">\n<p data-start=\"2682\" data-end=\"2719\">Frischwasser- und Abwassertanks<\/p>\n<\/li>\n<li data-start=\"2720\" data-end=\"2748\">\n<p data-start=\"2722\" data-end=\"2748\">Warmwasserbereiter und Bel\u00fcftung<\/p>\n<\/li>\n<li data-start=\"2749\" data-end=\"2795\">\n<p data-start=\"2751\" data-end=\"2795\">\u00c9clairage LED, prises \u00e9lectriques, chauffage<\/p>\n<\/li>\n<\/ul>\n<p data-start=\"2797\" data-end=\"2924\">Einige Modelle integrieren zudem umweltfreundliche L\u00f6sungen wie die Grauwasseraufbereitung oder Solarbetrieb.<\/p>\n<h3 data-start=\"2931\" data-end=\"2996\">\ud83c\udfd5\ufe0f Einsatzbereiche von mobilen Toilettencontainern<\/h3>\n<p data-start=\"2998\" data-end=\"3072\">Der <strong data-start=\"3001\" data-end=\"3032\">Mobiler Toilettencontainer<\/strong> wird in vielen Bereichen eingesetzt:<\/p>\n<ul data-start=\"3074\" data-end=\"3501\">\n<li data-start=\"3074\" data-end=\"3167\">\n<p data-start=\"3076\" data-end=\"3167\"><strong data-start=\"3076\" data-end=\"3083\">Hoch- und Tiefbau<\/strong> : unverzichtbar auf Baustellen, um die Hygienestandards f\u00fcr Arbeiter einzuhalten.<\/p>\n<\/li>\n<li data-start=\"3168\" data-end=\"3241\">\n<p data-start=\"3170\" data-end=\"3241\"><strong data-start=\"3170\" data-end=\"3186\">Veranstaltungsbereich<\/strong> : f\u00fcr Festivals, Konzerte und Hochzeiten im Freien.<\/p>\n<\/li>\n<li data-start=\"3242\" data-end=\"3330\">\n<p data-start=\"3244\" data-end=\"3330\"><strong data-start=\"3244\" data-end=\"3273\">Gemeinden und Campingpl\u00e4tze<\/strong> : tempor\u00e4re oder dauerhafte Sanit\u00e4rl\u00f6sung.<\/p>\n<\/li>\n<li data-start=\"3331\" data-end=\"3413\">\n<p data-start=\"3333\" data-end=\"3413\"><strong data-start=\"3333\" data-end=\"3353\">Krisen- oder Katastrophengebiete<\/strong> : bei Naturkatastrophen oder humanit\u00e4ren Notf\u00e4llen.<\/p>\n<\/li>\n<li data-start=\"3414\" data-end=\"3501\">\n<p data-start=\"3416\" data-end=\"3501\"><strong data-start=\"3416\" data-end=\"3432\">Abgelegene Standorte<\/strong> : Milit\u00e4rbasen, landwirtschaftliche Betriebe, \u00dcberwachungsstationen.<\/p>\n<\/li>\n<\/ul>\n<h3 data-start=\"3508\" data-end=\"3549\">\ud83d\udce6 Schnelle Lieferung in ganz Frankreich und Deutschland<\/h3>\n<p data-start=\"3551\" data-end=\"3764\">Wir gew\u00e4hrleisten die <strong data-start=\"3568\" data-end=\"3643\">Wir gew\u00e4hrleisten die Lieferung Ihres mobilen Toilettencontainers innerhalb von 5 bis 10 Werktagen.<\/strong>, je nach Ihrem Standort. Unsere Spediteure sind daf\u00fcr ausger\u00fcstet, alle Modularten auch bei schwierigem Zugang zu handhaben.<\/p>\n<p data-start=\"3766\" data-end=\"3952\">Jeder Container wird anschlussfertig oder sofort einsatzbereit geliefert. Unsere Teams unterst\u00fctzen Sie auch bei der Installation vor Ort, der Wartung oder der individuellen Anpassung.<\/p>\n<h3 data-start=\"3959\" data-end=\"3999\">\u267b\ufe0f Eine umweltfreundliche und wirtschaftliche Wahl<\/h3>\n<p data-start=\"4001\" data-end=\"4347\">Sich f\u00fcr einen <strong data-start=\"4015\" data-end=\"4046\">Mobiler Toilettencontainer<\/strong>, bedeutet auch eine nachhaltige Entscheidung zu treffen. Unsere Module bestehen aus recycelten Containern und sind darauf ausgelegt, den Wasser- und Energieverbrauch zu minimieren. Es ist eine L\u00f6sung <strong data-start=\"4221\" data-end=\"4236\">verantwortungsvoll<\/strong>, kosteneffizient und umweltfreundlich \u2013 besonders geeignet f\u00fcr tempor\u00e4re oder saisonale Projekte.<\/p>\n<h3 data-start=\"4354\" data-end=\"4420\">\ud83d\uded2 Bestellen Sie noch heute Ihren mobilen Toilettencontainer<\/h3>\n<p data-start=\"4422\" data-end=\"4695\">Unser Team unterst\u00fctzt Sie bei der Auswahl des <strong data-start=\"4468\" data-end=\"4499\">Mobiler Toilettencontainer<\/strong> der auf Ihre spezifischen Anforderungen abgestimmt ist: Nutzeranzahl, Nutzungsdauer, technische oder \u00e4sthetische Vorgaben. Wir bieten au\u00dferdem <strong data-start=\"4647\" data-end=\"4669\">ma\u00dfgeschneiderte Modelle<\/strong>, modulare und skalierbare<\/p>\n<h2 data-start=\"4702\" data-end=\"4727\">\ud83d\udcac Brauchen Sie ein Angebot?<\/h2>\n<p data-start=\"4729\" data-end=\"4872\"><a href=\"https:\/\/www.contenora.com\/de\/nous-contacter\/\">Kontaktieren Sie uns<\/a> Fordern Sie jetzt ein individuelles Angebot an und entdecken Sie unsere verf\u00fcgbaren Modelle. Unsere Experten antworten Ihnen innerhalb von 24 Stunden.<\/p>\n<p data-start=\"4729\" data-end=\"4872\"><img fetchpriority=\"high\" decoding=\"async\" class=\"size-medium wp-image-2163 aligncenter\" src=\"https:\/\/www.contenora.com\/wp-content\/uploads\/2025\/06\/conteneur-toilette-mobille--300x225.jpg\" alt=\"Vue int\u00e9rieure d\u2019un conteneur toilettes mobiles \u00e9quip\u00e9 de WC et lavabos\" width=\"300\" height=\"225\" srcset=\"https:\/\/www.contenora.com\/wp-content\/uploads\/2025\/06\/conteneur-toilette-mobille--300x225.jpg 300w, https:\/\/www.contenora.com\/wp-content\/uploads\/2025\/06\/conteneur-toilette-mobille--1024x768.jpg 1024w, https:\/\/www.contenora.com\/wp-content\/uploads\/2025\/06\/conteneur-toilette-mobille--768x576.jpg 768w, https:\/\/www.contenora.com\/wp-content\/uploads\/2025\/06\/conteneur-toilette-mobille--1536x1152.jpg 1536w, https:\/\/www.contenora.com\/wp-content\/uploads\/2025\/06\/conteneur-toilette-mobille--16x12.jpg 16w, https:\/\/www.contenora.com\/wp-content\/uploads\/2025\/06\/conteneur-toilette-mobille--600x450.jpg 600w, https:\/\/www.contenora.com\/wp-content\/uploads\/2025\/06\/conteneur-toilette-mobille-.jpg 1600w\" sizes=\"(max-width: 300px) 100vw, 300px\" \/><\/p>\n<p data-start=\"4729\" data-end=\"4872\">Gem\u00e4\u00df den vom Staat festgelegten Hygienevorschriften (<a class=\"cursor-pointer\" href=\"https:\/\/www.service-public.fr\/professionnels-entreprises\/vosdroits\/F23575\" target=\"_new\" rel=\"noopener nofollow\" data-start=\"698\" data-end=\"789\">\u00f6ffentlicher Dienst<\/a>), Sanit\u00e4reinrichtungen sind auf jeder Baustelle vorgeschrieben.<\/p>","protected":false},"excerpt":{"rendered":"<p>Conteneur toilettes mobiles : La solution sanitaire pratique et modulable Conteneur toilettes mobiles\ud83d\udebd est la solution id\u00e9ale pour r\u00e9pondre aux besoins d\u2019hygi\u00e8ne temporaire ou durable dans les environnements sans installations sanitaires fixes. Con\u00e7u pour allier robustesse, mobilit\u00e9 et confort, ce type de conteneur am\u00e9nag\u00e9 offre une r\u00e9ponse efficace aux chantiers, \u00e9v\u00e9nements, campings, bases de vie [&hellip;]<\/p>\n","protected":false},"featured_media":2164,"comment_status":"open","ping_status":"closed","template":"","meta":[],"product_brand":[],"product_cat":[24],"product_tag":[],"class_list":{"0":"post-2162","1":"product","2":"type-product","3":"status-publish","4":"has-post-thumbnail","6":"product_cat-batiment-portable","8":"first","9":"instock","10":"sale","11":"shipping-taxable","12":"purchasable","13":"product-type-simple"},"jetpack_sharing_enabled":true,"_links":{"self":[{"href":"https:\/\/www.contenora.com\/de\/wp-json\/wp\/v2\/product\/2162","targetHints":{"allow":["GET"]}}],"collection":[{"href":"https:\/\/www.contenora.com\/de\/wp-json\/wp\/v2\/product"}],"about":[{"href":"https:\/\/www.contenora.com\/de\/wp-json\/wp\/v2\/types\/product"}],"replies":[{"embeddable":true,"href":"https:\/\/www.contenora.com\/de\/wp-json\/wp\/v2\/comments?post=2162"}],"wp:featuredmedia":[{"embeddable":true,"href":"https:\/\/www.contenora.com\/de\/wp-json\/wp\/v2\/media\/2164"}],"wp:attachment":[{"href":"https:\/\/www.contenora.com\/de\/wp-json\/wp\/v2\/media?parent=2162"}],"wp:term":[{"taxonomy":"product_brand","embeddable":true,"href":"https:\/\/www.contenora.com\/de\/wp-json\/wp\/v2\/product_brand?post=2162"},{"taxonomy":"product_cat","embeddable":true,"href":"https:\/\/www.contenora.com\/de\/wp-json\/wp\/v2\/product_cat?post=2162"},{"taxonomy":"product_tag","embeddable":true,"href":"https:\/\/www.contenora.com\/de\/wp-json\/wp\/v2\/product_tag?post=2162"}],"curies":[{"name":"wp","href":"https:\/\/api.w.org\/{rel}","templated":true}]}}