{"id":2145,"date":"2025-05-31T12:44:11","date_gmt":"2025-05-31T12:44:11","guid":{"rendered":"https:\/\/www.contenora.com\/?post_type=product&#038;p=2145"},"modified":"2025-05-31T13:08:07","modified_gmt":"2025-05-31T13:08:07","slug":"conteneur-bar-demontable-8x2-metres-une","status":"publish","type":"product","link":"https:\/\/www.contenora.com\/de\/product\/conteneur-bar-demontable-8x2-metres-une\/","title":{"rendered":"Zerlegbarer 26-Fu\u00df-Barcontainer: Die ideale und vielseitige L\u00f6sung f\u00fcr eine erfolgreiche Au\u00dfenbar"},"content":{"rendered":"<p data-start=\"356\" data-end=\"765\">Der <strong data-start=\"359\" data-end=\"387\">zerlegbarer Barcontainer<\/strong> Der zerlegbare 26-Fu\u00df-Barcontainer ist die ideale L\u00f6sung zur Schaffung eines originellen, mobilen und individuell gestaltbaren Verkaufs- oder Gastronomiebereichs. Er ist einfach aufzubauen, robust und \u00e4sthetisch \u2013 dieses Modul wurde speziell f\u00fcr die Anforderungen von Fachleuten im Eventbereich, der Schnellgastronomie, von Getr\u00e4nkest\u00e4nden oder Einrichtungen entwickelt, die einen tempor\u00e4ren oder dauerhaften Au\u00dfenservice anbieten m\u00f6chten.<\/p>\n<h3 data-start=\"767\" data-end=\"814\">Ein zerlegbarer Barcontainer \u2013 einsatzbereit und sofort verwendbar<\/h3>\n<p data-start=\"816\" data-end=\"1203\">F\u00fcr eine einfache und schnelle Nutzung konzipiert, ist dieser <strong data-start=\"864\" data-end=\"892\">zerlegbarer Barcontainer<\/strong> F\u00fcr eine einfache und schnelle Nutzung konzipiert, besteht dieser aus zwei Modulen \u00e0 4\u00d72 Meter, die mittels eines dichten Verbindungskits zusammengesetzt werden. Das Ganze ergibt einen gro\u00dfen Raum von 8\u00d72 Metern ohne Innenw\u00e4nde \u2013 f\u00fcr eine flie\u00dfende und ergonomische Raumgestaltung. Mit seiner <strong data-start=\"1096\" data-end=\"1131\">vollst\u00e4ndig zerlegbaren Struktur<\/strong>Mit seiner vollst\u00e4ndig zerlegbaren Struktur l\u00e4sst er sich je nach Projekt leicht aufbauen, versetzen oder einlagern.<\/p>\n<p data-start=\"1205\" data-end=\"1483\">Die Au\u00dfenma\u00dfe des Containers betragen 7767 \u00d7 2142 \u00d7 2088 mm, mit einem Innenraum von 7612 \u00d7 2062 \u00d7 1950 mm. Die \u00d6ffnungen messen 1750 \u00d7 1850 mm und gew\u00e4hrleisten eine optimale Zug\u00e4nglichkeit. F\u00fcr Sicherheit sorgen verst\u00e4rkte Verschl\u00fcsse an jeder \u00d6ffnung.<\/p>\n<h3 data-start=\"1485\" data-end=\"1537\">Ein vielseitig nutzbarer Raum f\u00fcr den professionellen Einsatz<\/h3>\n<p data-start=\"1539\" data-end=\"1641\">Dank seiner modularen Bauweise ist dieser <strong data-start=\"1578\" data-end=\"1606\">zerlegbarer Barcontainer<\/strong> kann f\u00fcr viele Zwecke verwendet werden:<\/p>\n<ul data-start=\"1643\" data-end=\"1836\">\n<li data-start=\"1643\" data-end=\"1687\">\n<p data-start=\"1645\" data-end=\"1687\"><strong data-start=\"1645\" data-end=\"1674\">Tempor\u00e4re oder permanente Bar<\/strong> im Au\u00dfenbereich<\/p>\n<\/li>\n<li data-start=\"1688\" data-end=\"1720\">\n<p data-start=\"1690\" data-end=\"1720\"><strong data-start=\"1690\" data-end=\"1720\">Mobiler Imbiss oder Food-Court<\/strong><\/p>\n<\/li>\n<li data-start=\"1721\" data-end=\"1754\">\n<p data-start=\"1723\" data-end=\"1754\"><strong data-start=\"1723\" data-end=\"1754\">Mobiler Verkaufsstand f\u00fcr Veranstaltungen<\/strong><\/p>\n<\/li>\n<li data-start=\"1755\" data-end=\"1792\">\n<p data-start=\"1757\" data-end=\"1792\"><strong data-start=\"1757\" data-end=\"1792\">Empfangsbereich oder Kassenh\u00e4uschen<\/strong><\/p>\n<\/li>\n<li data-start=\"1793\" data-end=\"1836\">\n<p data-start=\"1795\" data-end=\"1836\"><strong data-start=\"1795\" data-end=\"1836\">Sichere Lagerung auf tempor\u00e4ren Einsatzorten<\/strong><\/p>\n<\/li>\n<\/ul>\n<p data-start=\"1838\" data-end=\"2130\">Eine Seite kann als Bar und die andere als K\u00fcche oder Lagerbereich eingerichtet werden \u2013 f\u00fcr einen effizienten Service in stark frequentierten Bereichen. Sein industrielles Design verleiht ihm einen modernen und attraktiven Look, der perfekt zu Festivals, Open-Air-M\u00e4rkten, privaten Str\u00e4nden oder Rooftop-Locations passt.<\/p>\n<h3 data-start=\"2132\" data-end=\"2169\">Einfache und schnelle Montage<\/h3>\n<p data-start=\"2171\" data-end=\"2560\">Einer der Hauptvorteile des <strong data-start=\"2201\" data-end=\"2229\">zerlegbarer Barcontainer<\/strong> est sa facilit\u00e9 d\u2019installation. Enti\u00e8rement d\u00e9montable, il peut \u00eatre transport\u00e9 en kit et assembl\u00e9 sur place sans engins lourds. Son poids total est d\u2019environ 460 kg, avec un \u00e9l\u00e9ment le plus lourd (le sol) pesant 140 kg. Cela permet une logistique simplifi\u00e9e, id\u00e9ale pour les \u00e9v\u00e9nements itin\u00e9rants ou les lieux difficiles d\u2019acc\u00e8s.<\/p>\n<h3 data-start=\"2562\" data-end=\"2615\">Ein optimiertes Design f\u00fcr Komfort und Sicherhei<\/h3>\n<p data-start=\"2617\" data-end=\"3019\">Der <strong data-start=\"2620\" data-end=\"2648\">zerlegbarer Barcontainer<\/strong> Er ist so konzipiert, dass er wetterfest ist und den Nutzern maximalen Komfort bietet. Die verwendeten Materialien sorgen f\u00fcr eine hervorragende Langlebigkeit. Das dichte Verbindungskit gew\u00e4hrleistet Schutz vor Feuchtigkeit \u2013 auch bei Regen. Alle \u00d6ffnungen k\u00f6nnen nach Gesch\u00e4ftsschluss gesichert werden, um Diebstahl oder Vandalismus zu vermeiden.<\/p>\n<p data-start=\"3021\" data-end=\"3201\">Der Innenraum kann ebenfalls individuell gestaltet werden \u2013 mit Regalen, K\u00fchlschr\u00e4nken, einer Arbeitsfl\u00e4che oder sogar einem Edelstahltresen \u2013 ganz nach den spezifischen Anforderungen Ihres Gesch\u00e4fts.<\/p>\n<h3 data-start=\"3208\" data-end=\"3258\">Warum einen zerlegbaren Barcontainer w\u00e4hlen?<\/h3>\n<p data-start=\"0\" data-end=\"166\">W\u00e4hlen ein <strong data-start=\"11\" data-end=\"39\">zerlegbarer Barcontainer<\/strong>bedeutet, sich f\u00fcr eine moderne, praktische und kosteng\u00fcnstige L\u00f6sung zu entscheiden. Hier sind die wichtigsten Gr\u00fcnde, warum er die ideale Wahl ist:<\/p>\n<h3 data-start=\"168\" data-end=\"196\">\u2705 1. <strong data-start=\"177\" data-end=\"196\">Volle Mobilit\u00e4t<\/strong><\/h3>\n<p data-start=\"197\" data-end=\"440\">Ein zerlegbarer Barcontainer l\u00e4sst sich leicht transportieren und an verschiedenen Standorten aufstellen \u2013 sei es auf Festivals, M\u00e4rkten, privaten Events, an Str\u00e4nden usw. Er passt sich Ihren Bed\u00fcrfnissen an und kann je nach Saison oder gesch\u00e4ftlicher Gelegenheit flexibel versetzt werden.<\/p>\n<h3 data-start=\"442\" data-end=\"482\">\u2705 2. <strong data-start=\"451\" data-end=\"482\">Schneller Auf- und Abbau<\/strong><\/h3>\n<p data-start=\"483\" data-end=\"693\">Dank seiner f\u00fcr den Selbstaufbau konzipierten Struktur l\u00e4sst sich dieser Containertyp innerhalb weniger Stunden aufbauen \u2013 ganz ohne Kran oder aufwendige Bauarbeiten. Er kann ebenso leicht demontiert und zwischen zwei Eins\u00e4tzen eingelagert werden.<\/p>\n<h3 data-start=\"695\" data-end=\"733\">\u2705 3. <strong data-start=\"704\" data-end=\"733\">Zeit- und Kostenersparnis<\/strong><\/h3>\n<p data-start=\"734\" data-end=\"960\">Im Gegensatz zu herk\u00f6mmlichen Bauweisen ist in den meisten F\u00e4llen keine Baugenehmigung erforderlich, und es fallen keine teuren Bauarbeiten an. Es handelt sich um eine schl\u00fcsselfertige L\u00f6sung, die sowohl Zeit als auch Kosten erheblich reduziert.<\/p>\n<h3 data-start=\"962\" data-end=\"1008\">\u2705 4. <strong data-start=\"971\" data-end=\"1008\">Modernes und individuell gestaltbares Design<\/strong><\/h3>\n<p data-start=\"1009\" data-end=\"1216\">Mit seinem angesagten Industriedesign zieht der zerlegbare Barcontainer alle Blicke auf sich. Er kann gestrichen, verkleidet, dekoriert und ganz nach Ihrer Markenidentit\u00e4t gestaltet werden, um Ihren Kunden ein einzigartiges Erlebnis zu bieten.<\/p>\n<h3 data-start=\"1218\" data-end=\"1256\">\u2705 5. <strong data-start=\"1227\" data-end=\"1256\">Vielseitige Einsatzm\u00f6glichkeiten<\/strong><\/h3>\n<p data-start=\"1257\" data-end=\"1286\">Dieser Container kann verwendet werden als:<\/p>\n<ul data-start=\"1287\" data-end=\"1424\">\n<li data-start=\"1287\" data-end=\"1304\">\n<p data-start=\"1289\" data-end=\"1304\">Cocktailbar<\/p>\n<\/li>\n<li data-start=\"1305\" data-end=\"1331\">\n<p data-start=\"1307\" data-end=\"1331\">Imbissstand oder station\u00e4rer Foodtruck<\/p>\n<\/li>\n<li data-start=\"1332\" data-end=\"1357\">\n<p data-start=\"1334\" data-end=\"1357\">Pop-up-Verkaufsstand<\/p>\n<\/li>\n<li data-start=\"1358\" data-end=\"1395\">\n<p data-start=\"1360\" data-end=\"1395\">Ticketverkauf oder Event-Empfang<\/p>\n<\/li>\n<li data-start=\"1396\" data-end=\"1424\">\n<p data-start=\"1398\" data-end=\"1424\">Sicherer Lagerbereich<\/p>\n<\/li>\n<\/ul>\n<p data-start=\"1426\" data-end=\"1531\">Sie k\u00f6nnen ihn multifunktional nutzen und an verschiedene gesch\u00e4ftliche Aktivit\u00e4ten anpassen.<\/p>\n<h3 data-start=\"1533\" data-end=\"1568\">\u2705 6. <strong data-start=\"1542\" data-end=\"1568\">Robustheit und Sicherheit<\/strong><\/h3>\n<p data-start=\"1569\" data-end=\"1790\">Hergestellt aus robusten Materialien, ist der Container wetterbest\u00e4ndig und sch\u00fctzt Ihre Ausr\u00fcstung zuverl\u00e4ssig. Die \u00d6ffnungen sind mit stabilen Verschl\u00fcssen gesichert, sodass Sie Ihre Bar beruhigt abschlie\u00dfen k\u00f6nnen.<\/p>\n<h3 data-start=\"1792\" data-end=\"1831\">\u2705 7. <strong data-start=\"1801\" data-end=\"1831\">Umweltfreundlichkeit<\/strong><\/h3>\n<p data-start=\"1832\" data-end=\"1904\" data-is-last-node=\"\" data-is-only-node=\"\">Durch die Wiederverwendung bestehender oder zerlegbarer Strukturen reduzieren Sie den \u00f6kologischen Fu\u00dfabdruck Ihres Projekts.<\/p>\n<h3 data-start=\"3738\" data-end=\"3767\">Schnelle Lieferzeit<\/h3>\n<p data-start=\"3769\" data-end=\"4002\">Ihr <strong data-start=\"3775\" data-end=\"3803\">zerlegbarer Barcontainer<\/strong> wird innerhalb von \u2026 vorbereitet und versendet <strong data-start=\"3832\" data-end=\"3855\">5 bis 10 Werktage<\/strong>Je nach Ihrem Standort. Dank der optimierten Verpackung kann er problemlos per Lkw transportiert und sofort nach Anlieferung ohne Verz\u00f6gerung aufgebaut werden.<\/p>\n<p>\ud83d\udc49 Informieren Sie sich \u00fcber Normen und Empfehlungen f\u00fcr tempor\u00e4re Bars auf der Website des <a href=\"https:\/\/www.economie.gouv.fr\/\" rel=\"nofollow noopener\" target=\"_blank\">Wirtschaftsministerium \u2013 Tempor\u00e4re gewerbliche Aktivit\u00e4ten<\/a><\/p>\n<p>\ud83d\udc49 <a href=\"https:\/\/www.contenora.com\/de\/categorie\/batiment-portable\/\">Alle unsere ausgebauten Container ansehen<\/a><\/p>\n<p><img fetchpriority=\"high\" decoding=\"async\" class=\"size-medium wp-image-2146 aligncenter\" src=\"https:\/\/www.contenora.com\/wp-content\/uploads\/2025\/05\/Conteneur-a-bar-demontable-a-300x300.webp\" alt=\"conteneur bar d\u00e9montable 8x2 m\u00e8tres assembl\u00e9 sur un site \u00e9v\u00e9nementiel\" width=\"300\" height=\"300\" srcset=\"https:\/\/www.contenora.com\/wp-content\/uploads\/2025\/05\/Conteneur-a-bar-demontable-a-300x300.webp 300w, https:\/\/www.contenora.com\/wp-content\/uploads\/2025\/05\/Conteneur-a-bar-demontable-a-150x150.webp 150w, https:\/\/www.contenora.com\/wp-content\/uploads\/2025\/05\/Conteneur-a-bar-demontable-a-768x768.webp 768w, https:\/\/www.contenora.com\/wp-content\/uploads\/2025\/05\/Conteneur-a-bar-demontable-a-12x12.webp 12w, https:\/\/www.contenora.com\/wp-content\/uploads\/2025\/05\/Conteneur-a-bar-demontable-a-600x600.webp 600w, https:\/\/www.contenora.com\/wp-content\/uploads\/2025\/05\/Conteneur-a-bar-demontable-a-100x100.webp 100w, https:\/\/www.contenora.com\/wp-content\/uploads\/2025\/05\/Conteneur-a-bar-demontable-a.webp 800w\" sizes=\"(max-width: 300px) 100vw, 300px\" \/><\/p>","protected":false},"excerpt":{"rendered":"<p>Le conteneur bar d\u00e9montable de 26 pieds est la solution id\u00e9ale pour cr\u00e9er un espace de vente ou de restauration original, mobile, et personnalisable. Facile \u00e0 monter, solide et esth\u00e9tique, ce module est con\u00e7u pour r\u00e9pondre aux besoins des professionnels de l\u2019\u00e9v\u00e9nementiel, de la restauration rapide, des buvettes ou encore des \u00e9tablissements souhaitant proposer un [&hellip;]<\/p>\n","protected":false},"featured_media":2148,"comment_status":"open","ping_status":"closed","template":"","meta":[],"product_brand":[],"product_cat":[24],"product_tag":[],"class_list":{"0":"post-2145","1":"product","2":"type-product","3":"status-publish","4":"has-post-thumbnail","6":"product_cat-batiment-portable","8":"first","9":"instock","10":"sale","11":"shipping-taxable","12":"purchasable","13":"product-type-simple"},"jetpack_sharing_enabled":true,"_links":{"self":[{"href":"https:\/\/www.contenora.com\/de\/wp-json\/wp\/v2\/product\/2145","targetHints":{"allow":["GET"]}}],"collection":[{"href":"https:\/\/www.contenora.com\/de\/wp-json\/wp\/v2\/product"}],"about":[{"href":"https:\/\/www.contenora.com\/de\/wp-json\/wp\/v2\/types\/product"}],"replies":[{"embeddable":true,"href":"https:\/\/www.contenora.com\/de\/wp-json\/wp\/v2\/comments?post=2145"}],"wp:featuredmedia":[{"embeddable":true,"href":"https:\/\/www.contenora.com\/de\/wp-json\/wp\/v2\/media\/2148"}],"wp:attachment":[{"href":"https:\/\/www.contenora.com\/de\/wp-json\/wp\/v2\/media?parent=2145"}],"wp:term":[{"taxonomy":"product_brand","embeddable":true,"href":"https:\/\/www.contenora.com\/de\/wp-json\/wp\/v2\/product_brand?post=2145"},{"taxonomy":"product_cat","embeddable":true,"href":"https:\/\/www.contenora.com\/de\/wp-json\/wp\/v2\/product_cat?post=2145"},{"taxonomy":"product_tag","embeddable":true,"href":"https:\/\/www.contenora.com\/de\/wp-json\/wp\/v2\/product_tag?post=2145"}],"curies":[{"name":"wp","href":"https:\/\/api.w.org\/{rel}","templated":true}]}}