{"id":2130,"date":"2025-05-31T12:04:55","date_gmt":"2025-05-31T12:04:55","guid":{"rendered":"https:\/\/www.contenora.com\/?post_type=product&#038;p=2130"},"modified":"2025-05-31T12:04:55","modified_gmt":"2025-05-31T12:04:55","slug":"piscine-conteneur-de-6-metres-design-com","status":"publish","type":"product","link":"https:\/\/www.contenora.com\/de\/product\/piscine-conteneur-de-6-metres-design-com\/","title":{"rendered":"6-Meter-Container-Pool \u2013 Kompaktes Design und schnelle Installation"},"content":{"rendered":"<p data-start=\"334\" data-end=\"897\">Die <strong data-start=\"337\" data-end=\"370\">6-Meter-Container-Pool<\/strong> Es ist eine wahre Revolution im Bereich der privaten Schwimmb\u00e4der. Aus einem recycelten Seecontainer gefertigt, vereint es Modernit\u00e4t, Praktikabilit\u00e4t und Umweltbewusstsein. Dank seines kompakten Formats passt dieses Schwimmbad perfekt in kleine und mittelgro\u00dfe G\u00e4rten und bietet gleichzeitig einen angenehmen, funktionalen und modernen Badebereich. Sein Erfolg w\u00e4chst stetig \u2013 sowohl bei Privatpersonen als auch bei Unternehmen, die von seinem zeitgen\u00f6ssischen Design, der schnellen Installation und den vielf\u00e4ltigen Personalisierungsoptionen begeistert sind.<\/p>\n<h3 data-start=\"899\" data-end=\"955\">Warum einen 6-Meter-Container-Pool w\u00e4hlen?<\/h3>\n<p data-start=\"957\" data-end=\"1337\">Sich f\u00fcr eine entscheiden <strong data-start=\"969\" data-end=\"1002\">6-Meter-Container-Pool<\/strong>bedeutet die Wahl eines sofort einsatzbereiten Beckens ohne die typischen Nachteile herk\u00f6mmlicher Schwimmbecken. Schl\u00fcsselfertig geliefert, ist dieses Schwimmbad komplett ausgestattet, verkleidet und dicht ab Werk. Es kann installiert werden <strong data-start=\"1230\" data-end=\"1242\">aufgestellt<\/strong>, <strong data-start=\"1244\" data-end=\"1261\">halb eingebaut<\/strong> oder <strong data-start=\"1265\" data-end=\"1277\">eingelassen<\/strong>, Je nach Gel\u00e4ndekonfiguration und individuellen W\u00fcnschen.<\/p>\n<p data-start=\"1339\" data-end=\"1667\">Seine L\u00e4nge von 6 Metern ist perfekt an begrenzte Au\u00dfenfl\u00e4chen, Stadtg\u00e4rten oder Hanglagen angepasst. Sie k\u00f6nnen darin schwimmen, Wasserspiele genie\u00dfen oder einfach entspannen. Es ist eine kosteng\u00fcnstige und schnell zu installierende Alternative, um das ganze Jahr \u00fcber den Wasserspa\u00df zu genie\u00dfen.<\/p>\n<h3 data-start=\"1669\" data-end=\"1734\">Eine umweltbewusste Wahl mit dem 6-Meter-Container-Pool<\/h3>\n<p data-start=\"1736\" data-end=\"2102\">Einer der gr\u00f6\u00dften Vorteile von <strong data-start=\"1770\" data-end=\"1803\">6-Meter-Container-Pool<\/strong> Ihr gr\u00f6\u00dfter Vorteil ist ihr \u00f6kologisches Engagement. Durch die Verwendung eines alten Seecontainers wird einer robusten Industrie-Struktur ein zweites Leben gegeben, wodurch der Verbrauch neuer Materialien vermieden wird. Dieses Konzept erm\u00f6glicht es, die Umweltbelastung zu reduzieren und gleichzeitig ein langlebiges und widerstandsf\u00e4higes Produkt zu erhalten.<\/p>\n<p data-start=\"2104\" data-end=\"2484\">Der Container wird anschlie\u00dfend mit hochwertigen Materialien ausgestattet, wie einer Verkleidung aus Naturholz, Verbundwerkstoff oder PVC, die ihm ein ansprechendes Finish verleiht. Viele Modelle sind zudem ausgestattet mit <strong data-start=\"2310\" data-end=\"2355\">stromsparende Filtersysteme<\/strong> und k\u00f6nnen integrieren <strong data-start=\"2376\" data-end=\"2414\">Solare Heizl\u00f6sungen<\/strong>, f\u00fcr ein Schwimmbad, das sowohl wirtschaftlich als auch umweltfreundlich ist.<\/p>\n<h3 data-start=\"2486\" data-end=\"2528\">Eine schnelle und problemlose Installation<\/h3>\n<p data-start=\"2530\" data-end=\"2923\">Die <strong data-start=\"2533\" data-end=\"2566\">6-Meter-Container-Pool<\/strong> Sie hat den Vorteil, schnell umgesetzt zu werden. Im Gegensatz zu herk\u00f6mmlichen eingelassenen Schwimmb\u00e4dern, die mehrere Wochen Bauzeit ben\u00f6tigen, wird dieses Schwimmbad vormontiert und einsatzbereit geliefert. Sobald es auf einer ebenen und stabilisierten Fl\u00e4che installiert ist, k\u00f6nnen Sie es innerhalb von 24 bis 48 Stunden nutzen \u2013 in den meisten F\u00e4llen ist keine Baugenehmigung erforderlich.<\/p>\n<p data-start=\"2925\" data-end=\"2999\">Je nach Modell und Ihren Vorlieben kann sie mit verschiedenen Ausstattungen versehen werden:<\/p>\n<ul data-start=\"3001\" data-end=\"3302\">\n<li data-start=\"3001\" data-end=\"3057\">\n<p data-start=\"3003\" data-end=\"3057\">Vollst\u00e4ndiges Filtersystem mit ger\u00e4uschloser Pumpe<\/p>\n<\/li>\n<li data-start=\"3058\" data-end=\"3112\">\n<p data-start=\"3060\" data-end=\"3112\">Heizung durch W\u00e4rmepumpe oder Solarpaneele<\/p>\n<\/li>\n<li data-start=\"3113\" data-end=\"3149\">\n<p data-start=\"3115\" data-end=\"3149\">Edelstahlleiter oder integrierte Treppe<\/p>\n<\/li>\n<li data-start=\"3150\" data-end=\"3191\">\n<p data-start=\"3152\" data-end=\"3191\">Verst\u00e4rkter Liner oder verst\u00e4rkte PVC-Beschichtung<\/p>\n<\/li>\n<li data-start=\"3192\" data-end=\"3239\">\n<p data-start=\"3194\" data-end=\"3239\">Wasserdichte LED-Spots f\u00fcr n\u00e4chtliches Schwimmen<\/p>\n<\/li>\n<li data-start=\"3240\" data-end=\"3302\">\n<p data-start=\"3242\" data-end=\"3302\">Beckenr\u00e4nder individuell an Ihre Au\u00dfendekoration anpassbar<\/p>\n<\/li>\n<\/ul>\n<h3 data-start=\"3304\" data-end=\"3361\">Ein mobiler und wandelbarer 6-Meter-Container-Pool<\/h3>\n<p data-start=\"3363\" data-end=\"3718\">Die <strong data-start=\"3366\" data-end=\"3399\">6-Meter-Container-Pool<\/strong> ist ebenfalls mobil. Wenn Sie umziehen oder den Standort \u00e4ndern m\u00f6chten, kann sie problemlos mit einem Kranwagen transportiert werden. Diese Eigenschaft macht sie ideal f\u00fcr <strong data-start=\"3585\" data-end=\"3611\">Saisonvermietungen<\/strong>, Saisonvermietungen, Veranstaltungen oder au\u00dfergew\u00f6hnliche Unterk\u00fcnfte. Sie investieren in eine langlebige, aber flexible Ausstattung.<\/p>\n<p data-start=\"3720\" data-end=\"3976\">Au\u00dferdem k\u00f6nnen Sie den Pool im Laufe der Zeit mit verschiedenen Optionen verbessern: Hinzuf\u00fcgen eines Gegenstromsystems, eines motorisierten Rollladens, einer Holzterrasse oder sogar eines Smart-Home-Systems zur Fernsteuerung von Temperatur und Beleuchtung.<\/p>\n<h3 data-start=\"3978\" data-end=\"4015\">Sicherheit und Normenkonformit\u00e4t<\/h3>\n<p data-start=\"4017\" data-end=\"4313\">Sicherheit ist ein wesentlicher Aspekt bei der Gestaltung eines <strong data-start=\"4077\" data-end=\"4110\">6-Meter-Container-Pool<\/strong>. Alle Modelle m\u00fcssen die franz\u00f6sischen Sicherheitsnormen f\u00fcr private Schwimmb\u00e4der (NF P90-306 bis 309) erf\u00fcllen, einschlie\u00dflich Absturzsicherungen, Unterwasseralarmen oder festen Abdeckungen.<\/p>\n<p data-start=\"4315\" data-end=\"4582\">Vor der Installation wird empfohlen, den st\u00e4dtischen Bauamt Ihrer Gemeinde zu konsultieren. Da es sich jedoch bei den meisten oberirdischen Schwimmbecken unter 10 m\u00b2 um handelt, ist die <strong data-start=\"4481\" data-end=\"4514\">6-Meter-Container-Pool<\/strong> ist in den meisten F\u00e4llen keine vorherige Genehmigung erforderlich.<\/p>\n<h3 data-start=\"4584\" data-end=\"4628\">Eine rentable und wertsteigernde Investition<\/h3>\n<p data-start=\"4630\" data-end=\"4925\">Neben der \u00c4sthetik und Funktionalit\u00e4t ist die <strong data-start=\"4677\" data-end=\"4710\">6-Meter-Container-Pool<\/strong> eine strategische Investition. Sie kostet in der Regel <strong data-start=\"4770\" data-end=\"4807\">weniger als ein eingelassenes Schwimmbad<\/strong> und bietet dennoch einen vergleichbaren Komfort. Der Preis variiert zwischen <strong data-start=\"4868\" data-end=\"4894\">zwischen 10.000 und 25.000 Euro<\/strong> je nach gew\u00e4hlten Ausstattungen.<\/p>\n<p data-start=\"4927\" data-end=\"5191\">Sie erm\u00f6glicht es, Ihre Immobilie aufzuwerten, mehr Kunden im Rahmen von Saisonvermietungen anzuziehen oder Ihren G\u00e4sten, wenn Sie ein Ferienhaus oder Bed &amp; Breakfast betreiben, einen Premium-Service zu bieten. Der Pool wird zu einem echten <strong data-start=\"5163\" data-end=\"5190\">ein Unterscheidungsmerkmal<\/strong>.<\/p>\n<p data-start=\"4927\" data-end=\"5191\"><img fetchpriority=\"high\" decoding=\"async\" class=\"wp-image-2133 aligncenter\" src=\"https:\/\/www.contenora.com\/wp-content\/uploads\/2025\/05\/Piscine-plongee-de-6-m-a-225x300.jpg\" alt=\"Vue en hauteur d'une piscine conteneur de 6 m\u00e8tres en acier, avec terrasse et escalier d'acc\u00e8s int\u00e9gr\u00e9.\" width=\"307\" height=\"410\" srcset=\"https:\/\/www.contenora.com\/wp-content\/uploads\/2025\/05\/Piscine-plongee-de-6-m-a-225x300.jpg 225w, https:\/\/www.contenora.com\/wp-content\/uploads\/2025\/05\/Piscine-plongee-de-6-m-a-9x12.jpg 9w, https:\/\/www.contenora.com\/wp-content\/uploads\/2025\/05\/Piscine-plongee-de-6-m-a-300x400.jpg 300w, https:\/\/www.contenora.com\/wp-content\/uploads\/2025\/05\/Piscine-plongee-de-6-m-a-600x800.jpg 600w, https:\/\/www.contenora.com\/wp-content\/uploads\/2025\/05\/Piscine-plongee-de-6-m-a.jpg 720w\" sizes=\"(max-width: 307px) 100vw, 307px\" \/><\/p>\n<p data-start=\"4927\" data-end=\"5191\">\ud83d\udc49Sie k\u00f6nnen alle unsere verf\u00fcgbaren Modelle hier einsehen:\u00a0<a class=\"cursor-pointer\" href=\"https:\/\/www.contenora.com\/de\/nos-conteneurs\/\" target=\"_new\" rel=\"noopener\" data-start=\"4096\" data-end=\"4188\">Alle unsere Container ansehen<\/a><\/p>\n<p data-start=\"4927\" data-end=\"5191\">\ud83d\udc49 Um mehr \u00fcber \u00f6kologische Best Practices im Zusammenhang mit Schwimmb\u00e4dern zu erfahren, besuchen Sie die offizielle Website des <a class=\"cursor-pointer\" href=\"https:\/\/www.ecologie.gouv.fr\/piscines-et-gestion-eau\" target=\"_new\" rel=\"noopener nofollow\" data-start=\"107\" data-end=\"217\">Ministerium f\u00fcr Umwelt \u2013 Schwimmb\u00e4der und Wasserwirtschaft<\/a>.<\/p>","protected":false},"excerpt":{"rendered":"<p>La piscine conteneur de 6 m\u00e8tres est une v\u00e9ritable r\u00e9volution dans l\u2019univers des piscines priv\u00e9es. Con\u00e7ue \u00e0 partir d\u2019un conteneur maritime recycl\u00e9, elle allie modernit\u00e9, praticit\u00e9 et \u00e9coresponsabilit\u00e9. Gr\u00e2ce \u00e0 son format compact, cette piscine s\u2019adapte parfaitement aux petits et moyens jardins tout en offrant un espace de baignade agr\u00e9able, fonctionnel et tendance. Son succ\u00e8s [&hellip;]<\/p>\n","protected":false},"featured_media":2131,"comment_status":"open","ping_status":"closed","template":"","meta":[],"product_brand":[],"product_cat":[24],"product_tag":[],"class_list":{"0":"post-2130","1":"product","2":"type-product","3":"status-publish","4":"has-post-thumbnail","6":"product_cat-batiment-portable","8":"first","9":"instock","10":"sale","11":"shipping-taxable","12":"purchasable","13":"product-type-simple"},"jetpack_sharing_enabled":true,"_links":{"self":[{"href":"https:\/\/www.contenora.com\/de\/wp-json\/wp\/v2\/product\/2130","targetHints":{"allow":["GET"]}}],"collection":[{"href":"https:\/\/www.contenora.com\/de\/wp-json\/wp\/v2\/product"}],"about":[{"href":"https:\/\/www.contenora.com\/de\/wp-json\/wp\/v2\/types\/product"}],"replies":[{"embeddable":true,"href":"https:\/\/www.contenora.com\/de\/wp-json\/wp\/v2\/comments?post=2130"}],"wp:featuredmedia":[{"embeddable":true,"href":"https:\/\/www.contenora.com\/de\/wp-json\/wp\/v2\/media\/2131"}],"wp:attachment":[{"href":"https:\/\/www.contenora.com\/de\/wp-json\/wp\/v2\/media?parent=2130"}],"wp:term":[{"taxonomy":"product_brand","embeddable":true,"href":"https:\/\/www.contenora.com\/de\/wp-json\/wp\/v2\/product_brand?post=2130"},{"taxonomy":"product_cat","embeddable":true,"href":"https:\/\/www.contenora.com\/de\/wp-json\/wp\/v2\/product_cat?post=2130"},{"taxonomy":"product_tag","embeddable":true,"href":"https:\/\/www.contenora.com\/de\/wp-json\/wp\/v2\/product_tag?post=2130"}],"curies":[{"name":"wp","href":"https:\/\/api.w.org\/{rel}","templated":true}]}}