{"id":2124,"date":"2025-05-31T07:09:30","date_gmt":"2025-05-31T07:09:30","guid":{"rendered":"https:\/\/www.contenora.com\/?post_type=product&#038;p=2124"},"modified":"2025-06-02T14:39:42","modified_gmt":"2025-06-02T14:39:42","slug":"conteneur-20-pieds-porte-roulantes","status":"publish","type":"product","link":"https:\/\/www.contenora.com\/de\/product\/conteneur-20-pieds-porte-roulantes\/","title":{"rendered":"20-Fu\u00df-Container mit Rolltoren: die praktische und sichere Lagerl\u00f6sung"},"content":{"rendered":"<p data-start=\"218\" data-end=\"553\">Der <strong data-start=\"221\" data-end=\"259\">20-Fu\u00df-Container mit Rolltoren<\/strong> ist die ideale L\u00f6sung f\u00fcr Profis und Privatpersonen, die nach einem ger\u00e4umigen, sicheren und leicht zug\u00e4nglichen Lagerraum suchen. Dank seiner gro\u00dfen <strong data-start=\"421\" data-end=\"439\">Rolltor<\/strong>,Diese Containerart erleichtert die Be- und Entladevorg\u00e4nge, auch bei sperrigen Gegenst\u00e4nden.<\/p>\n<p data-start=\"555\" data-end=\"892\">Dieses Modell wird aus einem 20-Fu\u00df-Seecontainer gefertigt, der speziell an die Anforderungen von Baustellen, Werkst\u00e4tten, landwirtschaftlichen Betrieben, Gesch\u00e4ften oder Garagen angepasst wurde. Ob Sie ein tempor\u00e4res Lager oder eine dauerhafte L\u00f6sung ben\u00f6tigen, der <strong data-start=\"818\" data-end=\"856\">20-Fu\u00df-Container mit Rolltoren<\/strong> ist eine vielseitige und robuste Wahl.<\/p>\n<h2 data-start=\"899\" data-end=\"958\">Warum einen 20-Fu\u00df-Container mit Rolltoren w\u00e4hlen?<\/h2>\n<p data-start=\"960\" data-end=\"1034\">Der <strong data-start=\"963\" data-end=\"1001\">20-Fu\u00df-Container mit Rolltoren<\/strong> ietet zahlreiche Vorteile:<\/p>\n<ul data-start=\"1036\" data-end=\"1375\">\n<li data-start=\"1036\" data-end=\"1087\">\n<p data-start=\"1038\" data-end=\"1087\"><strong data-start=\"1038\" data-end=\"1067\">Gro\u00dfe Front\u00f6ffnung<\/strong> f\u00fcr erleichterten Zugang<\/p>\n<\/li>\n<li data-start=\"1088\" data-end=\"1165\">\n<p data-start=\"1090\" data-end=\"1165\"><strong data-start=\"1090\" data-end=\"1119\">Struktur aus Cortenstahl<\/strong> hochwiderstandsf\u00e4hig gegen Witterungseinfl\u00fcsse und St\u00f6\u00dfe<\/p>\n<\/li>\n<li data-start=\"1166\" data-end=\"1233\">\n<p data-start=\"1168\" data-end=\"1233\"><strong data-start=\"1168\" data-end=\"1190\">Erh\u00f6hte Sicherheit<\/strong> dank einer abschlie\u00dfbaren Metallt\u00fcr<\/p>\n<\/li>\n<li data-start=\"1234\" data-end=\"1305\">\n<p data-start=\"1236\" data-end=\"1305\"><strong data-start=\"1236\" data-end=\"1248\">Mobilit\u00e4t<\/strong> : kann leicht mit einem Kranwagen bewegt werden<\/p>\n<\/li>\n<li data-start=\"1306\" data-end=\"1375\">\n<p data-start=\"1308\" data-end=\"1375\"><strong data-start=\"1308\" data-end=\"1327\">Anpassbar<\/strong> : Elektrik, Regale, Bel\u00fcftung, Isolierung<\/p>\n<\/li>\n<\/ul>\n<p data-start=\"1377\" data-end=\"1526\">Dieser Containertyp wird besonders gesch\u00e4tzt in Situationen, in denen regelm\u00e4\u00dfig und mit minimalem Aufwand auf den Inhalt zugegriffen werden muss.<\/p>\n<h2 data-start=\"1533\" data-end=\"1597\">Ein robuster und langlebiger 20-Fu\u00df-Container mit Rolltor<\/h2>\n<p data-start=\"1599\" data-end=\"1904\">Hergestellt aus Cortenstahl, der <strong data-start=\"1628\" data-end=\"1666\">20-Fu\u00df-Container mit Rolltoren<\/strong> Er ist daf\u00fcr ausgelegt, intensiver Nutzung im Au\u00dfenbereich standzuhalten. Dieses Material ist bekannt f\u00fcr seine Robustheit, Korrosionsbest\u00e4ndigkeit und au\u00dfergew\u00f6hnliche Langlebigkeit. Es sch\u00fctzt Ihre Ausr\u00fcstung auch unter schwierigen Bedingungen zuverl\u00e4ssig.<\/p>\n<p data-start=\"1906\" data-end=\"2158\">Die <strong data-start=\"1909\" data-end=\"1927\">Rolltor<\/strong> Die installierte T\u00fcr ist aus verzinktem Metall gefertigt und verf\u00fcgt \u00fcber ein sanftes, sicheres und langlebiges \u00d6ffnungssystem. Dieser Mechanismus ist ideal f\u00fcr Standorte mit wenig Bewegungsraum, da sich die T\u00fcr vertikal \u00f6ffnet und den Au\u00dfenbereich nicht blockiert.<\/p>\n<h2 data-start=\"2165\" data-end=\"2232\">Innenausstattung des 20-Fu\u00df-Containers mit Rolltor<\/h2>\n<p data-start=\"2234\" data-end=\"2430\">Der <strong data-start=\"2237\" data-end=\"2275\">20-Fu\u00df-Container mit Rolltoren<\/strong> Er wird standardm\u00e4\u00dfig leer geliefert, mit einem behandelten Marineholzfu\u00dfboden. Je nach Ihren Bed\u00fcrfnissen ist es m\u00f6glich, verschiedene Ausstattungen zu integrieren, um seine Nutzung zu verbessern:<\/p>\n<ul data-start=\"2432\" data-end=\"2684\">\n<li data-start=\"2432\" data-end=\"2471\">\n<p data-start=\"2434\" data-end=\"2471\">Metallregale an den W\u00e4nden<\/p>\n<\/li>\n<li data-start=\"2472\" data-end=\"2525\">\n<p data-start=\"2474\" data-end=\"2525\">LED-Beleuchtung mit kompletter Elektroinstallation<\/p>\n<\/li>\n<li data-start=\"2526\" data-end=\"2567\">\n<p data-start=\"2528\" data-end=\"2567\">Bel\u00fcftung zur Vermeidung von Kondensation<\/p>\n<\/li>\n<li data-start=\"2568\" data-end=\"2625\">\n<p data-start=\"2570\" data-end=\"2625\">Boden aus Tr\u00e4nenblech oder Harz zur Erh\u00f6hung der Sicherheit<\/p>\n<\/li>\n<li data-start=\"2626\" data-end=\"2684\">\n<p data-start=\"2628\" data-end=\"2684\">W\u00e4rmed\u00e4mmung, wenn empfindliches Material gelagert wird<\/p>\n<\/li>\n<\/ul>\n<p data-start=\"2686\" data-end=\"2791\">So erhalten Sie einen <strong data-start=\"2708\" data-end=\"2752\">vollst\u00e4ndig anpassbarer Lagerraum<\/strong>, perfekt auf Ihre T\u00e4tigkeit abgestimmt.<\/p>\n<h2 data-start=\"2798\" data-end=\"2841\">Optimale Sicherheit und Zug\u00e4nglichkeit<\/h2>\n<p data-start=\"2843\" data-end=\"2925\">Sicherheit hat oberste Priorit\u00e4t. Der <strong data-start=\"2876\" data-end=\"2914\">20-Fu\u00df-Container mit Rolltoren<\/strong> ist ausgestattet mit:<\/p>\n<ul data-start=\"2927\" data-end=\"3151\">\n<li data-start=\"2927\" data-end=\"2985\">\n<p data-start=\"2929\" data-end=\"2985\">Von einem <strong data-start=\"2935\" data-end=\"2965\">Integriertes verst\u00e4rktes Schloss<\/strong> an der Rollt\u00fcr<\/p>\n<\/li>\n<li data-start=\"2986\" data-end=\"3033\">\n<p data-start=\"2988\" data-end=\"3033\">Aus dickem Stahlblech gefertigt, schwer aufzubrechen<\/p>\n<\/li>\n<li data-start=\"3034\" data-end=\"3088\">\n<p data-start=\"3036\" data-end=\"3088\">Optionen f\u00fcr <strong data-start=\"3049\" data-end=\"3076\">Zus\u00e4tzliche Verriegelungen<\/strong> auf Anfrage<\/p>\n<\/li>\n<li data-start=\"3089\" data-end=\"3151\">\n<p data-start=\"3091\" data-end=\"3151\">Ein System zur nat\u00fcrlichen Bel\u00fcftung zur Vermeidung von Feuchtigkeit<\/p>\n<\/li>\n<\/ul>\n<p data-start=\"3153\" data-end=\"3318\">Der Zugang ist vereinfacht: Es ist nicht mehr n\u00f6tig, schwere oder unpraktische Fl\u00fcgelt\u00fcren zu bedienen. Eine einfache Bewegung reicht aus, um das Rolltor zu \u00f6ffnen oder zu schlie\u00dfen. <strong data-start=\"3288\" data-end=\"3306\">Rolltor<\/strong>, auch alleine.<\/p>\n<h2 data-start=\"3325\" data-end=\"3383\">Anwendungen des 20-Fu\u00df-Containers mit Rolltor<\/h2>\n<p data-start=\"3385\" data-end=\"3466\">Der <strong data-start=\"3388\" data-end=\"3426\">20-Fu\u00df-Container mit Rolltoren<\/strong> wird in vielen Bereichen eingesetzt:<\/p>\n<ul data-start=\"3468\" data-end=\"3871\">\n<li data-start=\"3468\" data-end=\"3534\">\n<p data-start=\"3470\" data-end=\"3534\"><strong data-start=\"3470\" data-end=\"3477\">Hoch- und Tiefbau<\/strong> :Lagerung von Werkzeugen, Ger\u00e4ten und schweren Ausr\u00fcstungen<\/p>\n<\/li>\n<li data-start=\"3535\" data-end=\"3607\">\n<p data-start=\"3537\" data-end=\"3607\"><strong data-start=\"3537\" data-end=\"3552\">Landwirtschaft<\/strong> : Unterstand f\u00fcr Ger\u00e4te, Pflanzenschutzmittel, Futter<\/p>\n<\/li>\n<li data-start=\"3608\" data-end=\"3660\">\n<p data-start=\"3610\" data-end=\"3660\"><strong data-start=\"3610\" data-end=\"3623\">Industrie<\/strong> : sicherer zus\u00e4tzlicher Lagerraum<\/p>\n<\/li>\n<li data-start=\"3661\" data-end=\"3723\">\n<p data-start=\"3663\" data-end=\"3723\"><strong data-start=\"3663\" data-end=\"3676\">Handel<\/strong> tempor\u00e4rer oder saisonaler Au\u00dfenlagerraum.<\/p>\n<\/li>\n<li data-start=\"3724\" data-end=\"3814\">\n<p data-start=\"3726\" data-end=\"3814\"><strong data-start=\"3726\" data-end=\"3743\">Gemeinden<\/strong> L\u00f6sung f\u00fcr mobilen Stauraum bei Veranstaltungen oder kommunalen Baustellen.<\/p>\n<\/li>\n<li data-start=\"3815\" data-end=\"3871\">\n<p data-start=\"3817\" data-end=\"3871\"><strong data-start=\"3817\" data-end=\"3833\">Privatpersonen<\/strong> Garage, Werkstatt, pers\u00f6nliches Lager<\/p>\n<\/li>\n<\/ul>\n<p data-start=\"3873\" data-end=\"3985\">Seine gro\u00dfe Kapazit\u00e4t (ca. 33 m\u00b3) erm\u00f6glicht die einfache Lagerung von Paletten, Kartons, Maschinen oder leichten Fahrzeugen.<\/p>\n<h2 data-start=\"3992\" data-end=\"4054\">Schnelle Lieferung des 20-Fu\u00df-Containers mit Rolltor<\/h2>\n<p data-start=\"4056\" data-end=\"4278\">Wir liefern Ihren <strong data-start=\"4075\" data-end=\"4113\">20-Fu\u00df-Container mit Rolltoren<\/strong> In 5 bis 10 Werktagen, deutschlandweit. In den meisten F\u00e4llen ist keine Baugenehmigung erforderlich. Es gen\u00fcgt eine ebene Fl\u00e4che und eine LKW-Zufahrt.<\/p>\n<p data-start=\"4280\" data-end=\"4400\">Die <strong data-start=\"4283\" data-end=\"4328\">Das Rolltor ist vorinstalliert und getestet.<\/strong> Vor der Lieferung wird es installiert und getestet, sodass Sie ein gebrauchsfertiges Produkt bei Erhalt erhalten.<\/p>\n<h2 data-start=\"4407\" data-end=\"4443\">Vertrauen Sie Contenora.<\/h2>\n<p data-start=\"4445\" data-end=\"4661\">Bei <strong data-start=\"4450\" data-end=\"4463\">Contenora<\/strong>, Wir sind Spezialisten f\u00fcr <strong data-start=\"4494\" data-end=\"4528\">ma\u00dfgeschneiderte Containerl\u00f6sungen<\/strong>. Le <strong data-start=\"4533\" data-end=\"4571\">20-Fu\u00df-Container mit Rolltoren<\/strong> geh\u00f6rt zu unserer beliebtesten Produktpalette f\u00fcr die professionelle und private Lagerung.<\/p>\n<p data-start=\"4663\" data-end=\"4696\">Wir begleiten Sie von A bis Z:<\/p>\n<ul data-start=\"4698\" data-end=\"4796\">\n<li data-start=\"4698\" data-end=\"4720\">\n<p data-start=\"4700\" data-end=\"4720\">Pers\u00f6nliche Beratung<\/p>\n<\/li>\n<li data-start=\"4721\" data-end=\"4763\">\n<p data-start=\"4723\" data-end=\"4763\">Ma\u00dfgeschneiderte Herstellung und Verarbeitung<\/p>\n<\/li>\n<li data-start=\"4764\" data-end=\"4782\">\n<p data-start=\"4766\" data-end=\"4782\">Schnelle Lieferung<\/p>\n<\/li>\n<li data-start=\"4783\" data-end=\"4796\">\n<p data-start=\"4785\" data-end=\"4796\">Reaktiver Kundenservice<\/p>\n<\/li>\n<\/ul>\n<p data-start=\"4798\" data-end=\"4953\">Um weitere Modelle zu entdecken oder Ihr eigenes zu konfigurieren, z\u00f6gern Sie nicht <a class=\"\" href=\"https:\/\/www.contenora.com\/de\/categorie\/batiment-portable\/\" target=\"_new\" rel=\"noopener\" data-start=\"4870\" data-end=\"4952\">Alle unsere ausgebauten Container ansehen<\/a>.<\/p>\n<h2 data-start=\"4960\" data-end=\"5011\">Normen und Sicherheit des Lagercontainers<\/h2>\n<p data-start=\"5013\" data-end=\"5254\">Alle unsere Container entsprechen den geltenden Sicherheitsnormen. F\u00fcr weitere Informationen konsultieren Sie bitte den offiziellen Leitfaden zur <a class=\"cursor-pointer\" href=\"https:\/\/www.inrs.fr\/risques\/conteneurs-stockage\/securite.html\" target=\"_new\" rel=\"noopener nofollow\" data-start=\"5136\" data-end=\"5253\">Sicherheit von Lagercontainern (Website des INRS)<\/a>.<\/p>\n<p data-start=\"5013\" data-end=\"5254\"><img fetchpriority=\"high\" decoding=\"async\" class=\"wp-image-2125 aligncenter\" src=\"https:\/\/www.contenora.com\/wp-content\/uploads\/2025\/05\/conteneur-20-pieds-porte-roulantes-lll-300x300.jpg\" alt=\"Conteneur 20 pieds porte roulantes pour stockage s\u00e9curis\u00e9 et accessible\" width=\"364\" height=\"364\" srcset=\"https:\/\/www.contenora.com\/wp-content\/uploads\/2025\/05\/conteneur-20-pieds-porte-roulantes-lll-300x300.jpg 300w, https:\/\/www.contenora.com\/wp-content\/uploads\/2025\/05\/conteneur-20-pieds-porte-roulantes-lll-150x150.jpg 150w, https:\/\/www.contenora.com\/wp-content\/uploads\/2025\/05\/conteneur-20-pieds-porte-roulantes-lll-768x768.jpg 768w, https:\/\/www.contenora.com\/wp-content\/uploads\/2025\/05\/conteneur-20-pieds-porte-roulantes-lll-12x12.jpg 12w, https:\/\/www.contenora.com\/wp-content\/uploads\/2025\/05\/conteneur-20-pieds-porte-roulantes-lll-600x600.jpg 600w, https:\/\/www.contenora.com\/wp-content\/uploads\/2025\/05\/conteneur-20-pieds-porte-roulantes-lll-100x100.jpg 100w, https:\/\/www.contenora.com\/wp-content\/uploads\/2025\/05\/conteneur-20-pieds-porte-roulantes-lll.jpg 1024w\" sizes=\"(max-width: 364px) 100vw, 364px\" \/><\/p>","protected":false},"excerpt":{"rendered":"<p>Le conteneur 20 pieds porte roulantes est la solution id\u00e9ale pour les professionnels et les particuliers \u00e0 la recherche d\u2019un espace de stockage spacieux, s\u00e9curis\u00e9 et facile d\u2019acc\u00e8s. Gr\u00e2ce \u00e0 sa large porte roulante, ce type de conteneur facilite les op\u00e9rations de chargement et de d\u00e9chargement, m\u00eame pour des objets encombrants. Ce mod\u00e8le est con\u00e7u [&hellip;]<\/p>\n","protected":false},"featured_media":2129,"comment_status":"open","ping_status":"closed","template":"","meta":[],"product_brand":[],"product_cat":[23],"product_tag":[],"class_list":{"0":"post-2124","1":"product","2":"type-product","3":"status-publish","4":"has-post-thumbnail","6":"product_cat-conteneurs-maritimes","8":"first","9":"instock","10":"sale","11":"shipping-taxable","12":"purchasable","13":"product-type-simple"},"jetpack_sharing_enabled":true,"_links":{"self":[{"href":"https:\/\/www.contenora.com\/de\/wp-json\/wp\/v2\/product\/2124","targetHints":{"allow":["GET"]}}],"collection":[{"href":"https:\/\/www.contenora.com\/de\/wp-json\/wp\/v2\/product"}],"about":[{"href":"https:\/\/www.contenora.com\/de\/wp-json\/wp\/v2\/types\/product"}],"replies":[{"embeddable":true,"href":"https:\/\/www.contenora.com\/de\/wp-json\/wp\/v2\/comments?post=2124"}],"wp:featuredmedia":[{"embeddable":true,"href":"https:\/\/www.contenora.com\/de\/wp-json\/wp\/v2\/media\/2129"}],"wp:attachment":[{"href":"https:\/\/www.contenora.com\/de\/wp-json\/wp\/v2\/media?parent=2124"}],"wp:term":[{"taxonomy":"product_brand","embeddable":true,"href":"https:\/\/www.contenora.com\/de\/wp-json\/wp\/v2\/product_brand?post=2124"},{"taxonomy":"product_cat","embeddable":true,"href":"https:\/\/www.contenora.com\/de\/wp-json\/wp\/v2\/product_cat?post=2124"},{"taxonomy":"product_tag","embeddable":true,"href":"https:\/\/www.contenora.com\/de\/wp-json\/wp\/v2\/product_tag?post=2124"}],"curies":[{"name":"wp","href":"https:\/\/api.w.org\/{rel}","templated":true}]}}