{"id":2113,"date":"2025-05-30T23:19:24","date_gmt":"2025-05-30T23:19:24","guid":{"rendered":"https:\/\/www.contenora.com\/?post_type=product&#038;p=2113"},"modified":"2025-05-30T23:27:04","modified_gmt":"2025-05-30T23:27:04","slug":"conteneur-10-pieds-amenage-cuisine-profe","status":"publish","type":"product","link":"https:\/\/www.contenora.com\/de\/product\/conteneur-10-pieds-amenage-cuisine-profe\/","title":{"rendered":"10-Fu\u00df-Container mit ausgestatteter Profik\u00fcche \u2013 100\u202f% mobiler Foodtruck-Container"},"content":{"rendered":"<article class=\"text-token-text-primary w-full\" dir=\"auto\" data-testid=\"conversation-turn-130\" data-scroll-anchor=\"false\">\n<div class=\"text-base my-auto mx-auto py-5 [--thread-content-margin:--spacing(4)] @[37rem]:[--thread-content-margin:--spacing(6)] @[72rem]:[--thread-content-margin:--spacing(16)] px-(--thread-content-margin)\">\n<div class=\"[--thread-content-max-width:32rem] @[34rem]:[--thread-content-max-width:40rem] @[64rem]:[--thread-content-max-width:48rem] mx-auto flex max-w-(--thread-content-max-width) flex-1 text-base gap-4 md:gap-5 lg:gap-6 group\/turn-messages focus-visible:outline-hidden\" tabindex=\"-1\">\n<div class=\"group\/conversation-turn relative flex w-full min-w-0 flex-col agent-turn\">\n<div class=\"relative flex-col gap-1 md:gap-3\">\n<div class=\"flex max-w-full flex-col grow\">\n<div class=\"min-h-8 text-message relative flex w-full flex-col items-end gap-2 text-start break-words whitespace-normal [.text-message+&amp;]:mt-5\" dir=\"auto\" data-message-author-role=\"assistant\" data-message-id=\"46f3594f-b0f8-4757-9449-bbe8558bce1e\" data-message-model-slug=\"gpt-4o\">\n<div class=\"flex w-full flex-col gap-1 empty:hidden first:pt-[3px]\">\n<div class=\"markdown prose dark:prose-invert w-full break-words light\">\n<p data-start=\"373\" data-end=\"790\">Le <strong data-start=\"376\" data-end=\"437\">conteneur 10 pieds am\u00e9nag\u00e9 cuisine professionnelle \u00e9quip\u00e9<\/strong> est une solution r\u00e9volutionnaire pour les professionnels de la restauration en qu\u00eate d\u2019un espace de cuisine mobile, fonctionnel et conforme aux normes sanitaires. Construit \u00e0 partir d\u2019un conteneur maritime recycl\u00e9, il allie compacit\u00e9, performance et praticit\u00e9, tout en offrant une installation rapide, sans permis de construire dans la plupart des cas.<\/p>\n<p data-start=\"792\" data-end=\"994\">Id\u00e9al pour les food trucks, \u00e9v\u00e9nements temporaires, festivals, bases de chantier ou zones isol\u00e9es, ce conteneur cuisine professionnel permet de cuisiner dans des conditions optimales, o\u00f9 que vous soyez.<\/p>\n<hr data-start=\"996\" data-end=\"999\" \/>\n<h3 data-start=\"1001\" data-end=\"1053\">Un Conteneur Cuisine Robuste, R\u00e9sistant et Isol\u00e9<\/h3>\n<p data-start=\"1055\" data-end=\"1363\">Fabriqu\u00e9 en acier Corten, le <strong data-start=\"1084\" data-end=\"1145\">conteneur 10 pieds am\u00e9nag\u00e9 cuisine professionnelle \u00e9quip\u00e9<\/strong> est con\u00e7u pour r\u00e9sister aux conditions climatiques extr\u00eames. Sa structure m\u00e9tallique garantit une grande durabilit\u00e9, tandis que sa peinture ext\u00e9rieure (coloris au choix) assure une finition soign\u00e9e et professionnelle.<\/p>\n<p data-start=\"1365\" data-end=\"1650\">Son isolation est assur\u00e9e par des panneaux sandwich en polyur\u00e9thane haute densit\u00e9 sur les murs, le sol et le plafond. Cette isolation thermique et acoustique garantit une temp\u00e9rature int\u00e9rieure stable, \u00e9t\u00e9 comme hiver, pour assurer le confort du personnel et pr\u00e9server les \u00e9quipements.<\/p>\n<hr data-start=\"1652\" data-end=\"1655\" \/>\n<h3 data-start=\"1657\" data-end=\"1714\">\u00c9quipements Inclus dans le Conteneur Cuisine 10 Pieds<\/h3>\n<p data-start=\"1716\" data-end=\"1874\">Le conteneur est livr\u00e9 <strong data-start=\"1739\" data-end=\"1758\">pr\u00eat \u00e0 l\u2019emploi<\/strong> avec un am\u00e9nagement optimis\u00e9 pour la production culinaire professionnelle. Voici les \u00e9quipements standards inclus :<\/p>\n<ul data-start=\"1876\" data-end=\"2398\">\n<li data-start=\"1876\" data-end=\"1913\">\n<p data-start=\"1878\" data-end=\"1913\">Plan de travail en inox alimentaire<\/p>\n<\/li>\n<li data-start=\"1914\" data-end=\"1965\">\n<p data-start=\"1916\" data-end=\"1965\">\u00c9vier inox double bac avec mitigeur et \u00e9vacuation<\/p>\n<\/li>\n<li data-start=\"1966\" data-end=\"2002\">\n<p data-start=\"1968\" data-end=\"2002\">\u00c9tag\u00e8res murales et rangements bas<\/p>\n<\/li>\n<li data-start=\"2003\" data-end=\"2051\">\n<p data-start=\"2005\" data-end=\"2051\">Plaques de cuisson (gaz ou induction au choix)<\/p>\n<\/li>\n<li data-start=\"2052\" data-end=\"2115\">\n<p data-start=\"2054\" data-end=\"2115\">Friteuse professionnelle \u00e0 double bac avec robinet de vidange<\/p>\n<\/li>\n<li data-start=\"2116\" data-end=\"2160\">\n<p data-start=\"2118\" data-end=\"2160\">Hotte d\u2019extraction professionnelle en inox<\/p>\n<\/li>\n<li data-start=\"2161\" data-end=\"2235\">\n<p data-start=\"2163\" data-end=\"2235\">Syst\u00e8me \u00e9lectrique complet avec tableau, disjoncteurs et prises \u00e9tanches<\/p>\n<\/li>\n<li data-start=\"2236\" data-end=\"2269\">\n<p data-start=\"2238\" data-end=\"2269\">\u00c9clairage LED haute performance<\/p>\n<\/li>\n<li data-start=\"2270\" data-end=\"2398\">\n<p data-start=\"2272\" data-end=\"2398\">Sol en aluminium stri\u00e9 antid\u00e9rapant <strong data-start=\"2308\" data-end=\"2398\">conforme aux <a class=\"\" href=\"https:\/\/www.economie.gouv.fr\/dgccrf\/HACCP\" target=\"_new\" rel=\"noopener nofollow\" data-start=\"2323\" data-end=\"2396\">normes HACCP en restauration<\/a><\/strong><\/p>\n<\/li>\n<\/ul>\n<hr data-start=\"2400\" data-end=\"2403\" \/>\n<h3 data-start=\"2405\" data-end=\"2451\">Hygi\u00e8ne et S\u00e9curit\u00e9 : Une Priorit\u00e9 Absolue<\/h3>\n<p data-start=\"2453\" data-end=\"2717\">Con\u00e7u dans le strict respect des normes sanitaires, le <strong data-start=\"2508\" data-end=\"2569\">conteneur 10 pieds am\u00e9nag\u00e9 cuisine professionnelle \u00e9quip\u00e9<\/strong> facilite le nettoyage et la d\u00e9sinfection gr\u00e2ce \u00e0 l\u2019utilisation de mat\u00e9riaux non poreux, r\u00e9sistants \u00e0 l\u2019eau, \u00e0 la chaleur et aux produits chimiques.<\/p>\n<p data-start=\"2719\" data-end=\"3021\">Le syst\u00e8me de ventilation int\u00e9gr\u00e9 permet une \u00e9vacuation efficace de la chaleur et des fum\u00e9es, tandis que l\u2019\u00e9clairage LED assure une visibilit\u00e9 parfaite dans toutes les zones de pr\u00e9paration. Les installations \u00e9lectriques et de gaz respectent les normes en vigueur pour garantir la s\u00e9curit\u00e9 du personnel.<\/p>\n<hr data-start=\"3023\" data-end=\"3026\" \/>\n<h3 data-start=\"3028\" data-end=\"3099\">Personnalisation sur Mesure : Adaptez Votre Conteneur \u00e0 Vos Besoins<\/h3>\n<p data-start=\"3101\" data-end=\"3252\">Chaque projet \u00e9tant unique, plusieurs options sont disponibles pour personnaliser votre <strong data-start=\"3189\" data-end=\"3250\">conteneur 10 pieds am\u00e9nag\u00e9 cuisine professionnelle \u00e9quip\u00e9<\/strong> :<\/p>\n<ul data-start=\"3254\" data-end=\"3514\">\n<li data-start=\"3254\" data-end=\"3282\">\n<p data-start=\"3256\" data-end=\"3282\">Groupe \u00e9lectrog\u00e8ne int\u00e9gr\u00e9<\/p>\n<\/li>\n<li data-start=\"3283\" data-end=\"3309\">\n<p data-start=\"3285\" data-end=\"3309\">Climatisation r\u00e9versible<\/p>\n<\/li>\n<li data-start=\"3310\" data-end=\"3366\">\n<p data-start=\"3312\" data-end=\"3366\">Fours, frigos, vitrines r\u00e9frig\u00e9r\u00e9es, micro-ondes, etc.<\/p>\n<\/li>\n<li data-start=\"3367\" data-end=\"3416\">\n<p data-start=\"3369\" data-end=\"3416\">Fen\u00eatre de service, porte lat\u00e9rale, baie vitr\u00e9e<\/p>\n<\/li>\n<li data-start=\"3417\" data-end=\"3463\">\n<p data-start=\"3419\" data-end=\"3463\">Mobilier ext\u00e9rieur (tables, bancs, parasols)<\/p>\n<\/li>\n<li data-start=\"3464\" data-end=\"3514\">\n<p data-start=\"3466\" data-end=\"3514\">Branding complet avec votre logo et vos couleurs<\/p>\n<\/li>\n<\/ul>\n<blockquote data-start=\"3516\" data-end=\"3650\">\n<p data-start=\"3518\" data-end=\"3650\">\ud83d\udc49 <a class=\"\" href=\"https:\/\/www.contenora.com\/conteneurs-amenages\" target=\"_new\" rel=\"noopener\" data-start=\"3521\" data-end=\"3603\">Voir tous nos conteneurs am\u00e9nag\u00e9s<\/a> pour d\u00e9couvrir nos autres mod\u00e8les disponibles.<\/p>\n<\/blockquote>\n<hr data-start=\"3652\" data-end=\"3655\" \/>\n<h3 data-start=\"3657\" data-end=\"3704\">Livraison Rapide et Installation Simplifi\u00e9e<\/h3>\n<p data-start=\"3706\" data-end=\"3964\">Nous livrons votre <strong data-start=\"3725\" data-end=\"3755\">conteneur cuisine 10 pieds<\/strong> sous 5 \u00e0 10 jours ouvr\u00e9s, selon la destination. Aucun gros travaux \u00e0 pr\u00e9voir : il suffit d\u2019une surface plane pour poser le conteneur, de quelques branchements (eau, \u00e9lectricit\u00e9), et vous \u00eates pr\u00eat \u00e0 cuisiner.<\/p>\n<p data-start=\"3966\" data-end=\"4167\">Le conteneur peut \u00eatre d\u00e9plac\u00e9 \u00e0 l\u2019aide d\u2019un camion grue et suivre vos \u00e9v\u00e9nements ou activit\u00e9s itin\u00e9rantes. C\u2019est une solution id\u00e9ale pour les restaurateurs mobiles, traiteurs ou collectivit\u00e9s locales.<\/p>\n<hr data-start=\"4169\" data-end=\"4172\" \/>\n<h3 data-start=\"4174\" data-end=\"4233\">Les Avantages Cl\u00e9s du Conteneur Cuisine Professionnelle<\/h3>\n<p data-start=\"4235\" data-end=\"4327\">Choisir un <strong data-start=\"4246\" data-end=\"4307\">conteneur 10 pieds am\u00e9nag\u00e9 cuisine professionnelle \u00e9quip\u00e9<\/strong>, c\u2019est opter pour :<\/p>\n<ul data-start=\"4329\" data-end=\"4788\">\n<li data-start=\"4329\" data-end=\"4415\">\n<p data-start=\"4331\" data-end=\"4415\">\u2705 Une <strong data-start=\"4337\" data-end=\"4360\">solution \u00e9conomique<\/strong> : jusqu\u2019\u00e0 50 % moins cher qu\u2019un b\u00e2timent traditionnel.<\/p>\n<\/li>\n<li data-start=\"4416\" data-end=\"4488\">\n<p data-start=\"4418\" data-end=\"4488\">\u2705 Une <strong data-start=\"4424\" data-end=\"4447\">installation rapide<\/strong> et sans permis dans la majorit\u00e9 des cas.<\/p>\n<\/li>\n<li data-start=\"4489\" data-end=\"4554\">\n<p data-start=\"4491\" data-end=\"4554\">\u2705 Une <strong data-start=\"4497\" data-end=\"4516\">mobilit\u00e9 totale<\/strong> : transportable d\u2019un site \u00e0 un autre.<\/p>\n<\/li>\n<li data-start=\"4555\" data-end=\"4632\">\n<p data-start=\"4557\" data-end=\"4632\">\u2705 Une <strong data-start=\"4563\" data-end=\"4577\">modularit\u00e9<\/strong> : possibilit\u00e9 d\u2019ajouter ou de retirer des \u00e9quipements.<\/p>\n<\/li>\n<li data-start=\"4633\" data-end=\"4716\">\n<p data-start=\"4635\" data-end=\"4716\">\u2705 Une <strong data-start=\"4641\" data-end=\"4664\">d\u00e9marche \u00e9cologique<\/strong> : revalorisation de conteneurs maritimes existants.<\/p>\n<\/li>\n<li data-start=\"4717\" data-end=\"4788\">\n<p data-start=\"4719\" data-end=\"4788\">\u2705 Une <strong data-start=\"4725\" data-end=\"4746\">conformit\u00e9 totale<\/strong> avec les normes d\u2019hygi\u00e8ne et de s\u00e9curit\u00e9.<\/p>\n<\/li>\n<\/ul>\n<hr data-start=\"4790\" data-end=\"4793\" \/>\n<h3 data-start=\"4795\" data-end=\"4827\">Faites Confiance \u00e0 Contenora<\/h3>\n<p data-start=\"4829\" data-end=\"5094\">Chez <a href=\"https:\/\/www.contenora.com\/\"><strong data-start=\"4834\" data-end=\"4847\">Contenora<\/strong><\/a>, nous sommes sp\u00e9cialis\u00e9s dans les conteneurs am\u00e9nag\u00e9s sur mesure. Gr\u00e2ce \u00e0 notre expertise technique et notre engagement qualit\u00e9, nous accompagnons les professionnels dans la conception de solutions adapt\u00e9es \u00e0 leurs besoins et \u00e0 leurs contraintes.<\/p>\n<p data-start=\"5096\" data-end=\"5239\">Vous avez un projet sp\u00e9cifique ? <a href=\"https:\/\/www.contenora.com\/nous-contacter\/\">Contactez-nous<\/a> et construisons ensemble votre future cuisine professionnelle mobile, performante et \u00e9volutive.<\/p>\n<\/div>\n<\/div>\n<\/div>\n<\/div>\n<\/div>\n<\/div>\n<\/div>\n<\/div>\n<\/article>\n<article class=\"text-token-text-primary w-full\" dir=\"auto\" data-testid=\"conversation-turn-136\" data-scroll-anchor=\"true\">\n<div class=\"text-base my-auto mx-auto py-5 [--thread-content-margin:--spacing(4)] @[37rem]:[--thread-content-margin:--spacing(6)] @[72rem]:[--thread-content-margin:--spacing(16)] px-(--thread-content-margin)\">\n<div class=\"[--thread-content-max-width:32rem] @[34rem]:[--thread-content-max-width:40rem] @[64rem]:[--thread-content-max-width:48rem] mx-auto flex max-w-(--thread-content-max-width) flex-1 text-base gap-4 md:gap-5 lg:gap-6 group\/turn-messages focus-visible:outline-hidden\" tabindex=\"-1\">\n<div class=\"group\/conversation-turn relative flex w-full min-w-0 flex-col agent-turn\">\n<div class=\"relative flex-col gap-1 md:gap-3\">\n<div class=\"flex max-w-full flex-col grow\">\n<div class=\"min-h-8 text-message relative flex w-full flex-col items-end gap-2 text-start break-words whitespace-normal [.text-message+&amp;]:mt-5\" dir=\"auto\" data-message-author-role=\"assistant\" data-message-id=\"b12aefb8-46a5-490f-adf4-00fd256176c4\" data-message-model-slug=\"gpt-4o\">\n<div class=\"flex w-full flex-col gap-1 empty:hidden first:pt-[3px]\">\n<div class=\"markdown prose dark:prose-invert w-full break-words light\">\n<p data-start=\"5194\" data-end=\"5303\">\n<\/div>\n<\/div>\n<\/div>\n<\/div>\n<\/div>\n<\/div>\n<\/div>\n<\/div>\n<\/article>\n<p data-start=\"4802\" data-end=\"4860\"><img fetchpriority=\"high\" decoding=\"async\" class=\" wp-image-2122 aligncenter\" src=\"https:\/\/www.contenora.com\/wp-content\/uploads\/2025\/05\/conteneurs-portable-de-10-pieds-equipe-1-2-300x225.jpg\" alt=\"Conteneur 10 pieds am\u00e9nag\u00e9 cuisine professionnelle \u00e9quip\u00e9 \u2013 vue ext\u00e9rieure rouge avec ouverture lat\u00e9rale \" width=\"413\" height=\"310\" srcset=\"https:\/\/www.contenora.com\/wp-content\/uploads\/2025\/05\/conteneurs-portable-de-10-pieds-equipe-1-2-300x225.jpg 300w, https:\/\/www.contenora.com\/wp-content\/uploads\/2025\/05\/conteneurs-portable-de-10-pieds-equipe-1-2-768x576.jpg 768w, https:\/\/www.contenora.com\/wp-content\/uploads\/2025\/05\/conteneurs-portable-de-10-pieds-equipe-1-2-16x12.jpg 16w, https:\/\/www.contenora.com\/wp-content\/uploads\/2025\/05\/conteneurs-portable-de-10-pieds-equipe-1-2-600x450.jpg 600w, https:\/\/www.contenora.com\/wp-content\/uploads\/2025\/05\/conteneurs-portable-de-10-pieds-equipe-1-2.jpg 800w\" sizes=\"(max-width: 413px) 100vw, 413px\" \/><\/p>\n<p data-start=\"92\" data-end=\"430\">Pour garantir la s\u00e9curit\u00e9 alimentaire et respecter les exigences l\u00e9gales, notre <strong data-start=\"172\" data-end=\"233\">conteneur 10 pieds am\u00e9nag\u00e9 cuisine professionnelle \u00e9quip\u00e9<\/strong> est con\u00e7u selon les <a class=\"\" href=\"https:\/\/www.economie.gouv.fr\/dgccrf\/HACCP\" target=\"_new\" rel=\"noopener nofollow\" data-start=\"254\" data-end=\"327\">normes HACCP en restauration<\/a>. Ces normes assurent une hygi\u00e8ne optimale et un environnement sain pour la pr\u00e9paration de vos plats.<\/p>\n<p data-start=\"432\" data-end=\"665\">D\u00e9couvrez \u00e9galement notre large gamme de solutions modulaires en visitant la page <a class=\"\" href=\"https:\/\/www.contenora.com\/categorie\/batiment-portable\/\" target=\"_new\" rel=\"noopener\" data-start=\"514\" data-end=\"596\">Voir tous nos conteneurs am\u00e9nag\u00e9s<\/a> afin de trouver le mod\u00e8le qui correspond parfaitement \u00e0 vos besoins.<\/p>\n<p>&nbsp;<\/p>\n","protected":false},"excerpt":{"rendered":"<p>Le conteneur 10 pieds am\u00e9nag\u00e9 cuisine professionnelle \u00e9quip\u00e9 est une solution r\u00e9volutionnaire pour les professionnels de la restauration en qu\u00eate d\u2019un espace de cuisine mobile, fonctionnel et conforme aux normes sanitaires. Construit \u00e0 partir d\u2019un conteneur maritime recycl\u00e9, il allie compacit\u00e9, performance et praticit\u00e9, tout en offrant une installation rapide, sans permis de construire dans [&hellip;]<\/p>\n","protected":false},"featured_media":2115,"comment_status":"open","ping_status":"closed","template":"","meta":[],"product_brand":[],"product_cat":[24],"product_tag":[],"class_list":{"0":"post-2113","1":"product","2":"type-product","3":"status-publish","4":"has-post-thumbnail","6":"product_cat-batiment-portable","8":"first","9":"instock","10":"sale","11":"shipping-taxable","12":"purchasable","13":"product-type-simple"},"jetpack_sharing_enabled":true,"_links":{"self":[{"href":"https:\/\/www.contenora.com\/de\/wp-json\/wp\/v2\/product\/2113","targetHints":{"allow":["GET"]}}],"collection":[{"href":"https:\/\/www.contenora.com\/de\/wp-json\/wp\/v2\/product"}],"about":[{"href":"https:\/\/www.contenora.com\/de\/wp-json\/wp\/v2\/types\/product"}],"replies":[{"embeddable":true,"href":"https:\/\/www.contenora.com\/de\/wp-json\/wp\/v2\/comments?post=2113"}],"wp:featuredmedia":[{"embeddable":true,"href":"https:\/\/www.contenora.com\/de\/wp-json\/wp\/v2\/media\/2115"}],"wp:attachment":[{"href":"https:\/\/www.contenora.com\/de\/wp-json\/wp\/v2\/media?parent=2113"}],"wp:term":[{"taxonomy":"product_brand","embeddable":true,"href":"https:\/\/www.contenora.com\/de\/wp-json\/wp\/v2\/product_brand?post=2113"},{"taxonomy":"product_cat","embeddable":true,"href":"https:\/\/www.contenora.com\/de\/wp-json\/wp\/v2\/product_cat?post=2113"},{"taxonomy":"product_tag","embeddable":true,"href":"https:\/\/www.contenora.com\/de\/wp-json\/wp\/v2\/product_tag?post=2113"}],"curies":[{"name":"wp","href":"https:\/\/api.w.org\/{rel}","templated":true}]}}