{"id":2097,"date":"2025-05-30T19:54:27","date_gmt":"2025-05-30T19:54:27","guid":{"rendered":"https:\/\/www.contenora.com\/?post_type=product&#038;p=2097"},"modified":"2025-05-30T20:01:32","modified_gmt":"2025-05-30T20:01:32","slug":"conteneur-restaurant-20-pieds-equipe","status":"publish","type":"product","link":"https:\/\/www.contenora.com\/de\/product\/conteneur-restaurant-20-pieds-equipe\/","title":{"rendered":"Ausgestatteter 20-Fu\u00df-Restaurantcontainer \u2013 Ihre professionelle, einsatzbereite mobile K\u00fcche"},"content":{"rendered":"<p data-start=\"79\" data-end=\"194\"><strong data-start=\"79\" data-end=\"194\">Der ausgestattete 20-Fu\u00df-Restaurantcontainer: die ideale L\u00f6sung f\u00fcr Ihr mobiles oder station\u00e4res Gastronomiegesch\u00e4ft<\/strong><\/p>\n<p data-start=\"196\" data-end=\"578\">Aus einem standardm\u00e4\u00dfigen 20-Fu\u00df-High-Cube-Seecontainer gefertigt, ist der <strong data-start=\"270\" data-end=\"310\">Ausgestatteter 20-Fu\u00df-Restaurantcontainer<\/strong> ist ein schl\u00fcsselfertiges Modul mit einer vollst\u00e4ndig ausgestatteten, funktionalen und robusten K\u00fcche. Ob Foodtruck-Betreiber, mobiler Gastronom, Veranstaltungsorganisator oder Baustellenleiter \u2013 dieser Container garantiert Ihnen Mobilit\u00e4t, Effizienz und optimalen Komfort.<\/p>\n<h3 data-start=\"580\" data-end=\"622\">Eine robuste Struktur mit durchdachtem Design<\/h3>\n<p data-start=\"624\" data-end=\"1014\">Hergestellt aus Cortenstahl, ist dieser Container \u00e4u\u00dferst widerstandsf\u00e4hig gegen Korrosion und Witterungseinfl\u00fcsse. Die professionelle Au\u00dfenlackierung in leuchtendem Rot (weitere Farben auf Anfrage erh\u00e4ltlich) sorgt f\u00fcr hervorragende Sichtbarkeit. Mit seinen Standardma\u00dfen von 6,06 m L\u00e4nge, 2,44 m Breite und 2,89 m H\u00f6he nutzt dieser mobile K\u00fcchencontainer den Innenraum optimal aus.<\/p>\n<p data-start=\"1016\" data-end=\"1282\">Er ist mit einer gesicherten Seitent\u00fcr und drei gro\u00dfen Servicefenstern mit unterst\u00fctzter \u00d6ffnung ausgestattet \u2013 ideal f\u00fcr einen schnellen und effizienten Service. Jede \u00d6ffnung ist mit einem Aluminiumrahmen verst\u00e4rkt, was f\u00fcr zus\u00e4tzliche Isolierung und Langlebigkeit sorgt.<\/p>\n<h3 data-start=\"1284\" data-end=\"1332\">W\u00e4rmed\u00e4mmung und ganzj\u00e4hriger Komfort<\/h3>\n<p data-start=\"1334\" data-end=\"1669\">Der Container verf\u00fcgt \u00fcber eine vollst\u00e4ndige Isolierung durch Sandwichpaneele aus hochdichtem Polyurethanschaum. Diese Isolierung bedeckt W\u00e4nde, Decke und Boden und sorgt f\u00fcr optimalen thermischen Komfort zu jeder Jahreszeit. Das verst\u00e4rkte Dach erm\u00f6glicht eine effiziente Ableitung von Regenwasser und sch\u00fctzt das Innere vor Feuchtigkeit.<\/p>\n<h3 data-start=\"1671\" data-end=\"1729\">Eine Innenausstattung, die auf die Bed\u00fcrfnisse von Profis abgestimmt ist<\/h3>\n<p data-start=\"1731\" data-end=\"1865\">Das Innere des <strong data-start=\"1746\" data-end=\"1786\">Ausgestatteter 20-Fu\u00df-Restaurantcontainer<\/strong> Der Innenraum ist so ausgestattet, dass er den Anforderungen einer professionellen mobilen K\u00fcche entspricht:<\/p>\n<ul data-start=\"1867\" data-end=\"2530\">\n<li data-start=\"1867\" data-end=\"1989\">\n<p data-start=\"1869\" data-end=\"1989\">Eine durchgehende Arbeitsfl\u00e4che aus lebensmittelechtem Edelstahl mit Unterschr\u00e4nken, die gro\u00dfz\u00fcgigen Stauraum bieten.<\/p>\n<\/li>\n<li data-start=\"1990\" data-end=\"2070\">\n<p data-start=\"1992\" data-end=\"2070\">Zwei Induktionskochplatten f\u00fcr schnelles, sicheres und energieeffizientes Kochen.<\/p>\n<\/li>\n<li data-start=\"2071\" data-end=\"2152\">\n<p data-start=\"2073\" data-end=\"2152\">Eine elektrische Doppelfritteuse mit integriertem Ablasshahn f\u00fcr eine einfache Reinigung.<\/p>\n<\/li>\n<li data-start=\"2153\" data-end=\"2250\">\n<p data-start=\"2155\" data-end=\"2250\">Eine professionelle Dunstabzugshaube mit Dachentl\u00fcftung sorgt f\u00fcr Bel\u00fcftung und Luftqualit\u00e4t.<\/p>\n<\/li>\n<li data-start=\"2251\" data-end=\"2349\">\n<p data-start=\"2253\" data-end=\"2349\">Ein Doppelsp\u00fclbecken aus Edelstahl mit Schwanenhalsmischbatterie, angeschlossen an Wasser- und Abwassersystem.<\/p>\n<\/li>\n<li data-start=\"2350\" data-end=\"2423\">\n<p data-start=\"2352\" data-end=\"2423\">Ein rutschfester Boden aus geriffeltem Aluminium, leicht zu reinigen und widerstandsf\u00e4hig.<\/p>\n<\/li>\n<li data-start=\"2424\" data-end=\"2530\">\n<p data-start=\"2426\" data-end=\"2530\">Ein komplettes elektrisches System mit LED-Beleuchtung und mehreren Steckdosen zum Anschluss all Ihrer Ger\u00e4te.<\/p>\n<\/li>\n<\/ul>\n<h3 data-start=\"2532\" data-end=\"2593\">Individuell anpassbare Optionen f\u00fcr all Ihre Anforderungen<\/h3>\n<p data-start=\"2595\" data-end=\"2670\">Je nach Ihren Anforderungen kann dieser Container mit zahlreichen Zusatzoptionen ausgestattet werden:<\/p>\n<ul data-start=\"2672\" data-end=\"3041\">\n<li data-start=\"2672\" data-end=\"2736\">\n<p data-start=\"2674\" data-end=\"2736\">Autonomer Generator f\u00fcr energetische Unabh\u00e4ngigkeit.<\/p>\n<\/li>\n<li data-start=\"2737\" data-end=\"2817\">\n<p data-start=\"2739\" data-end=\"2817\">Integrierte Klimaanlage und Heizung f\u00fcr optimalen Komfort zu jeder Jahreszeit.<\/p>\n<\/li>\n<li data-start=\"2818\" data-end=\"2911\">\n<p data-start=\"2820\" data-end=\"2911\">Au\u00dfenm\u00f6bel (Tische, St\u00fchle, Hocker) zur Gestaltung eines einladenden Kundenbereichs.<\/p>\n<\/li>\n<li data-start=\"2912\" data-end=\"2969\">\n<p data-start=\"2914\" data-end=\"2969\">Individuelle Beschriftung mit Logo, Schriftz\u00fcgen und Vollverklebung (Car Wrapping).<\/p>\n<\/li>\n<li data-start=\"2970\" data-end=\"3041\">\n<p data-start=\"2972\" data-end=\"3041\">Video\u00fcberwachungssystem und Ausstattung f\u00fcr elektronische Zahlungssysteme.<\/p>\n<\/li>\n<\/ul>\n<h3 data-start=\"3043\" data-end=\"3090\">Schnelle Lieferung und einfache Installation<\/h3>\n<p data-start=\"3092\" data-end=\"3427\">Schl\u00fcsselfertige Lieferung: Der Container kann innerhalb von 5 bis 10 Werktagen je nach Zielort in ganz Frankreich und Europa geliefert werden. Die Installation vor Ort erfolgt schnell und unkompliziert \u2013 erforderlich ist lediglich eine ebene Fl\u00e4che (Betonplatte oder Fundamente) sowie Anschl\u00fcsse f\u00fcr Wasser, Strom und Abwasser.<\/p>\n<h3 data-start=\"3429\" data-end=\"3491\">Warum den ausgestatteten 20-Fu\u00df-Container-Restaurant w\u00e4hlen?<\/h3>\n<p data-start=\"3493\" data-end=\"3848\">Diese modulare und kosteng\u00fcnstige L\u00f6sung erm\u00f6glicht es Ihnen, die Umweltbelastung durch das Recycling von Seecontainern zu reduzieren. Ihre Kosten liegen in der Regel 30 bis 50 % unter denen eines herk\u00f6mmlichen Baus und bieten gleichzeitig hohe Flexibilit\u00e4t: Der Container kann durch weitere Module erg\u00e4nzt oder individuell an die Entwicklung Ihrer T\u00e4tigkeit angepasst werden.<\/p>\n<p data-start=\"3855\" data-end=\"4179\"><strong data-start=\"3855\" data-end=\"3894\">Kontaktieren Sie Contenora noch heute.<\/strong><br data-start=\"3894\" data-end=\"3897\" \/>Um Ihr Projekt f\u00fcr mobile oder station\u00e4re Gastronomie zu verwirklichen, ist der <strong data-start=\"3962\" data-end=\"4002\">Ausgestatteter 20-Fu\u00df-Restaurantcontainer<\/strong> ist Ihre schl\u00fcsselfertige L\u00f6sung. Fordern Sie ein kostenloses Angebot an, profitieren Sie von individueller Beratung und einer schnellen Lieferung. Verwirklichen Sie Ihre Vision mit <a href=\"https:\/\/www.contenora.com\/de\/\">Contenora<\/a> !<\/p>\n<p data-start=\"5449\" data-end=\"5594\"><img fetchpriority=\"high\" decoding=\"async\" class=\"wp-image-2098 aligncenter\" src=\"https:\/\/www.contenora.com\/wp-content\/uploads\/2025\/05\/conteneur-restaurant--300x300.jpg\" alt=\"Conteneur restaurant 20 pieds \u00e9quip\u00e9 avec ouverture lat\u00e9rale, cuisine professionnelle en inox, plaques \u00e0 induction, hotte d\u2019extraction, fen\u00eatres de service avec tablette comptoir, isolation thermique renforc\u00e9e et structure en acier Corten durable.\" width=\"362\" height=\"362\" srcset=\"https:\/\/www.contenora.com\/wp-content\/uploads\/2025\/05\/conteneur-restaurant--300x300.jpg 300w, https:\/\/www.contenora.com\/wp-content\/uploads\/2025\/05\/conteneur-restaurant--150x150.jpg 150w, https:\/\/www.contenora.com\/wp-content\/uploads\/2025\/05\/conteneur-restaurant--768x768.jpg 768w, https:\/\/www.contenora.com\/wp-content\/uploads\/2025\/05\/conteneur-restaurant--12x12.jpg 12w, https:\/\/www.contenora.com\/wp-content\/uploads\/2025\/05\/conteneur-restaurant--600x600.jpg 600w, https:\/\/www.contenora.com\/wp-content\/uploads\/2025\/05\/conteneur-restaurant--100x100.jpg 100w, https:\/\/www.contenora.com\/wp-content\/uploads\/2025\/05\/conteneur-restaurant-.jpg 800w\" sizes=\"(max-width: 362px) 100vw, 362px\" \/><\/p>\n<p data-start=\"5449\" data-end=\"5594\">Der <strong data-start=\"290\" data-end=\"330\">Ausgestatteter 20-Fu\u00df-Restaurantcontainer<\/strong> bietet eine optimale W\u00e4rmed\u00e4mmung dank Sandwichpaneelen aus Polyurethanschaum, der f\u00fcr seine hohe Leistungsf\u00e4higkeit bekannt ist (mehr Infos \u00fcber <a class=\"\" href=\"https:\/\/fr.wikipedia.org\/wiki\/Polyur%C3%A9thane\" target=\"_new\" rel=\"noopener nofollow\" data-start=\"473\" data-end=\"558\">Polyurethan-D\u00e4mmung \u2014 Wikipedia<\/a>).<\/p>\n<p data-start=\"5449\" data-end=\"5594\">Um die Sicherheit und Konformit\u00e4t Ihrer Installation zu gew\u00e4hrleisten, ist es wichtig, die geltenden europ\u00e4ischen Normen einzuhalten, wie zum Beispiel die Vorschriften <a class=\"\" href=\"https:\/\/ec.europa.eu\/growth\/single-market\/ce-marking_en\" target=\"_new\" rel=\"noopener nofollow\" data-start=\"719\" data-end=\"788\">Marquage CE<\/a>.<\/p>","protected":false},"excerpt":{"rendered":"<p>Le Conteneur Restaurant 20 Pieds \u00c9quip\u00e9 : la solution id\u00e9ale pour votre activit\u00e9 de restauration mobile ou fixe Con\u00e7u \u00e0 partir d\u2019un conteneur maritime standard de 20 pieds High Cube, le Conteneur Restaurant 20 Pieds \u00c9quip\u00e9 est un module cl\u00e9 en main offrant une cuisine enti\u00e8rement am\u00e9nag\u00e9e, fonctionnelle et robuste. Que vous soyez food truck, [&hellip;]<\/p>\n","protected":false},"featured_media":2104,"comment_status":"open","ping_status":"closed","template":"","meta":[],"product_brand":[],"product_cat":[24],"product_tag":[],"class_list":{"0":"post-2097","1":"product","2":"type-product","3":"status-publish","4":"has-post-thumbnail","6":"product_cat-batiment-portable","8":"first","9":"instock","10":"sale","11":"shipping-taxable","12":"purchasable","13":"product-type-simple"},"jetpack_sharing_enabled":true,"_links":{"self":[{"href":"https:\/\/www.contenora.com\/de\/wp-json\/wp\/v2\/product\/2097","targetHints":{"allow":["GET"]}}],"collection":[{"href":"https:\/\/www.contenora.com\/de\/wp-json\/wp\/v2\/product"}],"about":[{"href":"https:\/\/www.contenora.com\/de\/wp-json\/wp\/v2\/types\/product"}],"replies":[{"embeddable":true,"href":"https:\/\/www.contenora.com\/de\/wp-json\/wp\/v2\/comments?post=2097"}],"wp:featuredmedia":[{"embeddable":true,"href":"https:\/\/www.contenora.com\/de\/wp-json\/wp\/v2\/media\/2104"}],"wp:attachment":[{"href":"https:\/\/www.contenora.com\/de\/wp-json\/wp\/v2\/media?parent=2097"}],"wp:term":[{"taxonomy":"product_brand","embeddable":true,"href":"https:\/\/www.contenora.com\/de\/wp-json\/wp\/v2\/product_brand?post=2097"},{"taxonomy":"product_cat","embeddable":true,"href":"https:\/\/www.contenora.com\/de\/wp-json\/wp\/v2\/product_cat?post=2097"},{"taxonomy":"product_tag","embeddable":true,"href":"https:\/\/www.contenora.com\/de\/wp-json\/wp\/v2\/product_tag?post=2097"}],"curies":[{"name":"wp","href":"https:\/\/api.w.org\/{rel}","templated":true}]}}