{"id":2087,"date":"2025-05-30T17:20:13","date_gmt":"2025-05-30T17:20:13","guid":{"rendered":"https:\/\/www.contenora.com\/?post_type=product&#038;p=2087"},"modified":"2025-05-30T17:25:49","modified_gmt":"2025-05-30T17:25:49","slug":"conteneur-40-pieds-ouverture-laterale-2","status":"publish","type":"product","link":"https:\/\/www.contenora.com\/de\/product\/conteneur-40-pieds-ouverture-laterale-2\/","title":{"rendered":"40-Fu\u00df-Container mit vollst\u00e4ndiger Seiten\u00f6ffnung \u2013 Ultra funktional &amp; robust"},"content":{"rendered":"<p data-start=\"309\" data-end=\"748\">Der <strong data-start=\"312\" data-end=\"362\">40-Fu\u00df-Container mit vollst\u00e4ndiger Seiten\u00f6ffnung<\/strong> ist die ideale L\u00f6sung f\u00fcr alle, die einen sicheren, ger\u00e4umigen und vor allem leicht zug\u00e4nglichen Lagerraum suchen. Dank seines einzigartigen Designs erm\u00f6glicht Ihnen dieser Containertyp das Be- und Entladen Ihrer Waren \u00fcber die gesamte L\u00e4nge \u2013 ein gro\u00dfer Vorteil f\u00fcr lange Gegenst\u00e4nde, gro\u00dfe Paletten, Baumaterialien oder Industrieausr\u00fcstung.<\/p>\n<p data-start=\"750\" data-end=\"949\">Entwickelt, um den Bed\u00fcrfnissen von Fachleuten aus Transport, Bauwesen, Industrie und Eventmanagement gerecht zu werden, verbindet dieser umgebaute Seecontainer Robustheit, Funktionalit\u00e4t und Anpassungsf\u00e4higkeit.<\/p>\n<h3 data-start=\"956\" data-end=\"1017\">\u2705 Optimierter Zugang dank vollst\u00e4ndiger Seiten\u00f6ffnung<\/h3>\n<p data-start=\"1019\" data-end=\"1313\">Einer der Hauptvorteile des <strong data-start=\"1049\" data-end=\"1101\">40-Fu\u00df-Container mit vollst\u00e4ndiger Seiten\u00f6ffnung<\/strong> Sein gro\u00dfer Vorteil ist nat\u00fcrlich die einfache Zug\u00e4nglichkeit. Im Gegensatz zu Standardcontainern, die nur T\u00fcren auf der R\u00fcckseite haben, verf\u00fcgt dieses Modell \u00fcber eine vollst\u00e4ndige \u00d6ffnung an einer der langen Seiten. Dadurch k\u00f6nnen Sie:<\/p>\n<ul data-start=\"1315\" data-end=\"1544\">\n<li data-start=\"1315\" data-end=\"1373\">\n<p data-start=\"1317\" data-end=\"1373\">Gegenst\u00e4nde \u00fcber die gesamte Breite des Containers laden,<\/p>\n<\/li>\n<li data-start=\"1374\" data-end=\"1436\">\n<p data-start=\"1376\" data-end=\"1436\">Einen Gabelstapler oder einen Kran uneingeschr\u00e4nkt nutzen,<\/p>\n<\/li>\n<li data-start=\"1437\" data-end=\"1505\">\n<p data-start=\"1439\" data-end=\"1505\">Bei Be- und Entladevorg\u00e4ngen Zeit sparen,<\/p>\n<\/li>\n<li data-start=\"1506\" data-end=\"1544\">\n<p data-start=\"1508\" data-end=\"1544\">Ihre Waren besser organisieren.<\/p>\n<\/li>\n<\/ul>\n<p data-start=\"1546\" data-end=\"1736\">Egal, ob Sie Stahlrohre, Bretter, B\u00fchnenausr\u00fcstung oder M\u00f6bel transportieren \u2013 die Seiten\u00f6ffnung erleichtert alle Handhabungen und reduziert das Risiko von Besch\u00e4digungen.<\/p>\n<h3 data-start=\"1743\" data-end=\"1796\">\ud83e\uddf1 Eine verst\u00e4rkte Struktur f\u00fcr intensive Nutzung<\/h3>\n<p data-start=\"1798\" data-end=\"2080\">Hergestellt aus Cortenstahl, einem wetterfesten und korrosionsbest\u00e4ndigen Material <strong data-start=\"1884\" data-end=\"1934\">40-Fu\u00df-Container mit vollst\u00e4ndiger Seiten\u00f6ffnung<\/strong> Es ist auf Langlebigkeit ausgelegt. Seine Struktur ist daf\u00fcr konzipiert, schwere Lasten zu tragen und den anspruchsvollsten Umgebungen standzuhalten.<\/p>\n<p data-start=\"2082\" data-end=\"2111\">Technische Merkmale:<\/p>\n<ul data-start=\"2113\" data-end=\"2357\">\n<li data-start=\"2113\" data-end=\"2150\">\n<p data-start=\"2115\" data-end=\"2150\"><strong data-start=\"2115\" data-end=\"2140\">Au\u00dfenl\u00e4nge:<\/strong> 12,19 m<\/p>\n<\/li>\n<li data-start=\"2151\" data-end=\"2186\">\n<p data-start=\"2153\" data-end=\"2186\"><strong data-start=\"2153\" data-end=\"2177\">Au\u00dfenbreite:<\/strong> 2,44 m<\/p>\n<\/li>\n<li data-start=\"2187\" data-end=\"2222\">\n<p data-start=\"2189\" data-end=\"2222\"><strong data-start=\"2189\" data-end=\"2213\">Au\u00dfenh\u00f6he:<\/strong> 2,59 m<\/p>\n<\/li>\n<li data-start=\"2223\" data-end=\"2267\">\n<p data-start=\"2225\" data-end=\"2267\"><strong data-start=\"2225\" data-end=\"2243\">Leergewicht:<\/strong> env. 4 000 \u00e0 4 500 kg<\/p>\n<\/li>\n<li data-start=\"2268\" data-end=\"2322\">\n<p data-start=\"2270\" data-end=\"2322\"><strong data-start=\"2270\" data-end=\"2294\">Tragf\u00e4higkeit:<\/strong> jusqu\u2019\u00e0 28 tonnes environ<\/p>\n<\/li>\n<li data-start=\"2323\" data-end=\"2357\">\n<p data-start=\"2325\" data-end=\"2357\"><strong data-start=\"2325\" data-end=\"2347\">Innenvolumen:<\/strong> ~ 67 m\u00b3<\/p>\n<\/li>\n<\/ul>\n<p data-start=\"2359\" data-end=\"2523\">Dieser Container kann sowohl f\u00fcr die feste Lagerung (Baustelle, Lagerhalle, landwirtschaftlicher Betrieb usw.) als auch f\u00fcr den See-, Stra\u00dfen- oder Schienentransport verwendet werden.<\/p>\n<h3 data-start=\"2530\" data-end=\"2559\">\ud83d\udd12 Sicherheit und Konformit\u00e4t<\/h3>\n<p data-start=\"2561\" data-end=\"2809\">Jeder Container ist mit robusten Schl\u00f6ssern ausgestattet und kann mit einem zus\u00e4tzlichen Verst\u00e4rkungssystem gesichert werden. <strong data-start=\"2640\" data-end=\"2651\">lockbox<\/strong> Jeder Container ist mit robusten Schl\u00f6ssern ausgestattet und kann f\u00fcr zus\u00e4tzliche Sicherheit mit einem Schloss versehen werden. Er entspricht den ISO-Normen, was ihn ideal f\u00fcr den internationalen Transport und das Stapeln auf mehreren Ebenen macht.<\/p>\n<p data-start=\"2811\" data-end=\"2971\">Die Container werden inspiziert, als wind- und wasserdicht zertifiziert und k\u00f6nnen mit einem CSC-Zertifikat geliefert werden, wenn Sie sie f\u00fcr die Seefahrt verwenden m\u00f6chten.<\/p>\n<h3 data-start=\"2978\" data-end=\"3032\">\ud83d\udee0\ufe0f Zahlreiche Anpassungsm\u00f6glichkeiten<\/h3>\n<p data-start=\"3034\" data-end=\"3177\">Bei <a href=\"https:\/\/www.contenora.com\/de\/\"><strong data-start=\"3039\" data-end=\"3052\">Contenora<\/strong><\/a>Wir bieten die Anpassung Ihres <strong data-start=\"3098\" data-end=\"3148\">40-Fu\u00df-Container mit vollst\u00e4ndiger Seiten\u00f6ffnung<\/strong> je nach Ihren Bed\u00fcrfnissen:<\/p>\n<ul data-start=\"3179\" data-end=\"3430\">\n<li data-start=\"3179\" data-end=\"3222\">\n<p data-start=\"3181\" data-end=\"3222\"><strong data-start=\"3181\" data-end=\"3205\">Lackierung und Beschriftung<\/strong> in Ihren Farben<\/p>\n<\/li>\n<li data-start=\"3223\" data-end=\"3291\">\n<p data-start=\"3225\" data-end=\"3291\"><strong data-start=\"3225\" data-end=\"3250\">Innenausstattung<\/strong> : Regale, LED-Beleuchtung, Bel\u00fcftung<\/p>\n<\/li>\n<li data-start=\"3292\" data-end=\"3345\">\n<p data-start=\"3294\" data-end=\"3345\"><strong data-start=\"3294\" data-end=\"3322\">Bodenverst\u00e4rkung<\/strong> f\u00fcr schwere Lasten<\/p>\n<\/li>\n<li data-start=\"3346\" data-end=\"3430\">\n<p data-start=\"3348\" data-end=\"3430\"><strong data-start=\"3348\" data-end=\"3389\">Hinzuf\u00fcgen von T\u00fcren, Fenstern oder Trennw\u00e4nden<\/strong> zur Umgestaltung in ein B\u00fcro oder einen Stand<\/p>\n<\/li>\n<\/ul>\n<p data-start=\"3432\" data-end=\"3616\">Dieser Container kann dank seiner seitlichen \u00d6ffnung, die eine sehr gut nutzbare Fl\u00e4che bietet, auch als Basis f\u00fcr einen modularen Raum (B\u00fcro, Laden, Technikraum usw.) dienen.<\/p>\n<h3 data-start=\"3623\" data-end=\"3667\">\ud83d\ude9a Schnelle Lieferung, einfache Installation<\/h3>\n<p data-start=\"3669\" data-end=\"3910\">Unsere Container sind in unseren Lagern in Frankreich und Deutschland verf\u00fcgbar, mit einer <strong data-start=\"3750\" data-end=\"3790\">Lieferung per Pritschenwagen oder Kran<\/strong> Direkt bei Ihnen vor Ort. Die Installation erfordert keine aufwendigen Fundamente: Eine ebene und stabile Fl\u00e4che gen\u00fcgt.<\/p>\n<p data-start=\"3912\" data-end=\"4064\">Wir unterst\u00fctzen Sie auch bei der <strong data-start=\"3949\" data-end=\"3971\">Konformit\u00e4tspr\u00fcfung<\/strong> Wir unterst\u00fctzen Sie auch bei der Konformit\u00e4tsanpassung und den beh\u00f6rdlichen Formalit\u00e4ten im Falle einer Umgestaltung zu einem Gesch\u00e4ftslokal oder einem Veranstaltungsraum (ERP).<\/p>\n<h3 data-start=\"4071\" data-end=\"4130\">\ud83c\udf0d Eine wirtschaftliche, flexible und umweltbewusste L\u00f6sung<\/h3>\n<p data-start=\"4132\" data-end=\"4388\">Der Einsatz von <strong data-start=\"4146\" data-end=\"4196\">40-Fu\u00df-Container mit vollst\u00e4ndiger Seiten\u00f6ffnung<\/strong> stellt eine wirtschaftliche Alternative zum herk\u00f6mmlichen Bau dar. Er ist zudem umweltbewusst, da er erm\u00f6glicht, <strong data-start=\"4315\" data-end=\"4327\">wiederverwenden<\/strong> einen bestehenden Seecontainer f\u00fcr eine neue nachhaltige Nutzung wiederzuverwenden.<\/p>\n<p data-start=\"4390\" data-end=\"4405\"><strong data-start=\"4390\" data-end=\"4405\">Vorteile:<\/strong><\/p>\n<ul data-start=\"4407\" data-end=\"4616\">\n<li data-start=\"4407\" data-end=\"4452\">\n<p data-start=\"4409\" data-end=\"4452\">Niedrigere Kosten als bei einem herk\u00f6mmlichen Geb\u00e4ude<\/p>\n<\/li>\n<li data-start=\"4453\" data-end=\"4495\">\n<p data-start=\"4455\" data-end=\"4495\">Wiederverwendbar, transportabel, modular<\/p>\n<\/li>\n<li data-start=\"4496\" data-end=\"4566\">\n<p data-start=\"4498\" data-end=\"4566\">Schnelle Installation, in manchen F\u00e4llen keine Baugenehmigung erforderlich<\/p>\n<\/li>\n<li data-start=\"4567\" data-end=\"4616\">\n<p data-start=\"4569\" data-end=\"4616\">\u00d6kologisch: Verringerung des CO\u2082-Fu\u00dfabdrucks<\/p>\n<\/li>\n<\/ul>\n<h3 data-start=\"4623\" data-end=\"4674\">\ud83d\udcde Kontaktieren Sie Contenora f\u00fcr ein ma\u00dfgeschneidertes Angebot<\/h3>\n<p data-start=\"4676\" data-end=\"4871\">Sie brauchen einen <strong data-start=\"4698\" data-end=\"4748\">40-Fu\u00df-Container mit vollst\u00e4ndiger Seiten\u00f6ffnung<\/strong> F\u00fcr den beruflichen oder privaten Gebrauch? Wir bieten Ihnen Standardmodelle oder nach Ihren Vorgaben angepasste Modelle an.<\/p>\n<p data-start=\"4676\" data-end=\"4871\">\ud83d\udc49 Schnelle Lieferung in 10 Tagen in ganz Deutschland und Europa<br data-start=\"5022\" data-end=\"5025\" \/>\ud83d\udc49 Reaktionsschneller Kundendienst und individuelle Betreuung<\/p>\n<h3 data-start=\"326\" data-end=\"359\">\ud83d\udcda Erg\u00e4nzende Ressourcen<\/h3>\n<p data-start=\"361\" data-end=\"587\">Um mehr \u00fcber die ISO-Standards f\u00fcr Seecontainer zu erfahren, k\u00f6nnen Sie diese offizielle Ressource einsehen:<br data-start=\"475\" data-end=\"478\" \/>\ud83d\udc49 <a class=\"cursor-pointer\" href=\"https:\/\/www.iso.org\/standard\/81668.html\" target=\"_new\" rel=\"noopener nofollow\" data-start=\"481\" data-end=\"569\">ISO-Normen f\u00fcr Seecontainer \u2013 iso.org<\/a><\/p>\n<p data-start=\"361\" data-end=\"587\"><img fetchpriority=\"high\" decoding=\"async\" class=\"wp-image-2089 aligncenter\" src=\"https:\/\/www.contenora.com\/wp-content\/uploads\/2025\/05\/Conteneur-40-Pieds-Ouverture-Laterale-1-300x203.jpg\" alt=\"Conteneur 40 pieds avec ouverture lat\u00e9rale compl\u00e8te \u2013 grand espace de stockage, acc\u00e8s facilit\u00e9 pour chargement, structure en acier robuste. \" width=\"375\" height=\"254\" srcset=\"https:\/\/www.contenora.com\/wp-content\/uploads\/2025\/05\/Conteneur-40-Pieds-Ouverture-Laterale-1-300x203.jpg 300w, https:\/\/www.contenora.com\/wp-content\/uploads\/2025\/05\/Conteneur-40-Pieds-Ouverture-Laterale-1-18x12.jpg 18w, https:\/\/www.contenora.com\/wp-content\/uploads\/2025\/05\/Conteneur-40-Pieds-Ouverture-Laterale-1.jpg 480w\" sizes=\"(max-width: 375px) 100vw, 375px\" \/><\/p>","protected":false},"excerpt":{"rendered":"<p>Le Conteneur 40 Pieds Ouverture Lat\u00e9rale Compl\u00e8te est la solution id\u00e9ale pour tous ceux qui recherchent un espace de stockage s\u00e9curis\u00e9, spacieux et surtout facile d\u2019acc\u00e8s. Gr\u00e2ce \u00e0 sa conception unique, ce type de conteneur vous permet de charger et d\u00e9charger vos marchandises sur toute la longueur, un avantage consid\u00e9rable pour les objets longs, les [&hellip;]<\/p>\n","protected":false},"featured_media":2090,"comment_status":"open","ping_status":"closed","template":"","meta":[],"product_brand":[],"product_cat":[23],"product_tag":[],"class_list":{"0":"post-2087","1":"product","2":"type-product","3":"status-publish","4":"has-post-thumbnail","6":"product_cat-conteneurs-maritimes","8":"first","9":"instock","10":"sale","11":"shipping-taxable","12":"purchasable","13":"product-type-simple"},"jetpack_sharing_enabled":true,"_links":{"self":[{"href":"https:\/\/www.contenora.com\/de\/wp-json\/wp\/v2\/product\/2087","targetHints":{"allow":["GET"]}}],"collection":[{"href":"https:\/\/www.contenora.com\/de\/wp-json\/wp\/v2\/product"}],"about":[{"href":"https:\/\/www.contenora.com\/de\/wp-json\/wp\/v2\/types\/product"}],"replies":[{"embeddable":true,"href":"https:\/\/www.contenora.com\/de\/wp-json\/wp\/v2\/comments?post=2087"}],"wp:featuredmedia":[{"embeddable":true,"href":"https:\/\/www.contenora.com\/de\/wp-json\/wp\/v2\/media\/2090"}],"wp:attachment":[{"href":"https:\/\/www.contenora.com\/de\/wp-json\/wp\/v2\/media?parent=2087"}],"wp:term":[{"taxonomy":"product_brand","embeddable":true,"href":"https:\/\/www.contenora.com\/de\/wp-json\/wp\/v2\/product_brand?post=2087"},{"taxonomy":"product_cat","embeddable":true,"href":"https:\/\/www.contenora.com\/de\/wp-json\/wp\/v2\/product_cat?post=2087"},{"taxonomy":"product_tag","embeddable":true,"href":"https:\/\/www.contenora.com\/de\/wp-json\/wp\/v2\/product_tag?post=2087"}],"curies":[{"name":"wp","href":"https:\/\/api.w.org\/{rel}","templated":true}]}}