{"id":2079,"date":"2025-05-30T15:58:23","date_gmt":"2025-05-30T15:58:23","guid":{"rendered":"https:\/\/www.contenora.com\/?post_type=product&#038;p=2079"},"modified":"2025-06-02T22:26:30","modified_gmt":"2025-06-02T22:26:30","slug":"conteneur-extensible-prefabriquee","status":"publish","type":"product","link":"https:\/\/www.contenora.com\/de\/product\/conteneur-extensible-prefabriquee\/","title":{"rendered":"Erweiterbarer, vorgefertigter Container \u2013 3 Zimmer mit K\u00fcche, mobil und modular:"},"content":{"rendered":"","protected":false},"excerpt":{"rendered":"<p data-start=\"321\" data-end=\"860\"><strong>Erweiterbares, vorgefertigtes Containerhaus \u2013 3 Schlafzimmer mit K\u00fcche\u00a0<\/strong><\/p>\n<p data-start=\"321\" data-end=\"860\">Entscheiden Sie sich f\u00fcr eine <a href=\"https:\/\/www.contenora.com\/de\/categorie\/batiment-portable\/\"><strong data-start=\"336\" data-end=\"380\">erweiterbares, vorgefertigtes Containerhaus<\/strong><\/a>Entscheiden Sie sich f\u00fcr ein erweiterbares, vorgefertigtes Containerhaus \u2013 eine moderne, kosteng\u00fcnstige und schnell umsetzbare Wohnl\u00f6sung. Diese mobile Modulvilla aus umgebauten Schiffscontainern bietet Ihnen einen komfortablen, intelligent gestalteten und vollst\u00e4ndig ausgestatteten Wohnraum mit einem ausgezeichneten Preis-Leistungs-Verh\u00e4ltnis.\n\nErh\u00e4ltlich in der 20-Fu\u00df-Version (36 m\u00b2) oder 40-Fu\u00df-Version (bis zu 75 m\u00b2), passt sie sich allen Projekten an: Hauptwohnsitz, tempor\u00e4re Unterkunft, Ferienhaus, mobiles B\u00fcro, G\u00e4stehaus oder saisonale Mietl\u00f6sung.<\/p>\n<p data-start=\"862\" data-end=\"1094\">Um mehr \u00fcber die Vorteile modularer H\u00e4user zu erfahren, lesen Sie diesen ausf\u00fchrlichen Artikel auf <a class=\"cursor-pointer\" href=\"https:\/\/www.contenora.com\/de\/categorie\/batiment-portable\/\" target=\"_new\" rel=\"noopener\" data-start=\"958\" data-end=\"1076\">modulare und vorgefertigte H\u00e4user<\/a> .<\/p>\n<h2 data-start=\"1096\" data-end=\"1136\">\ud83e\uddf1 Eine robuste und langlebige Bauweise<\/h2>\n<p data-start=\"1138\" data-end=\"1574\">Hergestellt aus einem verst\u00e4rkten und korrosionsgesch\u00fctzten Schiffscontainer aus Cortenstahl, ist diese <strong data-start=\"1244\" data-end=\"1288\">erweiterbares, vorgefertigtes Containerhaus<\/strong> garantiert Widerstandsf\u00e4higkeit, Langlebigkeit und Sicherheit. Sie basiert auf einem Rahmen aus verzinktem Stahl, der den europ\u00e4ischen Normen entspricht, und verf\u00fcgt \u00fcber eine verst\u00e4rkte Isolierung durch Sandwichpaneele mit 50 bis 75 mm St\u00e4rke (PU- oder EPS-Schaum), die ganzj\u00e4hrig optimalen W\u00e4rmekomfort gew\u00e4hrleisten.<\/p>\n<p data-start=\"1576\" data-end=\"1804\">Die Au\u00dfenverkleidung ist individuell gestaltbar \u2013 mit glattem Blech, Holzverbundstoff oder PVC. Das rechteckige Design und die modernen Linien f\u00fcgen sich harmonisch in jede st\u00e4dtische oder l\u00e4ndliche Umgebung ein.<\/p>\n<p data-start=\"1806\" data-end=\"1982\">Um die europ\u00e4ischen Normen f\u00fcr modulare Bauten kennenzulernen, besuchen Sie <a class=\"\" href=\"https:\/\/eurocodes.jrc.ec.europa.eu\/\" target=\"_new\" rel=\"noopener\" data-start=\"1893\" data-end=\"1964\">Eurocodes und Bauvorschriften<\/a> .<\/p>\n<h2 data-start=\"1984\" data-end=\"2025\">\ud83d\udecb\ufe0f Ein komplett ausgestattetes, bezugsfertiges Inneres<\/h2>\n<p data-start=\"2027\" data-end=\"2103\">Jedes erweiterbare Containerhaus wird komplett ausgestattet geliefert, mit:<\/p>\n<p data-start=\"2105\" data-end=\"2775\">\u2705 Bis zu 3 separate Schlafzimmer mit doppelt verglasten Fenstern, um bequem eine Familie oder eine Wohngemeinschaft unterzubringen.<br data-start=\"2238\" data-end=\"2241\" \/>\u2705 Ein ger\u00e4umiges und helles Wohnzimmer, offen zur K\u00fcche hin \u2013 perfekt f\u00fcr entspannte Momente oder gesellige Mahlzeiten.<br data-start=\"2357\" data-end=\"2360\" \/>\u2705 Eine ausgestattete K\u00fcche: Unterschrank, Sp\u00fclbecken aus Edelstahl, Arbeitsplatte sowie Wasser- und Stromanschl\u00fcsse.<br data-start=\"2458\" data-end=\"2461\" \/>\u2705 Ein modernes Badezimmer: Duschkabine, WC, Waschbecken, Durchlauferhitzer.<br data-start=\"2544\" data-end=\"2547\" \/>\u2705 Hochwertige Tischlerarbeiten: wei\u00dfe PVC-Schiebefenster, Eingangst\u00fcr mit Mehrfachverriegelung f\u00fcr maximale Sicherheit.<br data-start=\"2660\" data-end=\"2663\" \/>\u2705 Komplette Elektroinstallation: Steckdosen, Schalter, LED-Beleuchtung, anschlussfertiger Sicherungskasten.<\/p>\n<p data-start=\"2777\" data-end=\"2904\">Das gesamte System ist f\u00fcr den intensiven Gebrauch ausgelegt und bietet denselben Komfort wie ein herk\u00f6mmliches Wohnhaus \u2013 jedoch zu deutlich geringeren Kosten.<\/p>\n<p data-start=\"2906\" data-end=\"3069\">Die Preise k\u00f6nnen je nach Ausstattungsgrad, Materialwahl und Optionen (Heizung, Klimaanlage, Haushaltsger\u00e4te, Solarpanels usw.) variieren.<\/p>\n<h2 data-start=\"3225\" data-end=\"3269\">\ud83d\ude9a Schnelle Lieferung &amp; einfache Installation in 10 Tagen<\/h2>\n<p data-start=\"3271\" data-end=\"3551\">Unsere Containerh\u00e4user werden montagefertig geliefert \u2013 je nach Modell bereits aufgebaut oder zusammengefaltet. Vor Ort dauert die Installation nur wenige Stunden. Es gen\u00fcgt, eine ebene Fl\u00e4che (Betonplatte oder Fundamente) sowie Anschl\u00fcsse an die Versorgungsnetze (Wasser, Strom, Abwasser) bereitzustellen.<\/p>\n<p data-start=\"3553\" data-end=\"3725\">Sie lassen sich leicht mit einem Kranwagen oder Tieflader transportieren und versetzen, was sie zur idealen mobilen L\u00f6sung f\u00fcr Baustellen oder tempor\u00e4re Projekte macht.<\/p>\n<p data-start=\"3553\" data-end=\"3725\">Wir garantieren eine Lieferzeit von 5 bis 10 Werktagen, abh\u00e4ngig vom Zielort. Optional bieten wir das Entladen mit Kran und die pr\u00e4zise Platzierung vor Ort an. Personalisierte Dienstleistungen sind verf\u00fcgbar, wie ma\u00dfgeschneiderte Lackierung, Verst\u00e4rkung des Bodens, Hinzuf\u00fcgen von Zufahrtsrampen oder verst\u00e4rkte Verriegelungssysteme.<\/p>\n<h2 data-start=\"3898\" data-end=\"3951\">\ud83c\udf0d Eine \u00f6kologische, wirtschaftliche und flexible L\u00f6sung<\/h2>\n<p data-start=\"3953\" data-end=\"4306\">\ud83c\udf31 <strong data-start=\"3956\" data-end=\"3970\">\u00d6kologisch<\/strong> : Wiederverwendung von Schiffscontainern, Reduzierung von Bauschutt, geringer CO\u2082-Fu\u00dfabdruck.<br data-start=\"4072\" data-end=\"4075\" \/>\ud83d\udcb0 <strong data-start=\"4078\" data-end=\"4092\">Wirtschaftlich<\/strong> : bis zu 50\u202f% geringere Kosten im Vergleich zum traditionellen Bau.<br data-start=\"4151\" data-end=\"4154\" \/>\ud83e\udde9 <strong data-start=\"4157\" data-end=\"4170\">Modular<\/strong> : M\u00f6glichkeit, weitere Module hinzuzuf\u00fcgen (R\u00e4ume, Etagen, Terrasse).<br data-start=\"4239\" data-end=\"4242\" \/>\ud83d\udd52 <strong data-start=\"4245\" data-end=\"4262\">Zeitersparnis<\/strong> Fabrication rapide \u2192 Schnelle Herstellung<\/p>\n<p data-start=\"4308\" data-end=\"4545\">Um mehr \u00fcber die \u00f6kologischen Vorteile von Modulbauten zu erfahren, lesen Sie diesen Artikel auf <a class=\"cursor-pointer\" target=\"_new\" rel=\"noopener\" data-start=\"4414\" data-end=\"4527\">nachhaltiges Bauen<\/a>.<\/p>\n<h2 data-start=\"4547\" data-end=\"4582\">\ud83d\udcde <a href=\"https:\/\/www.contenora.com\/de\/nous-contacter\/\">Kontaktieren Sie uns noch heute<\/a><\/h2>\n<p data-start=\"4584\" data-end=\"4786\">Suchen Sie eine <strong data-start=\"4602\" data-end=\"4646\">erweiterbares, vorgefertigtes Containerhaus<\/strong> Bequem, schnell zu installieren und zu einem attraktiven Preis? Contenora begleitet Sie bei Ihrem Projekt \u2013 mit Standardmodellen oder ma\u00dfgeschneiderten L\u00f6sungen.<\/p>\n<p data-start=\"4893\" data-end=\"4940\">\ud83d\udc49\u00a0 Lieferung in ganz Frankreich und Deutschland.<\/p>\n<p data-start=\"4893\" data-end=\"4940\"><img fetchpriority=\"high\" decoding=\"async\" class=\"wp-image-2082 aligncenter\" src=\"https:\/\/www.contenora.com\/wp-content\/uploads\/2025\/05\/conteneur-extensible-prefabriquee-\u2013-3-b-300x300.jpg\" alt=\"Bien s\u00fbr ! Voici un texte alternatif (alt text) optimis\u00e9 pour une image ou description li\u00e9e \u00e0 Maison conteneur extensible pr\u00e9fabriqu\u00e9e \u2013 3 chambres avec cuisine, mobile et modulable : \" width=\"385\" height=\"385\" srcset=\"https:\/\/www.contenora.com\/wp-content\/uploads\/2025\/05\/conteneur-extensible-prefabriquee-\u2013-3-b-300x300.jpg 300w, https:\/\/www.contenora.com\/wp-content\/uploads\/2025\/05\/conteneur-extensible-prefabriquee-\u2013-3-b-150x150.jpg 150w, https:\/\/www.contenora.com\/wp-content\/uploads\/2025\/05\/conteneur-extensible-prefabriquee-\u2013-3-b-768x768.jpg 768w, https:\/\/www.contenora.com\/wp-content\/uploads\/2025\/05\/conteneur-extensible-prefabriquee-\u2013-3-b-12x12.jpg 12w, https:\/\/www.contenora.com\/wp-content\/uploads\/2025\/05\/conteneur-extensible-prefabriquee-\u2013-3-b-600x600.jpg 600w, https:\/\/www.contenora.com\/wp-content\/uploads\/2025\/05\/conteneur-extensible-prefabriquee-\u2013-3-b-100x100.jpg 100w, https:\/\/www.contenora.com\/wp-content\/uploads\/2025\/05\/conteneur-extensible-prefabriquee-\u2013-3-b.jpg 960w\" sizes=\"(max-width: 385px) 100vw, 385px\" \/><\/p>","protected":false},"featured_media":2080,"comment_status":"open","ping_status":"closed","template":"","meta":[],"product_brand":[],"product_cat":[24],"product_tag":[],"class_list":{"0":"post-2079","1":"product","2":"type-product","3":"status-publish","4":"has-post-thumbnail","6":"product_cat-batiment-portable","8":"first","9":"instock","10":"sale","11":"shipping-taxable","12":"purchasable","13":"product-type-simple"},"jetpack_sharing_enabled":true,"_links":{"self":[{"href":"https:\/\/www.contenora.com\/de\/wp-json\/wp\/v2\/product\/2079","targetHints":{"allow":["GET"]}}],"collection":[{"href":"https:\/\/www.contenora.com\/de\/wp-json\/wp\/v2\/product"}],"about":[{"href":"https:\/\/www.contenora.com\/de\/wp-json\/wp\/v2\/types\/product"}],"replies":[{"embeddable":true,"href":"https:\/\/www.contenora.com\/de\/wp-json\/wp\/v2\/comments?post=2079"}],"wp:featuredmedia":[{"embeddable":true,"href":"https:\/\/www.contenora.com\/de\/wp-json\/wp\/v2\/media\/2080"}],"wp:attachment":[{"href":"https:\/\/www.contenora.com\/de\/wp-json\/wp\/v2\/media?parent=2079"}],"wp:term":[{"taxonomy":"product_brand","embeddable":true,"href":"https:\/\/www.contenora.com\/de\/wp-json\/wp\/v2\/product_brand?post=2079"},{"taxonomy":"product_cat","embeddable":true,"href":"https:\/\/www.contenora.com\/de\/wp-json\/wp\/v2\/product_cat?post=2079"},{"taxonomy":"product_tag","embeddable":true,"href":"https:\/\/www.contenora.com\/de\/wp-json\/wp\/v2\/product_tag?post=2079"}],"curies":[{"name":"wp","href":"https:\/\/api.w.org\/{rel}","templated":true}]}}