{"id":2065,"date":"2025-05-30T14:16:49","date_gmt":"2025-05-30T14:16:49","guid":{"rendered":"https:\/\/www.contenora.com\/?post_type=product&#038;p=2065"},"modified":"2025-05-30T14:31:07","modified_gmt":"2025-05-30T14:31:07","slug":"conteneurs-modulaires-amenages-40-pieds","status":"publish","type":"product","link":"https:\/\/www.contenora.com\/de\/product\/conteneurs-modulaires-amenages-40-pieds\/","title":{"rendered":"Ausgebaute modulare 40-Fu\u00df-Container \u2013 Leistungsstarke R\u00e4ume f\u00fcr Wohnen, B\u00fcros und Gewerbe"},"content":{"rendered":"<h2 data-start=\"469\" data-end=\"560\">Ausgebaute modulare 40-Fu\u00df-Container \u2013 Wohneinheiten, B\u00fcros und Gewerber\u00e4ume<\/h2>\n<p data-start=\"562\" data-end=\"1019\">Bei <strong data-start=\"567\" data-end=\"580\">Contenora<\/strong>, wir bieten Ihnen <strong data-start=\"606\" data-end=\"698\">Ausgebaute modulare 40-Fu\u00df-Container \u2013 Wohneinheiten, B\u00fcros und Gewerber\u00e4ume<\/strong> Wir bieten Ihnen sofort einsatzbereite, robuste und moderne L\u00f6sungen, die f\u00fcr eine Vielzahl von Anforderungen konzipiert sind. Ob Sie ein Unternehmen sind, das tempor\u00e4re B\u00fcror\u00e4ume sucht, eine Privatperson, die ein unabh\u00e4ngiges Studio w\u00fcnscht, oder eine Organisation, die einen mobilen Gesch\u00e4ftsraum einrichten m\u00f6chte \u2013 dieser Containertyp ist die ideale L\u00f6sung.<\/p>\n<h3 data-start=\"1026\" data-end=\"1088\">Warum einen ausgebauten modularen 40-Fu\u00df-Container w\u00e4hlen?<\/h3>\n<p data-start=\"1090\" data-end=\"1509\">Der <strong data-start=\"1093\" data-end=\"1133\">Ausgebauter modularer 40-Fu\u00df-Container<\/strong> stellt eine intelligente und kosteneffiziente Alternative zum traditionellen Bau dar. Dank seiner standardisierten Gr\u00f6\u00dfe und der einfachen Transportm\u00f6glichkeit kann er schnell installiert werden \u2013 ganz ohne aufwendige Fundamentarbeiten. Bei <strong data-start=\"1355\" data-end=\"1368\">Contenora<\/strong>, Jede Einheit ist sorgf\u00e4ltig ausgebaut, um optimalen Komfort zu bieten \u2013 mit einer modernen Innenausstattung und hochwertigen Einrichtungen.<\/p>\n<p data-start=\"1511\" data-end=\"1813\">Wir verwenden recycelte Seecontainer, die wir zu umgestalten <strong data-start=\"1585\" data-end=\"1635\">Wohneinheiten, B\u00fcros oder Gewerber\u00e4ume<\/strong> Komplett ausgestattet. Das Innere ist w\u00e4rmeged\u00e4mmt, mit einem Vinylboden, doppelt verkleideten W\u00e4nden, LED-Beleuchtung, einer Split-Klimaanlage und einem einsatzbereiten elektrischen Netzwerk ausgestattet.<\/p>\n<h3 data-start=\"1820\" data-end=\"1861\">Eine vielseitige und skalierbare L\u00f6sung<\/h3>\n<p data-start=\"1863\" data-end=\"1988\">Unser <strong data-start=\"1867\" data-end=\"1959\">Ausgebaute modulare 40-Fu\u00df-Container \u2013 Wohneinheiten, B\u00fcros und Gewerber\u00e4ume<\/strong> k\u00f6nnen verwendet werden f\u00fcr:<\/p>\n<ul data-start=\"1990\" data-end=\"2323\">\n<li data-start=\"1990\" data-end=\"2036\">\n<p data-start=\"1992\" data-end=\"2036\">Einige <strong data-start=\"1996\" data-end=\"2019\">Baustellenb\u00fcros<\/strong> oder f\u00fcr Unternehmen<\/p>\n<\/li>\n<li data-start=\"2037\" data-end=\"2109\">\n<p data-start=\"2039\" data-end=\"2109\">Einige <strong data-start=\"2043\" data-end=\"2067\">Wohnstudios<\/strong>, Ferienwohnungen oder Zimmer zur Miete<\/p>\n<\/li>\n<li data-start=\"2110\" data-end=\"2183\">\n<p data-start=\"2112\" data-end=\"2183\">Einige <strong data-start=\"2116\" data-end=\"2137\">Mobile Gesch\u00e4fte<\/strong>, Friseursalons, Showrooms oder Fast-Food-Restaurants,<\/p>\n<\/li>\n<li data-start=\"2184\" data-end=\"2258\">\n<p data-start=\"2186\" data-end=\"2258\">Einige <strong data-start=\"2190\" data-end=\"2214\">Coworking Spaces<\/strong>, Konferenzr\u00e4ume oder Schulungszentren<\/p>\n<\/li>\n<li data-start=\"2259\" data-end=\"2323\">\n<p data-start=\"2261\" data-end=\"2323\">Einige <strong data-start=\"2265\" data-end=\"2322\">Sichere Lager oder individuell gestaltete Lagerfl\u00e4chen<\/strong>.<\/p>\n<\/li>\n<\/ul>\n<blockquote data-start=\"2325\" data-end=\"2471\">\n<p data-start=\"2327\" data-end=\"2471\">\ud83d\udc49 Entdecken Sie <a class=\"cursor-pointer\" target=\"_new\" rel=\"noopener\" data-start=\"2340\" data-end=\"2398\">Unsere Referenzen<\/a> um zu sehen, wie andere Kunden ihren modularen Container genutzt haben.<\/p>\n<\/blockquote>\n<p data-start=\"2473\" data-end=\"2651\">Dank ihrer Modularit\u00e4t k\u00f6nnen diese Einheiten nebeneinander oder \u00fcbereinander gestapelt werden, um gr\u00f6\u00dfere Anlagen zu schaffen. So k\u00f6nnen Sie Ihren Raum im Laufe der Zeit weiterentwickeln.<\/p>\n<h3 data-start=\"2658\" data-end=\"2702\">Einhaltung der Normen und Qualit\u00e4tsengagement<\/h3>\n<p data-start=\"2704\" data-end=\"3127\">Unsere <strong data-start=\"2713\" data-end=\"2805\">Ausgebaute modulare 40-Fu\u00df-Container \u2013 Wohneinheiten, B\u00fcros und Gewerber\u00e4ume<\/strong> Unsere Container werden unter Einhaltung der geltenden Normen umgebaut, um Sicherheit, Energieeffizienz und Nachhaltigkeit zu gew\u00e4hrleisten. Die W\u00e4rmed\u00e4mmung, die Elektroinstallation und die Tischlerei werden gem\u00e4\u00df den empfohlenen Standards spezialisierter Zertifizierungsstellen wie der IEC 60364 f\u00fcr Elektroinstallationen oder der ISO 50001 f\u00fcr Energiemanagementsysteme durchgef\u00fchrt. <a class=\"\" href=\"https:\/\/www.afnor.org\" target=\"_new\" rel=\"noopener nofollow\" data-start=\"3096\" data-end=\"3126\">Franz\u00f6sisches Normungsinstitut<\/a>.<\/p>\n<h3 data-start=\"3134\" data-end=\"3171\">Lieferung und Installation \u00fcberall<\/h3>\n<p data-start=\"3173\" data-end=\"3498\">Wir liefern unsere <strong data-start=\"3190\" data-end=\"3282\">Ausgebaute modulare 40-Fu\u00df-Container \u2013 Wohneinheiten, B\u00fcros und Gewerber\u00e4ume<\/strong> \u00dcberall in Frankreich und in der Subregion liefern wir. Unser Team unterst\u00fctzt Sie bei der Auswahl des Modells, dem Transport und der Inbetriebnahme. Dank einer optimierten Logistik erfolgt die Installation schnell und unkompliziert.<\/p>\n<p data-start=\"3500\" data-end=\"3674\">Haben Sie ein unbebautes Grundst\u00fcck oder ein dringendes Projekt? Kontaktieren Sie uns \u00fcber unsere Seite. <a class=\"cursor-pointer\" target=\"_new\" rel=\"noopener\" data-start=\"3576\" data-end=\"3629\">Anfrage f\u00fcr ein Angebot<\/a> Um eine pers\u00f6nliche Betreuung zu erhalten.<\/p>\n<p data-start=\"183\" data-end=\"215\"><strong data-start=\"183\" data-end=\"215\">Warum Contenora w\u00e4hlen?<\/strong><\/p>\n<p data-start=\"217\" data-end=\"576\">\u2705 Bei Contenora sind wir auf die Planung von modularen, ausgestatteten Containern spezialisiert \u2014 ma\u00dfgeschneiderte, zuverl\u00e4ssige und einsatzbereite Wohnr\u00e4ume, B\u00fcros und professionelle Arbeitsbereiche. Mit mehreren Jahren Erfahrung im Modulsektor legen wir gro\u00dfen Wert auf Qualit\u00e4t, schnelle Umsetzung und Kundenzufriedenheit.<\/p>\n<p data-start=\"578\" data-end=\"870\">\u2705 Wir bieten robuste, \u00e4sthetische und perfekt auf Ihre Bed\u00fcrfnisse abgestimmte L\u00f6sungen, sei es f\u00fcr den privaten, beruflichen oder gewerblichen Gebrauch. Jeder Container wird sorgf\u00e4ltig ausgestattet: mit effizienter Isolierung, modernen Einrichtungen, hochwertigen Oberfl\u00e4chen und schl\u00fcsselfertiger Lieferung.<\/p>\n<p data-start=\"872\" data-end=\"1167\">\u2705 Mit Contenora erhalten Sie eine pers\u00f6nliche Betreuung bei jedem Schritt \u2013 von der Planung bis zur Installation \u2013 zu wettbewerbsf\u00e4higen Preisen und mit einem reaktionsschnellen Kundendienst. Vertrauen Sie auf einen Partner, der Container in echte Wohn- oder Arbeitsr\u00e4ume verwandelt.<\/p>\n<p data-start=\"1169\" data-end=\"1394\">\u2705 Anerkannte Expertise in der Ausstattung von 40-Fu\u00df-Modulcontainern<br data-start=\"1245\" data-end=\"1248\" \/>\u2705 Hochwertige Materialien und professionelle Verarbeitung<br data-start=\"1300\" data-end=\"1303\" \/>\u2705 Kurze Lieferzeiten und ein reaktionsschneller Kundenservice<br data-start=\"1344\" data-end=\"1347\" \/>\u2705 Vollst\u00e4ndige Personalisierung nach Ihren Bed\u00fcrfnissen<\/p>\n<p data-start=\"1396\" data-end=\"1538\">Wir verpflichten uns, \u00e4sthetische, funktionale und langlebige Container zu liefern, die bereit sind, die spezifischen Anforderungen Ihres Projekts zu erf\u00fcllen.<\/p>\n<h3 data-start=\"4097\" data-end=\"4122\">Haben Sie ein Projekt?<\/h3>\n<p data-start=\"4124\" data-end=\"4482\">Wenn Sie den Kauf eines in Erw\u00e4gung ziehen <strong data-start=\"4155\" data-end=\"4244\">Wenn Sie den Kauf eines ausgestatteten 40-Fu\u00df-Modulcontainers in Erw\u00e4gung ziehen \u2013 sei es als Wohnraum, B\u00fcro oder professioneller Arbeitsbereich<\/strong>, dann vertrauen Sie auf unser Know-how. Besuchen Sie unsere Website. <a class=\"\" href=\"https:\/\/www.contenora.com\/de\/\" target=\"_new\" rel=\"noopener\" data-start=\"4304\" data-end=\"4350\">www.contenora.com<\/a>, st\u00f6bern Sie durch unsere verf\u00fcgbaren Modelle oder senden Sie uns eine Nachricht \u00fcber unser Kontaktformular. <a class=\"cursor-pointer\" target=\"_new\" rel=\"noopener\" data-start=\"4437\" data-end=\"4481\">Kontakt<\/a>.<\/p>\n<p data-start=\"4124\" data-end=\"4482\"><img fetchpriority=\"high\" decoding=\"async\" class=\"size-medium wp-image-2072 aligncenter\" src=\"https:\/\/www.contenora.com\/wp-content\/uploads\/2025\/05\/a1-225x300.jpg\" alt=\"Conteneurs modulaires 40 pieds personnalis\u00e9s \u2014 habitats, bureaux et espaces de travail adapt\u00e9s \u00e0 vos besoins \" width=\"225\" height=\"300\" srcset=\"https:\/\/www.contenora.com\/wp-content\/uploads\/2025\/05\/a1-225x300.jpg 225w, https:\/\/www.contenora.com\/wp-content\/uploads\/2025\/05\/a1-9x12.jpg 9w, https:\/\/www.contenora.com\/wp-content\/uploads\/2025\/05\/a1-300x400.jpg 300w, https:\/\/www.contenora.com\/wp-content\/uploads\/2025\/05\/a1-600x800.jpg 600w, https:\/\/www.contenora.com\/wp-content\/uploads\/2025\/05\/a1.jpg 720w\" sizes=\"(max-width: 225px) 100vw, 225px\" \/><\/p>\n<p data-start=\"672\" data-end=\"722\"><strong data-start=\"672\" data-end=\"720\">Warum unsere modularen Container w\u00e4hlen?<\/strong><\/p>\n<ul data-start=\"723\" data-end=\"1295\">\n<li data-start=\"723\" data-end=\"851\">\n<p data-start=\"725\" data-end=\"851\"><strong data-start=\"725\" data-end=\"754\">Vollst\u00e4ndige Personalisierung<\/strong> : Passen Sie jeden Raum individuell an Ihre spezifischen Bed\u00fcrfnisse an (Wohnraum, B\u00fcro, Gesch\u00e4ftsraum).<\/p>\n<\/li>\n<li data-start=\"852\" data-end=\"970\">\n<p data-start=\"854\" data-end=\"970\"><strong data-start=\"854\" data-end=\"879\">Qualit\u00e4t und Langlebigkeit<\/strong> : Robuste Materialien und professionelle Verarbeitung garantieren eine lange Lebensdauer.<\/p>\n<\/li>\n<li data-start=\"971\" data-end=\"1075\">\n<p data-start=\"973\" data-end=\"1075\"><strong data-start=\"973\" data-end=\"996\">Schnelle Installation<\/strong> : Schl\u00fcsselfertige Lieferung mit Express-Montage f\u00fcr eine wertvolle Zeitersparnis.<\/p>\n<\/li>\n<li data-start=\"1076\" data-end=\"1195\">\n<p data-start=\"1078\" data-end=\"1195\"><strong data-start=\"1078\" data-end=\"1109\">Pers\u00f6nliche Betreuung<\/strong> : Von der Planung bis zur Installation begleitet Sie unser Team zu einem erfolgreichen Projekt.<\/p>\n<\/li>\n<li data-start=\"1196\" data-end=\"1295\">\n<p data-start=\"1198\" data-end=\"1295\"><strong data-start=\"1198\" data-end=\"1226\">Raumoptimierung<\/strong> : Intelligentes und modulares Design, perfekt f\u00fcr alle Nutzungsarten.<\/p>\n<\/li>\n<\/ul>\n<p data-start=\"1297\" data-end=\"1432\">Vertrauen Sie Contenora, um einen einfachen Container in einen modernen, \u00e4sthetischen und funktionalen Wohn- oder Arbeitsraum zu verwandeln.<\/p>","protected":false},"excerpt":{"rendered":"<p>Conteneurs Modulaires Am\u00e9nag\u00e9s 40 pieds \u2013 Habitations, Bureaux et Espaces Professionnels Chez Contenora, nous vous proposons des Conteneurs Modulaires Am\u00e9nag\u00e9s 40 pieds \u2013 Habitations, Bureaux et Espaces Professionnels pr\u00eats \u00e0 l&#8217;emploi, robustes, modernes et con\u00e7us pour s\u2019adapter \u00e0 une grande vari\u00e9t\u00e9 de besoins. Que vous soyez une entreprise \u00e0 la recherche de bureaux temporaires, un [&hellip;]<\/p>\n","protected":false},"featured_media":2074,"comment_status":"open","ping_status":"closed","template":"","meta":[],"product_brand":[],"product_cat":[24],"product_tag":[],"class_list":{"0":"post-2065","1":"product","2":"type-product","3":"status-publish","4":"has-post-thumbnail","6":"product_cat-batiment-portable","8":"first","9":"instock","10":"sale","11":"shipping-taxable","12":"purchasable","13":"product-type-simple"},"jetpack_sharing_enabled":true,"_links":{"self":[{"href":"https:\/\/www.contenora.com\/de\/wp-json\/wp\/v2\/product\/2065","targetHints":{"allow":["GET"]}}],"collection":[{"href":"https:\/\/www.contenora.com\/de\/wp-json\/wp\/v2\/product"}],"about":[{"href":"https:\/\/www.contenora.com\/de\/wp-json\/wp\/v2\/types\/product"}],"replies":[{"embeddable":true,"href":"https:\/\/www.contenora.com\/de\/wp-json\/wp\/v2\/comments?post=2065"}],"wp:featuredmedia":[{"embeddable":true,"href":"https:\/\/www.contenora.com\/de\/wp-json\/wp\/v2\/media\/2074"}],"wp:attachment":[{"href":"https:\/\/www.contenora.com\/de\/wp-json\/wp\/v2\/media?parent=2065"}],"wp:term":[{"taxonomy":"product_brand","embeddable":true,"href":"https:\/\/www.contenora.com\/de\/wp-json\/wp\/v2\/product_brand?post=2065"},{"taxonomy":"product_cat","embeddable":true,"href":"https:\/\/www.contenora.com\/de\/wp-json\/wp\/v2\/product_cat?post=2065"},{"taxonomy":"product_tag","embeddable":true,"href":"https:\/\/www.contenora.com\/de\/wp-json\/wp\/v2\/product_tag?post=2065"}],"curies":[{"name":"wp","href":"https:\/\/api.w.org\/{rel}","templated":true}]}}