{"id":2055,"date":"2025-05-29T20:45:32","date_gmt":"2025-05-29T20:45:32","guid":{"rendered":"https:\/\/www.contenora.com\/?post_type=product&#038;p=2055"},"modified":"2025-05-29T20:45:33","modified_gmt":"2025-05-29T20:45:33","slug":"conteneur-20-pieds-amenage-restaurant-mobile","status":"publish","type":"product","link":"https:\/\/www.contenora.com\/de\/product\/conteneur-20-pieds-amenage-restaurant-mobile\/","title":{"rendered":"Ausgebauter 20-Fu\u00df-Container \u2013 Innovatives mobiles Restaurant mit integrierter K\u00fcche"},"content":{"rendered":"<h1 data-start=\"306\" data-end=\"404\">Ausgebauter 20-Fu\u00df-Container als mobiles Restaurant \u2013 Starten Sie Ihr schl\u00fcsselfertiges Gastronomiegesch\u00e4ft<\/h1>\n<h2 data-start=\"406\" data-end=\"472\">Eine professionelle, transportable und einsatzbereite L\u00f6sung<\/h2>\n<p data-start=\"474\" data-end=\"822\">Der <strong data-start=\"477\" data-end=\"525\">Ausgebauter 20-Fu\u00df-Container \u2013 Mobiles Restaurant<\/strong> Es ist eine innovative Struktur, die daf\u00fcr entwickelt wurde, jeden Standort in ein echtes mobiles Restaurant zu verwandeln. Sie richtet sich an Gastronomieprofis, Food-Entrepreneure, Veranstalter und alle, die einen modernen, mobilen und effizienten Verkaufsstand w\u00fcnschen.<\/p>\n<p data-start=\"824\" data-end=\"1046\">Hergestellt aus einem Seecontainer aus CORTEN-Stahl, bietet dieses Modell Robustheit, Langlebigkeit und ein professionelles Erscheinungsbild. Es ist eine wirtschaftliche Alternative, schnell zu installieren und ohne Kompromisse bei der Qualit\u00e4t.<\/p>\n<h2 data-start=\"1053\" data-end=\"1096\">Technische Eigenschaften des Containers<\/h2>\n<p data-start=\"1098\" data-end=\"1315\">Der <strong data-start=\"1101\" data-end=\"1149\">Ausgebauter 20-Fu\u00df-Container \u2013 Mobiles Restaurant<\/strong> Er misst etwa 6 Meter in der L\u00e4nge (Standard 20 Fu\u00df), eine Gr\u00f6\u00dfe, die perfekt f\u00fcr die mobile Gastronomie geeignet ist. Er ist ausgestattet, um den Anforderungen der Branche gerecht zu werden:<\/p>\n<ul data-start=\"1317\" data-end=\"1633\">\n<li data-start=\"1317\" data-end=\"1370\">\n<p data-start=\"1319\" data-end=\"1370\">\u2705 Struktur: korrosionsbest\u00e4ndiger CORTEN-Stahl<\/p>\n<\/li>\n<li data-start=\"1371\" data-end=\"1423\">\n<p data-start=\"1373\" data-end=\"1423\">\u2705 Thermische Isolierung f\u00fcr den Ganzjahresgebrauch<\/p>\n<\/li>\n<li data-start=\"1424\" data-end=\"1465\">\n<p data-start=\"1426\" data-end=\"1465\">\u2705 Innenwandverkleidung mit Holzeffekt<\/p>\n<\/li>\n<li data-start=\"1466\" data-end=\"1502\">\n<p data-start=\"1468\" data-end=\"1502\">\u2705 Innenwandverkleidung mit Holzeffekt<\/p>\n<\/li>\n<li data-start=\"1503\" data-end=\"1539\">\n<p data-start=\"1505\" data-end=\"1539\">\u2705 Integrierte Klimaanlage<\/p>\n<\/li>\n<li data-start=\"1540\" data-end=\"1590\">\n<p data-start=\"1542\" data-end=\"1590\">\u2705 Funktionaler und ergonomischer Servicetresen<\/p>\n<\/li>\n<li data-start=\"1591\" data-end=\"1633\">\n<p data-start=\"1593\" data-end=\"1633\">\u2705 Rutschfester Boden f\u00fcr mehr Sicherheit<\/p>\n<\/li>\n<\/ul>\n<p data-start=\"1635\" data-end=\"1761\">Dank dieser Ausstattungen bietet dieses mobile Restaurant einen komfortablen und den beruflichen Standards entsprechenden Arbeitsbereich.<\/p>\n<h2 data-start=\"1768\" data-end=\"1813\">Au\u00dfendesign f\u00fcr optimale Leistung konzipiert<\/h2>\n<p data-start=\"1815\" data-end=\"2131\">Der <strong data-start=\"1818\" data-end=\"1866\">Ausgebauter 20-Fu\u00df-Container \u2013 Mobiles Restaurant<\/strong> Es verf\u00fcgt \u00fcber eine nach oben \u00f6ffnende Theke, ideal f\u00fcr schnellen Service wie Fast Food oder Kiosk. Eine gesicherte Eingangst\u00fcr gew\u00e4hrleistet privaten Zugang f\u00fcr das Personal, w\u00e4hrend Metalll\u00e4den die \u00d6ffnungen au\u00dferhalb der Betriebszeiten sch\u00fctzen.<\/p>\n<p data-start=\"2133\" data-end=\"2247\">\u201eDer elektrische Anschluss ist vereinfacht, was eine Installation an allen Arten von tempor\u00e4ren oder festen Standorten erm\u00f6glicht.<\/p>\n<h2 data-start=\"2254\" data-end=\"2295\">Wichtige Vorteile f\u00fcr Fachleute<\/h2>\n<p data-start=\"2297\" data-end=\"2376\">W\u00e4hlen ein <strong data-start=\"2308\" data-end=\"2356\">Ausgebauter 20-Fu\u00df-Container \u2013 Mobiles Restaurant<\/strong>,Es bedeutet sich entscheiden f\u00fcr:<\/p>\n<ul data-start=\"2378\" data-end=\"2650\">\n<li data-start=\"2378\" data-end=\"2437\">\n<p data-start=\"2380\" data-end=\"2437\">\ud83d\ude80 Eine schl\u00fcsselfertige L\u00f6sung, sofort einsatzbereit<\/p>\n<\/li>\n<li data-start=\"2438\" data-end=\"2498\">\n<p data-start=\"2440\" data-end=\"2498\">\ud83d\udce6 Ein Modul, das leicht von einem Standort zum anderen transportiert werden kann<\/p>\n<\/li>\n<li data-start=\"2499\" data-end=\"2558\">\n<p data-start=\"2501\" data-end=\"2558\">\u2705 Einhaltung der Hygiene- und Sicherheitsvorschriften<\/p>\n<\/li>\n<li data-start=\"2559\" data-end=\"2606\">\n<p data-start=\"2561\" data-end=\"2606\">\ud83d\udca1 Ein attraktives Design, das Kunden anzieht<\/p>\n<\/li>\n<li data-start=\"2607\" data-end=\"2650\">\n<p data-start=\"2609\" data-end=\"2650\">\ud83d\udcbc Eine ausgezeichnete Kapitalrendite<\/p>\n<\/li>\n<\/ul>\n<p data-start=\"2652\" data-end=\"2793\">Diese Art von Struktur ist ideal f\u00fcr mobile Gastronomen, Food-Konzeptentwickler, Event-Caf\u00e9s und urbane Snackanbieter.<\/p>\n<h2 data-start=\"2800\" data-end=\"2854\">Ein flexibler Raum f\u00fcr zahlreiche Anwendungen<\/h2>\n<p data-start=\"2856\" data-end=\"2966\">Der <strong data-start=\"2859\" data-end=\"2907\">Ausgebauter 20-Fu\u00df-Container \u2013 Mobiles Restaurant<\/strong> Kann f\u00fcr verschiedene kulinarische T\u00e4tigkeiten genutzt werden:<\/p>\n<ul data-start=\"2968\" data-end=\"3226\">\n<li data-start=\"2968\" data-end=\"3010\">\n<p data-start=\"2970\" data-end=\"3010\">Mobile Bar bei Festivals oder Konzerten<\/p>\n<\/li>\n<li data-start=\"3011\" data-end=\"3056\">\n<p data-start=\"3013\" data-end=\"3056\">Snack oder Fast Food in einer touristischen Zone<\/p>\n<\/li>\n<li data-start=\"3057\" data-end=\"3111\">\n<p data-start=\"3059\" data-end=\"3111\">Tempor\u00e4res Caf\u00e9 auf einem Markt oder einer Fachmesse<\/p>\n<\/li>\n<li data-start=\"3112\" data-end=\"3176\">\n<p data-start=\"3114\" data-end=\"3176\">Festes Restaurant in einem Park, Hafen oder Industriegebiet<\/p>\n<\/li>\n<li data-start=\"3177\" data-end=\"3226\">\n<p data-start=\"3179\" data-end=\"3226\">Verkaufsstand f\u00fcr Street Food in der Innenstadt<\/p>\n<\/li>\n<\/ul>\n<p data-start=\"3228\" data-end=\"3329\">Sein kompaktes Format erm\u00f6glicht eine schnelle und effiziente Installation, selbst in stark frequentierten Bereichen.<\/p>\n<h2 data-start=\"3336\" data-end=\"3386\">Schnelle Lieferung und Anpassungsoptionen<\/h2>\n<p data-start=\"3388\" data-end=\"3685\">Der <strong data-start=\"3391\" data-end=\"3439\">Ausgebauter 20-Fu\u00df-Container \u2013 Mobiles Restaurant<\/strong> Wird \u00fcberall in Frankreich innerhalb von 5 bis 10 Werktagen geliefert. Das Entladen mit einem Kran ist optional verf\u00fcgbar. Sie k\u00f6nnen Ihre Einheit auch individuell gestalten: Leuchtreklame, zus\u00e4tzliche K\u00fcchenausstattung, Regale, integrierte M\u00f6bel usw.<\/p>\n<p data-start=\"3687\" data-end=\"3792\">Ce mod\u00e8le vous permet d\u2019adapter l\u2019espace \u00e0 votre activit\u00e9 tout en gardant une esth\u00e9tique professionnelle.<\/p>\n<h2 data-start=\"3799\" data-end=\"3812\">Fazit<\/h2>\n<p data-start=\"3814\" data-end=\"4128\">Der <strong data-start=\"3817\" data-end=\"3865\">Ausgebauter 20-Fu\u00df-Container \u2013 Mobiles Restaurant<\/strong> Es ist weit mehr als nur ein einfacher Container: Es ist eine echte, mobile, nachhaltige, attraktive und leistungsf\u00e4hige Gastronomiel\u00f6sung. Damit k\u00f6nnen Sie Ihr Gesch\u00e4ft schnell entwickeln, ohne sich um den Bau oder die Anmietung eines traditionellen Lokals k\u00fcmmern zu m\u00fcssen.<\/p>\n<p data-start=\"4130\" data-end=\"4246\">Starten Sie jetzt im mobilen Gastronomiebereich mit einer schl\u00fcsselfertigen, flexiblen und langlebigen L\u00f6sung.<\/p>\n<p data-start=\"4130\" data-end=\"4246\"><img fetchpriority=\"high\" decoding=\"async\" class=\"wp-image-2057 aligncenter\" src=\"https:\/\/www.contenora.com\/wp-content\/uploads\/2025\/05\/Conteneur-20-Pieds-Amenage-Restaurant-Mobile-avec-cuisine-integree-300x300.jpg\" alt=\"Conteneur 20 Pieds Am\u00e9nag\u00e9 Restaurant Mobile avec cuisine int\u00e9gr\u00e9e, pr\u00eat \u00e0 l\u2019emploi pour activit\u00e9s de street food, fast-food ou buvette \u00e9v\u00e9nementielle.\" width=\"349\" height=\"349\" srcset=\"https:\/\/www.contenora.com\/wp-content\/uploads\/2025\/05\/Conteneur-20-Pieds-Amenage-Restaurant-Mobile-avec-cuisine-integree-300x300.jpg 300w, https:\/\/www.contenora.com\/wp-content\/uploads\/2025\/05\/Conteneur-20-Pieds-Amenage-Restaurant-Mobile-avec-cuisine-integree-150x150.jpg 150w, https:\/\/www.contenora.com\/wp-content\/uploads\/2025\/05\/Conteneur-20-Pieds-Amenage-Restaurant-Mobile-avec-cuisine-integree-12x12.jpg 12w, https:\/\/www.contenora.com\/wp-content\/uploads\/2025\/05\/Conteneur-20-Pieds-Amenage-Restaurant-Mobile-avec-cuisine-integree-100x100.jpg 100w, https:\/\/www.contenora.com\/wp-content\/uploads\/2025\/05\/Conteneur-20-Pieds-Amenage-Restaurant-Mobile-avec-cuisine-integree.jpg 562w\" sizes=\"(max-width: 349px) 100vw, 349px\" \/><\/p>\n<p data-start=\"412\" data-end=\"922\">\ud83d\udd17<strong>N\u00fctzliche Links<\/strong><\/p>\n<p data-start=\"66\" data-end=\"220\">\u2705 <a class=\"\" href=\"https:\/\/www.contenora.com\/de\/categorie\/batiment-portable\/\" target=\"_new\" rel=\"noopener nofollow\" data-start=\"69\" data-end=\"176\">Weitere ausgestattete Container f\u00fcr die Gastronomie ansehen<\/a> und finden Sie das Modell, das zu Ihrem Projekt passt.<\/p>\n<p data-start=\"66\" data-end=\"220\"><span style=\"font-size: 16px;\">\u2705 Um die Konformit\u00e4t Ihrer Anlage zu gew\u00e4hrleisten, konsultieren Sie die \u00a0<\/span><a style=\"font-size: 16px;\" href=\"https:\/\/www.ecologie.gouv.fr\/normes-isolation\" rel=\"nofollow noopener\" target=\"_blank\">Hygienevorschriften f\u00fcr den mobilen Gastronomiebereich (Gesundheitsministerium)<\/a><\/p>\n<div>\n<hr \/>\n<\/div>\n<p><strong>Ben\u00f6tigen Sie einen individuellen Kostenvoranschlag oder weitere Informationen?<\/strong> <a href=\"https:\/\/www.contenora.com\/de\/nous-contacter\/\">Kontaktieren Sie uns<\/a> um Ihr Projekt eines mobilen Restaurants im Container zu besprechen.<\/p>","protected":false},"excerpt":{"rendered":"<p>Conteneur 20 Pieds Am\u00e9nag\u00e9 Restaurant Mobile \u2013 Lancez votre activit\u00e9 de restauration cl\u00e9 en main Une solution professionnelle, transportable et pr\u00eate \u00e0 l\u2019emploi Le Conteneur 20 Pieds Am\u00e9nag\u00e9 Restaurant Mobile est une structure innovante con\u00e7ue pour transformer n\u2019importe quel emplacement en v\u00e9ritable restaurant ambulant. Il s\u2019adresse aux professionnels de la restauration, aux food entrepreneurs, aux [&hellip;]<\/p>\n","protected":false},"featured_media":2056,"comment_status":"open","ping_status":"closed","template":"","meta":[],"product_brand":[],"product_cat":[24],"product_tag":[],"class_list":{"0":"post-2055","1":"product","2":"type-product","3":"status-publish","4":"has-post-thumbnail","6":"product_cat-batiment-portable","8":"first","9":"instock","10":"sale","11":"shipping-taxable","12":"purchasable","13":"product-type-simple"},"jetpack_sharing_enabled":true,"_links":{"self":[{"href":"https:\/\/www.contenora.com\/de\/wp-json\/wp\/v2\/product\/2055","targetHints":{"allow":["GET"]}}],"collection":[{"href":"https:\/\/www.contenora.com\/de\/wp-json\/wp\/v2\/product"}],"about":[{"href":"https:\/\/www.contenora.com\/de\/wp-json\/wp\/v2\/types\/product"}],"replies":[{"embeddable":true,"href":"https:\/\/www.contenora.com\/de\/wp-json\/wp\/v2\/comments?post=2055"}],"wp:featuredmedia":[{"embeddable":true,"href":"https:\/\/www.contenora.com\/de\/wp-json\/wp\/v2\/media\/2056"}],"wp:attachment":[{"href":"https:\/\/www.contenora.com\/de\/wp-json\/wp\/v2\/media?parent=2055"}],"wp:term":[{"taxonomy":"product_brand","embeddable":true,"href":"https:\/\/www.contenora.com\/de\/wp-json\/wp\/v2\/product_brand?post=2055"},{"taxonomy":"product_cat","embeddable":true,"href":"https:\/\/www.contenora.com\/de\/wp-json\/wp\/v2\/product_cat?post=2055"},{"taxonomy":"product_tag","embeddable":true,"href":"https:\/\/www.contenora.com\/de\/wp-json\/wp\/v2\/product_tag?post=2055"}],"curies":[{"name":"wp","href":"https:\/\/api.w.org\/{rel}","templated":true}]}}