{"id":1911,"date":"2025-05-24T14:26:23","date_gmt":"2025-05-24T14:26:23","guid":{"rendered":"https:\/\/contenora.com\/?post_type=product&#038;p=1911"},"modified":"2025-06-04T10:11:46","modified_gmt":"2025-06-04T10:11:46","slug":"conteneur-maritime-20-pieds-high-cube-vo","status":"publish","type":"product","link":"https:\/\/www.contenora.com\/de\/product\/conteneur-maritime-20-pieds-high-cube-vo\/","title":{"rendered":"20-Fu\u00df-Seecontainer \u2013 Wasserdicht, Robust &amp; Vielseitig"},"content":{"rendered":"<h1 data-start=\"201\" data-end=\"279\">20-Fu\u00df-High-Cube-Seecontainer \u2013 Maximales Volumen, Garantierte Robustheit<\/h1>\n<p data-start=\"281\" data-end=\"680\">Der <strong data-start=\"284\" data-end=\"325\">20-Fu\u00df-High-Cube-Seecontainer<\/strong> st zu einer  geworden <strong data-start=\"341\" data-end=\"369\">unverzichtbare Referenz<\/strong> im Bereich <strong data-start=\"389\" data-end=\"413\">intermodaler Transport<\/strong> und des <strong data-start=\"420\" data-end=\"443\">logistische Lagerung<\/strong>, Entwickelt, um ein zu bieten <strong data-start=\"466\" data-end=\"486\">h\u00f6heres Volumen<\/strong> Im Vergleich zu einem Standardcontainer bietet er ein gr\u00f6\u00dferes Volumen und erm\u00f6glicht so eine bessere Rentabilit\u00e4t pro Kubikmeter \u2013 bei voller Kompatibilit\u00e4t mit Hafen-, Stra\u00dfen- und Schieneninfrastrukturen.<\/p>\n<p data-start=\"682\" data-end=\"1055\">Mit seinen genormten Au\u00dfenma\u00dfen von <strong data-start=\"729\" data-end=\"748\">6,058 m lang<\/strong>, <strong data-start=\"750\" data-end=\"770\">2,438 m breit<\/strong> und <strong data-start=\"774\" data-end=\"793\">2,890 m hoch<\/strong>, bietet dieses Modell ein <strong data-start=\"814\" data-end=\"841\">Nutzvolumen von 37,3 m\u00b3<\/strong>, also fast 15\u202f% mehr als ein Standard-20-Fu\u00df-Seecontainer. Dank dieser <strong data-start=\"927\" data-end=\"945\">erh\u00f6hte H\u00f6he<\/strong>, erm\u00f6glicht er das Verladen von mehr Paletten, Ausr\u00fcstungen oder unterschiedlichen Waren \u2013 ohne das Format zu \u00e4ndern.<\/p>\n<h2 data-start=\"1062\" data-end=\"1099\">Eine Konstruktion f\u00fcr dauerhafte Nutzung<\/h2>\n<p data-start=\"1101\" data-end=\"1483\">Hergestellt aus <strong data-start=\"1113\" data-end=\"1135\">geschwei\u00dfter Corten-Stahl<\/strong>, bekannt f\u00fcr seine <strong data-start=\"1153\" data-end=\"1182\">Korrosionsbest\u00e4ndigkeit<\/strong>, Der 20-Fu\u00df-High-Cube-Seecontainer h\u00e4lt selbst extremsten Witterungsbedingungen stand \u2013 sei es in salzhaltiger Umgebung, bei starker UV-Strahlung, St\u00f6\u00dfen, Feuchtigkeit oder Temperaturschwankungen. Dieses Material bildet auf nat\u00fcrliche Weise eine sch\u00fctzende Patina, die die Lebensdauer des Containers verl\u00e4ngert, ohne dass eine regelm\u00e4\u00dfige Wartung erforderlich ist.<\/p>\n<p data-start=\"1485\" data-end=\"1791\">Die <strong data-start=\"1489\" data-end=\"1507\">Heckt\u00fcren<\/strong>, mit den Ma\u00dfen <strong data-start=\"1518\" data-end=\"1558\">2,340 m breit und 2,280 m hoch<\/strong>, sind ausgestattet mit <strong data-start=\"1577\" data-end=\"1596\">vier Stangenverschl\u00fcsse<\/strong> und einem <strong data-start=\"1605\" data-end=\"1642\">Vorh\u00e4ngeschloss-Verriegelungssystem<\/strong>, was sowohl gew\u00e4hrleistet <strong data-start=\"1663\" data-end=\"1677\">\u00e9tanch\u00e9it\u00e9<\/strong> und <strong data-start=\"1681\" data-end=\"1693\">Sicherheit<\/strong>. die<strong data-start=\"1697\" data-end=\"1717\">270\u00b0-\u00d6ffnung<\/strong> Erleichtert die Handhabung, selbst auf engem Raum.<\/p>\n<h2 data-start=\"1798\" data-end=\"1847\">Verst\u00e4rkter Boden und hohe Tragf\u00e4higkeit<\/h2>\n<p data-start=\"1849\" data-end=\"2209\">Der Innenboden ist gefertigt aus <strong data-start=\"1884\" data-end=\"1915\">28\u202fmm starkes, wasserfestes Sperrholz<\/strong>, bei einer Nutzfl\u00e4che von <strong data-start=\"1943\" data-end=\"1954\">13,8 m\u00b2<\/strong>. Dieses robuste Material ist feuchtigkeits- und sto\u00dfbest\u00e4ndig und tr\u00e4gt Lasten von bis zu <strong data-start=\"2051\" data-end=\"2079\">5 Tonnen pro Quadratmeter<\/strong>. Dies erm\u00f6glicht die Aufnahme von schwerem Equipment wie Industriemaschinen, Baumaterialien oder beladenen Paletten.<\/p>\n<p data-start=\"2211\" data-end=\"2376\">Der Container verf\u00fcgt \u00fcber ein <strong data-start=\"2236\" data-end=\"2264\">Eigengewicht von 2.340\u202fkg<\/strong> und kann eine Nutzlast von bis zu  transportieren <strong data-start=\"2317\" data-end=\"2330\">28 250 kg<\/strong>, bei einem <strong data-start=\"2340\" data-end=\"2375\">maximales Bruttogewicht von 30.590\u202fkg<\/strong>.<\/p>\n<h2 data-start=\"2383\" data-end=\"2440\">Die Vorteile des 20-Fu\u00df-High-Cube-Seecontainers<\/h2>\n<p data-start=\"2442\" data-end=\"2594\">\u2705 <strong data-start=\"2444\" data-end=\"2463\">Maximiertes Nutzvolumen<\/strong> : Dank seiner erh\u00f6hten Bauh\u00f6he (High Cube) bietet dieser Container mehr Stauraum, ohne die Grundfl\u00e4che zu vergr\u00f6\u00dfern.<\/p>\n<p data-start=\"2596\" data-end=\"2728\">\u2705 <strong data-start=\"2598\" data-end=\"2627\">Au\u00dfergew\u00f6hnliche Widerstandsf\u00e4higkeit<\/strong> : Konstruktion aus Cortenstahl, verst\u00e4rkter Boden und sichere Verriegelung f\u00fcr maximale Langlebigkeit.<\/p>\n<p data-start=\"2730\" data-end=\"2941\">\u2705 <strong data-start=\"2732\" data-end=\"2752\">Interoperabilit\u00e4t<\/strong> Zertifiziert <strong data-start=\"2764\" data-end=\"2771\">CSC<\/strong> Gem\u00e4\u00df der Container-Sicherheitskonvention (CSC) entspricht er der Norm ISO 668, was seine Kompatibilit\u00e4t mit allen Transportmitteln \u2013 See, Schiene und Stra\u00dfe \u2013 garantiert<\/p>\n<p data-start=\"2943\" data-end=\"3083\">\u2705 <strong data-start=\"2945\" data-end=\"2967\">Praktische \u00d6ffnung<\/strong> : Die Heckt\u00fcren lassen sich um 270\u00b0 \u00f6ffnen, was das Beladen selbst unter schwierigen Zugangsbedingungen erleichtert.<\/p>\n<p data-start=\"3085\" data-end=\"3251\">\u2705 <strong data-start=\"3087\" data-end=\"3110\">Vielseitige Einsatzm\u00f6glichkeiten<\/strong> : Ideal f\u00fcr den <strong data-start=\"3129\" data-end=\"3146\">feste Lagerung<\/strong>, le <strong data-start=\"3151\" data-end=\"3180\">G\u00fctertransport<\/strong>, oder auch der<strong data-start=\"3194\" data-end=\"3216\">mobile Ausstattung<\/strong> (B\u00fcros, Messest\u00e4nde, Werkst\u00e4tten usw.).<\/p>\n<h2 data-start=\"3258\" data-end=\"3298\">Vollst\u00e4ndige Technische Daten<\/h2>\n<ul data-start=\"3300\" data-end=\"3839\">\n<li data-start=\"3300\" data-end=\"3360\">\n<p data-start=\"3302\" data-end=\"3360\"><strong data-start=\"3302\" data-end=\"3328\">Au\u00dfenma\u00dfe<\/strong> : 6,058 m x 2,438 m x 2,890 m<\/p>\n<\/li>\n<li data-start=\"3361\" data-end=\"3421\">\n<p data-start=\"3363\" data-end=\"3421\"><strong data-start=\"3363\" data-end=\"3389\">Innenma\u00dfe<\/strong> : 5,009 m x 2,350 m x 2,690 m<\/p>\n<\/li>\n<li data-start=\"3422\" data-end=\"3456\">\n<p data-start=\"3424\" data-end=\"3456\"><strong data-start=\"3424\" data-end=\"3444\">Innenvolumen<\/strong> : 37,3 m\u00b3<\/p>\n<\/li>\n<li data-start=\"3457\" data-end=\"3489\">\n<p data-start=\"3459\" data-end=\"3489\"><strong data-start=\"3459\" data-end=\"3477\">Grundfl\u00e4che<\/strong> : 13,8 m\u00b2<\/p>\n<\/li>\n<li data-start=\"3490\" data-end=\"3539\">\n<p data-start=\"3492\" data-end=\"3539\"><strong data-start=\"3492\" data-end=\"3517\">T\u00fcrma\u00dfe<\/strong> : 2,340 m x 2,280 m<\/p>\n<\/li>\n<li data-start=\"3540\" data-end=\"3571\">\n<p data-start=\"3542\" data-end=\"3571\"><strong data-start=\"3542\" data-end=\"3558\">Leergewicht<\/strong> : 2 340 kg<\/p>\n<\/li>\n<li data-start=\"3572\" data-end=\"3613\">\n<p data-start=\"3574\" data-end=\"3613\"><strong data-start=\"3574\" data-end=\"3599\">Maximale Nutzlast<\/strong> : 28 250 kg<\/p>\n<\/li>\n<li data-start=\"3614\" data-end=\"3652\">\n<p data-start=\"3616\" data-end=\"3652\"><strong data-start=\"3616\" data-end=\"3638\">Maximales Bruttogewicht<\/strong> : 30 590 kg<\/p>\n<\/li>\n<li data-start=\"3653\" data-end=\"3720\">\n<p data-start=\"3655\" data-end=\"3720\"><strong data-start=\"3655\" data-end=\"3668\">Materialien<\/strong> : Cortenstahl, 28 mm Marinesperrholz-Boden<\/p>\n<\/li>\n<li data-start=\"3721\" data-end=\"3756\">\n<p data-start=\"3723\" data-end=\"3756\"><strong data-start=\"3723\" data-end=\"3747\">T\u00fcr\u00f6ffnung<\/strong> : 270\u00b0<\/p>\n<\/li>\n<li data-start=\"3757\" data-end=\"3839\">\n<p data-start=\"3759\" data-end=\"3839\"><strong data-start=\"3759\" data-end=\"3776\">Zertifizierung<\/strong> : CSC \u2013 Internationaler Transport per Schiff, Stra\u00dfe und Schiene<\/p>\n<\/li>\n<\/ul>\n<h2 data-start=\"3846\" data-end=\"3903\">H\u00e4ufige Einsatzbereiche des 20-Fu\u00df-High-Cube-Containers<\/h2>\n<p data-start=\"3905\" data-end=\"3954\">Dieses Modell eignet sich f\u00fcr zahlreiche Einsatzbereiche:<\/p>\n<ul data-start=\"3956\" data-end=\"4378\">\n<li data-start=\"3956\" data-end=\"4026\">\n<p data-start=\"3958\" data-end=\"4026\"><strong data-start=\"3958\" data-end=\"3971\">Industrie<\/strong> : Transport von Maschinen, Spulen, schweren Ger\u00e4ten<\/p>\n<\/li>\n<li data-start=\"4027\" data-end=\"4106\">\n<p data-start=\"4029\" data-end=\"4106\"><strong data-start=\"4029\" data-end=\"4048\">Lebensmittel- und Agrarindustrie<\/strong> : Lagerung von Waren bei Raumtemperatur oder kontrollierter Temperatur<\/p>\n<\/li>\n<li data-start=\"4107\" data-end=\"4165\">\n<p data-start=\"4109\" data-end=\"4165\"><strong data-start=\"4109\" data-end=\"4116\">Hoch- und Tiefbau<\/strong> : Lieferung von Materialien, Platten, Werkzeugen<\/p>\n<\/li>\n<li data-start=\"4166\" data-end=\"4274\">\n<p data-start=\"4168\" data-end=\"4274\"><strong data-start=\"4168\" data-end=\"4184\">Veranstaltungsbereich<\/strong> : Konzeption von <strong data-start=\"4201\" data-end=\"4224\">Pop-up-Stores<\/strong>, <strong data-start=\"4226\" data-end=\"4244\">mobile Messest\u00e4nde<\/strong>, oder <strong data-start=\"4249\" data-end=\"4272\">tempor\u00e4re B\u00fcros<\/strong><\/p>\n<\/li>\n<li data-start=\"4275\" data-end=\"4378\">\n<p data-start=\"4277\" data-end=\"4378\"><strong data-start=\"4277\" data-end=\"4303\">Intermodale Logistik<\/strong> : Direkter Transport ohne Umladung zwischen Schiff, Zug und Lkw<\/p>\n<\/li>\n<\/ul>\n<h2 data-start=\"4385\" data-end=\"4436\">Lieferung, Individualisierung und begleitende Dienstleistungen<\/h2>\n<p data-start=\"4438\" data-end=\"4697\">Unsere 20-Fu\u00df-High-Cube-Seecontainer sind <strong data-start=\"4487\" data-end=\"4540\">innerhalb von 5 bis 10 Werktagen lieferbar<\/strong>, je nach Ihrem Standort. Wir bieten au\u00dferdem einen <strong data-start=\"4596\" data-end=\"4632\">Kranentladungsservice<\/strong>, ideal f\u00fcr das Positionieren des Containers auf Baustellen oder Logistikplattformen.<\/p>\n<p data-start=\"4699\" data-end=\"4753\">Optionen f\u00fcr <strong data-start=\"4714\" data-end=\"4734\">Individualisierung<\/strong> stehen zur Verf\u00fcgung:<\/p>\n<ul data-start=\"4754\" data-end=\"4870\">\n<li data-start=\"4754\" data-end=\"4775\">\n<p data-start=\"4756\" data-end=\"4775\">Individuelle Lackierung<\/p>\n<\/li>\n<li data-start=\"4776\" data-end=\"4808\">\n<p data-start=\"4778\" data-end=\"4808\">Verst\u00e4rkte Sicherheitssysteme<\/p>\n<\/li>\n<li data-start=\"4809\" data-end=\"4845\">\n<p data-start=\"4811\" data-end=\"4845\">Einbau von Rampen oder Bel\u00fcftungssystemen<\/p>\n<\/li>\n<li data-start=\"4846\" data-end=\"4870\">\n<p data-start=\"4848\" data-end=\"4870\">Vorbeugende Wartung<\/p>\n<\/li>\n<\/ul>\n<h2 data-start=\"4877\" data-end=\"4889\">Zusammenfassend<\/h2>\n<p data-start=\"4891\" data-end=\"5272\">\u00a0der <strong data-start=\"3465\" data-end=\"3506\">20-Fu\u00df-High-Cube-Seecontainer<\/strong> ist die ideale L\u00f6sung f\u00fcr Fachleute, die darauf abzielen, zu vereinen. <strong data-start=\"3573\" data-end=\"3592\">optimiertes Volumen<\/strong>, <strong data-start=\"3594\" data-end=\"3608\">Robustheit<\/strong>,und <strong data-start=\"3613\" data-end=\"3640\">intermodale Vielseitigkeit<\/strong>. F\u00fcr ein individuelles Angebot oder eine Beratung, <strong data-start=\"3686\" data-end=\"3709\"><a class=\"cursor-pointer\" href=\"https:\/\/www.contenora.com\/de\/nous-contacter\/\" rel=\"noopener\" data-start=\"3688\" data-end=\"3707\">kontaktieren Sie uns<\/a><\/strong> noch heute!<\/p>\n<ul data-start=\"3148\" data-end=\"3444\">\n<li data-start=\"3148\" data-end=\"3270\">\n<p data-start=\"3150\" data-end=\"3270\">Um mehr \u00fcber unsere anderen Containerformate zu erfahren, besuchen Sie unsere Seite <strong data-start=\"3229\" data-end=\"3267\"><a class=\"cursor-pointer\" href=\"https:\/\/www.contenora.com\/de\/categorie\/conteneurs-maritimes\/\" rel=\"noopener\" data-start=\"3231\" data-end=\"3265\">40-Fu\u00df-Seecontainer<\/a><\/strong>.<\/p>\n<\/li>\n<li data-start=\"3271\" data-end=\"3365\">\n<p data-start=\"3273\" data-end=\"3365\">Entdecken Sie unsere L\u00f6sungen f\u00fcr <strong data-start=\"3300\" data-end=\"3327\"><a class=\"cursor-pointer\" rel=\"noopener\" data-start=\"3302\" data-end=\"3325\">modulare Lagerung<\/a><\/strong> die auf Ihre spezifischen Bed\u00fcrfnisse zugeschnitten sind.<\/p>\n<\/li>\n<li data-start=\"3366\" data-end=\"3444\">\n<p data-start=\"3368\" data-end=\"3444\">Lesen Sie unseren umfassenden Leitfaden \u00fcber <strong data-start=\"3402\" data-end=\"3441\"><a class=\"cursor-pointer\" href=\"https:\/\/www.iso.org\/iso-668-container-standards.html\" rel=\"noopener nofollow\" data-start=\"3404\" data-end=\"3439\" target=\"_blank\">die ISO-Normen f\u00fcr Container<\/a><\/strong>.<\/p>\n<\/li>\n<\/ul>\n<p data-start=\"4891\" data-end=\"5272\"><img fetchpriority=\"high\" decoding=\"async\" class=\"wp-image-1914 aligncenter\" src=\"https:\/\/www.contenora.com\/wp-content\/uploads\/2025\/05\/Container-maritime-20-pieds-d-300x225.jpg\" alt=\"Conteneur maritime 20 pieds High Cube vu de face \u2013 structure en acier Corten\" width=\"463\" height=\"347\" srcset=\"https:\/\/www.contenora.com\/wp-content\/uploads\/2025\/05\/Container-maritime-20-pieds-d-300x225.jpg 300w, https:\/\/www.contenora.com\/wp-content\/uploads\/2025\/05\/Container-maritime-20-pieds-d-1024x769.jpg 1024w, https:\/\/www.contenora.com\/wp-content\/uploads\/2025\/05\/Container-maritime-20-pieds-d-768x577.jpg 768w, https:\/\/www.contenora.com\/wp-content\/uploads\/2025\/05\/Container-maritime-20-pieds-d-600x450.jpg 600w, https:\/\/www.contenora.com\/wp-content\/uploads\/2025\/05\/Container-maritime-20-pieds-d.jpg 1492w\" sizes=\"(max-width: 463px) 100vw, 463px\" \/><\/p>","protected":false},"excerpt":{"rendered":"<p>Conteneur Maritime 20 Pieds High Cube \u2013 Volume Maximis\u00e9, Robustesse Garantie Le conteneur maritime 20 pieds High Cube est devenu une r\u00e9f\u00e9rence incontournable dans le domaine du transport intermodal et du stockage logistique. Con\u00e7u pour offrir un volume sup\u00e9rieur \u00e0 celui d\u2019un conteneur standard, il permet d\u2019optimiser la rentabilit\u00e9 au m\u00e8tre cube tout en garantissant [&hellip;]<\/p>\n","protected":false},"featured_media":1913,"comment_status":"open","ping_status":"closed","template":"","meta":[],"product_brand":[],"product_cat":[23],"product_tag":[],"class_list":{"0":"post-1911","1":"product","2":"type-product","3":"status-publish","4":"has-post-thumbnail","6":"product_cat-conteneurs-maritimes","8":"first","9":"instock","10":"sale","11":"shipping-taxable","12":"purchasable","13":"product-type-simple"},"jetpack_sharing_enabled":true,"_links":{"self":[{"href":"https:\/\/www.contenora.com\/de\/wp-json\/wp\/v2\/product\/1911","targetHints":{"allow":["GET"]}}],"collection":[{"href":"https:\/\/www.contenora.com\/de\/wp-json\/wp\/v2\/product"}],"about":[{"href":"https:\/\/www.contenora.com\/de\/wp-json\/wp\/v2\/types\/product"}],"replies":[{"embeddable":true,"href":"https:\/\/www.contenora.com\/de\/wp-json\/wp\/v2\/comments?post=1911"}],"wp:featuredmedia":[{"embeddable":true,"href":"https:\/\/www.contenora.com\/de\/wp-json\/wp\/v2\/media\/1913"}],"wp:attachment":[{"href":"https:\/\/www.contenora.com\/de\/wp-json\/wp\/v2\/media?parent=1911"}],"wp:term":[{"taxonomy":"product_brand","embeddable":true,"href":"https:\/\/www.contenora.com\/de\/wp-json\/wp\/v2\/product_brand?post=1911"},{"taxonomy":"product_cat","embeddable":true,"href":"https:\/\/www.contenora.com\/de\/wp-json\/wp\/v2\/product_cat?post=1911"},{"taxonomy":"product_tag","embeddable":true,"href":"https:\/\/www.contenora.com\/de\/wp-json\/wp\/v2\/product_tag?post=1911"}],"curies":[{"name":"wp","href":"https:\/\/api.w.org\/{rel}","templated":true}]}}