{"id":1887,"date":"2025-05-24T12:08:49","date_gmt":"2025-05-24T12:08:49","guid":{"rendered":"https:\/\/contenora.com\/?post_type=product&#038;p=1887"},"modified":"2025-05-26T23:58:50","modified_gmt":"2025-05-26T23:58:50","slug":"conteneur-maritime-40-pieds","status":"publish","type":"product","link":"https:\/\/www.contenora.com\/de\/product\/conteneur-maritime-40-pieds\/","title":{"rendered":"40-Fu\u00df-Seecontainer"},"content":{"rendered":"<p data-start=\"0\" data-end=\"437\">Conteneur maritime 40 pieds dry, \u00e9galement connu sous le nom de conteneur sec standard, est un \u00e9l\u00e9ment fondamental du transport intermodal international. Gr\u00e2ce \u00e0 ses dimensions imposantes (12,192 m\u00e8tres de long, 2,438 m\u00e8tres de large et 2,591 m\u00e8tres de haut \u00e0 l\u2019ext\u00e9rieur), il offre une solution logistique id\u00e9ale pour le transport ou le stockage d\u2019un grand volume de marchandises tout en assurant robustesse, s\u00e9curit\u00e9 et polyvalence.<\/p>\n<div id=\"ez-toc-container\" class=\"ez-toc-v2_0_82_1 counter-hierarchy ez-toc-counter ez-toc-grey ez-toc-container-direction\">\n<div class=\"ez-toc-title-container\">\n<p class=\"ez-toc-title\" style=\"cursor:inherit\">Inhaltsverzeichnis<\/p>\n<span class=\"ez-toc-title-toggle\"><a href=\"#\" class=\"ez-toc-pull-right ez-toc-btn ez-toc-btn-xs ez-toc-btn-default ez-toc-toggle\" aria-label=\"Toggle Table of Content\"><span class=\"ez-toc-js-icon-con\"><span class=\"\"><span class=\"eztoc-hide\" style=\"display:none;\">Toggle<\/span><span class=\"ez-toc-icon-toggle-span\"><svg style=\"fill: #999;color:#999\" xmlns=\"http:\/\/www.w3.org\/2000\/svg\" class=\"list-377408\" width=\"20px\" height=\"20px\" viewbox=\"0 0 24 24\" fill=\"none\"><path d=\"M6 6H4v2h2V6zm14 0H8v2h12V6zM4 11h2v2H4v-2zm16 0H8v2h12v-2zM4 16h2v2H4v-2zm16 0H8v2h12v-2z\" fill=\"currentColor\"><\/path><\/svg><svg style=\"fill: #999;color:#999\" class=\"arrow-unsorted-368013\" xmlns=\"http:\/\/www.w3.org\/2000\/svg\" width=\"10px\" height=\"10px\" viewbox=\"0 0 24 24\" version=\"1.2\" baseprofile=\"tiny\"><path d=\"M18.2 9.3l-6.2-6.3-6.2 6.3c-.2.2-.3.4-.3.7s.1.5.3.7c.2.2.4.3.7.3h11c.3 0 .5-.1.7-.3.2-.2.3-.5.3-.7s-.1-.5-.3-.7zM5.8 14.7l6.2 6.3 6.2-6.3c.2-.2.3-.5.3-.7s-.1-.5-.3-.7c-.2-.2-.4-.3-.7-.3h-11c-.3 0-.5.1-.7.3-.2.2-.3.5-.3.7s.1.5.3.7z\"\/><\/svg><\/span><\/span><\/span><\/a><\/span><\/div>\n<nav><ul class='ez-toc-list ez-toc-list-level-1' ><li class='ez-toc-page-1 ez-toc-heading-level-3'><a class=\"ez-toc-link ez-toc-heading-1\" href=\"https:\/\/www.contenora.com\/de\/product\/conteneur-maritime-40-pieds\/#1_Presentation_generale\" >1. Pr\u00e9sentation g\u00e9n\u00e9rale<\/a><\/li><li class='ez-toc-page-1 ez-toc-heading-level-3'><a class=\"ez-toc-link ez-toc-heading-2\" href=\"https:\/\/www.contenora.com\/de\/product\/conteneur-maritime-40-pieds\/#2_Structure_et_fabrication\" >2. Structure et fabrication<\/a><\/li><li class='ez-toc-page-1 ez-toc-heading-level-3'><a class=\"ez-toc-link ez-toc-heading-3\" href=\"https:\/\/www.contenora.com\/de\/product\/conteneur-maritime-40-pieds\/#3_Caracteristiques_techniques_detaillees\" >3. Caract\u00e9ristiques techniques d\u00e9taill\u00e9es<\/a><\/li><li class='ez-toc-page-1 ez-toc-heading-level-3'><a class=\"ez-toc-link ez-toc-heading-4\" href=\"https:\/\/www.contenora.com\/de\/product\/conteneur-maritime-40-pieds\/#4_Usages_et_applications\" >4. Usages et applications<\/a><\/li><li class='ez-toc-page-1 ez-toc-heading-level-3'><a class=\"ez-toc-link ez-toc-heading-5\" href=\"https:\/\/www.contenora.com\/de\/product\/conteneur-maritime-40-pieds\/#5_Avantages_cles\" >5. Avantages cl\u00e9s<\/a><\/li><li class='ez-toc-page-1 ez-toc-heading-level-3'><a class=\"ez-toc-link ez-toc-heading-6\" href=\"https:\/\/www.contenora.com\/de\/product\/conteneur-maritime-40-pieds\/#6_Services_complementaires\" >6. Services compl\u00e9mentaires<\/a><\/li><li class='ez-toc-page-1 ez-toc-heading-level-3'><a class=\"ez-toc-link ez-toc-heading-7\" href=\"https:\/\/www.contenora.com\/de\/product\/conteneur-maritime-40-pieds\/#Conclusion\" >Fazit<\/a><\/li><\/ul><\/nav><\/div>\n<h3 data-start=\"439\" data-end=\"471\"><span class=\"ez-toc-section\" id=\"1_Presentation_generale\"><\/span>1. <strong data-start=\"446\" data-end=\"471\">Pr\u00e9sentation g\u00e9n\u00e9rale<\/strong><span class=\"ez-toc-section-end\"><\/span><\/h3>\n<p data-start=\"473\" data-end=\"810\">Con\u00e7u selon les normes ISO, le conteneur 40 pieds dry est le plus utilis\u00e9 au monde apr\u00e8s le mod\u00e8le 20 pieds. Sa taille double lui conf\u00e8re une capacit\u00e9 de stockage d\u2019environ 68 m\u00b3 pour une surface au sol de 28 m\u00b2, ce qui en fait un excellent choix pour les exp\u00e9ditions de gros volumes, les op\u00e9rations de groupage, ou le stockage sur site.<\/p>\n<h3 data-start=\"812\" data-end=\"847\"><span class=\"ez-toc-section\" id=\"2_Structure_et_fabrication\"><\/span>2. <strong data-start=\"819\" data-end=\"847\">Structure et fabrication<\/strong><span class=\"ez-toc-section-end\"><\/span><\/h3>\n<p data-start=\"849\" data-end=\"1196\">Hergestellt aus <strong data-start=\"861\" data-end=\"877\">acier Corten<\/strong>, un mat\u00e9riau hautement r\u00e9sistant \u00e0 la corrosion et aux conditions climatiques extr\u00eames, le conteneur est enti\u00e8rement soud\u00e9 pour garantir une \u00e9tanch\u00e9it\u00e9 parfaite \u00e0 l\u2019air et \u00e0 l\u2019eau. Cette structure monobloc lui conf\u00e8re une grande rigidit\u00e9, essentielle pour r\u00e9sister aux contraintes du transport maritime et ferroviaire.<\/p>\n<p data-start=\"1198\" data-end=\"1391\">Son <strong data-start=\"1202\" data-end=\"1245\">plancher en contreplaqu\u00e9 marin de 28 mm<\/strong>, trait\u00e9 anti-humidit\u00e9 et anti-moisissure, est capable de supporter de lourdes charges, notamment gr\u00e2ce \u00e0 son renforcement m\u00e9tallique sous-jacent.<\/p>\n<p data-start=\"1393\" data-end=\"1552\">Die <strong data-start=\"1397\" data-end=\"1432\">portes arri\u00e8re \u00e0 ouverture 270\u00b0<\/strong> facilitent le chargement et le d\u00e9chargement de palettes, caisses ou \u00e9quipements lourds \u00e0 l\u2019aide de chariots \u00e9l\u00e9vateurs.<\/p>\n<h3 data-start=\"1554\" data-end=\"1603\"><span class=\"ez-toc-section\" id=\"3_Caracteristiques_techniques_detaillees\"><\/span>3. <strong data-start=\"1561\" data-end=\"1603\">Caract\u00e9ristiques techniques d\u00e9taill\u00e9es<\/strong><span class=\"ez-toc-section-end\"><\/span><\/h3>\n<ul data-start=\"1605\" data-end=\"2253\">\n<li data-start=\"1605\" data-end=\"1697\">\n<p data-start=\"1607\" data-end=\"1697\"><strong data-start=\"1607\" data-end=\"1633\">Au\u00dfenma\u00dfe<\/strong> : 12,192 m (longueur) x 2,438 m (largeur) x 2,591 m (hauteur)<\/p>\n<\/li>\n<li data-start=\"1698\" data-end=\"1790\">\n<p data-start=\"1700\" data-end=\"1790\"><strong data-start=\"1700\" data-end=\"1726\">Innenma\u00dfe<\/strong> : 12,032 m (longueur) x 2,352 m (largeur) x 2,398 m (hauteur)<\/p>\n<\/li>\n<li data-start=\"1791\" data-end=\"1860\">\n<p data-start=\"1793\" data-end=\"1860\"><strong data-start=\"1793\" data-end=\"1818\">T\u00fcrma\u00dfe<\/strong> : 2,340 m (largeur) x 2,280 m (hauteur)<\/p>\n<\/li>\n<li data-start=\"1861\" data-end=\"1891\">\n<p data-start=\"1863\" data-end=\"1891\"><strong data-start=\"1863\" data-end=\"1881\">Grundfl\u00e4che<\/strong> : 28 m\u00b2<\/p>\n<\/li>\n<li data-start=\"1892\" data-end=\"1920\">\n<p data-start=\"1894\" data-end=\"1920\"><strong data-start=\"1894\" data-end=\"1910\">Nutzvolumen<\/strong> : 68 m\u00b3<\/p>\n<\/li>\n<li data-start=\"1921\" data-end=\"1952\">\n<p data-start=\"1923\" data-end=\"1952\"><strong data-start=\"1923\" data-end=\"1939\">Leergewicht<\/strong> : 3 700 kg<\/p>\n<\/li>\n<li data-start=\"1953\" data-end=\"1994\">\n<p data-start=\"1955\" data-end=\"1994\"><strong data-start=\"1955\" data-end=\"1980\">Maximale Nutzlast<\/strong> : 28 600 kg<\/p>\n<\/li>\n<li data-start=\"1995\" data-end=\"2042\">\n<p data-start=\"1997\" data-end=\"2042\"><strong data-start=\"1997\" data-end=\"2028\">Poids brut maximal autoris\u00e9<\/strong> : 32 300 kg<\/p>\n<\/li>\n<li data-start=\"2043\" data-end=\"2094\">\n<p data-start=\"2045\" data-end=\"2094\"><strong data-start=\"2045\" data-end=\"2069\">T\u00fcr\u00f6ffnung<\/strong> : 270\u00b0, double battant<\/p>\n<\/li>\n<li data-start=\"2095\" data-end=\"2139\">\n<p data-start=\"2097\" data-end=\"2139\"><strong data-start=\"2097\" data-end=\"2109\">Boden<\/strong> : contreplaqu\u00e9 marin, 28 mm<\/p>\n<\/li>\n<li data-start=\"2140\" data-end=\"2190\">\n<p data-start=\"2142\" data-end=\"2190\"><strong data-start=\"2142\" data-end=\"2155\">Struktur<\/strong> : acier Corten enti\u00e8rement soud\u00e9<\/p>\n<\/li>\n<li data-start=\"2191\" data-end=\"2253\">\n<p data-start=\"2193\" data-end=\"2253\"><strong data-start=\"2193\" data-end=\"2220\">Syst\u00e8me de verrouillage<\/strong> : cr\u00e9mones + cadenas (en option)<\/p>\n<\/li>\n<\/ul>\n<h3 data-start=\"2255\" data-end=\"2288\"><span class=\"ez-toc-section\" id=\"4_Usages_et_applications\"><\/span>4. <strong data-start=\"2262\" data-end=\"2288\">Usages et applications<\/strong><span class=\"ez-toc-section-end\"><\/span><\/h3>\n<p data-start=\"2290\" data-end=\"2349\">Le conteneur maritime 40 pieds dry est l\u2019outil id\u00e9al pour :<\/p>\n<ul data-start=\"2351\" data-end=\"2985\">\n<li data-start=\"2351\" data-end=\"2482\">\n<p data-start=\"2353\" data-end=\"2482\"><strong data-start=\"2353\" data-end=\"2378\">Le transport maritime<\/strong> : par bateau en transbordement direct, adapt\u00e9 aux conteneurs standardis\u00e9s manipul\u00e9s par grue portuaire.<\/p>\n<\/li>\n<li data-start=\"2483\" data-end=\"2625\">\n<p data-start=\"2485\" data-end=\"2625\"><strong data-start=\"2485\" data-end=\"2526\">Le transport terrestre ou ferroviaire<\/strong> : il s\u2019adapte aux remorques longues et wagons \u00e0 plateforme pour un acheminement en toute s\u00e9curit\u00e9.<\/p>\n<\/li>\n<li data-start=\"2626\" data-end=\"2792\">\n<p data-start=\"2628\" data-end=\"2792\"><strong data-start=\"2628\" data-end=\"2667\">Le stockage temporaire ou permanent<\/strong> : sur un site industriel, un chantier ou un entrep\u00f4t, il permet de s\u00e9curiser mat\u00e9riel, produits finis ou mati\u00e8res premi\u00e8res.<\/p>\n<\/li>\n<li data-start=\"2793\" data-end=\"2985\">\n<p data-start=\"2795\" data-end=\"2985\"><strong data-start=\"2795\" data-end=\"2827\">Les am\u00e9nagements sp\u00e9cifiques<\/strong> : certains mod\u00e8les sont modifi\u00e9s pour cr\u00e9er des bureaux mobiles, des boutiques \u00e9ph\u00e9m\u00e8res, des logements d\u2019appoint ou m\u00eame des centres de donn\u00e9es temporaires.<\/p>\n<\/li>\n<\/ul>\n<h3 data-start=\"2987\" data-end=\"3012\"><span class=\"ez-toc-section\" id=\"5_Avantages_cles\"><\/span>5. <strong data-start=\"2994\" data-end=\"3012\">Avantages cl\u00e9s<\/strong><span class=\"ez-toc-section-end\"><\/span><\/h3>\n<ol data-start=\"3014\" data-end=\"4093\">\n<li data-start=\"3014\" data-end=\"3221\">\n<p data-start=\"3017\" data-end=\"3221\"><strong data-start=\"3017\" data-end=\"3052\">Capacit\u00e9 de chargement maximale<\/strong><br data-start=\"3052\" data-end=\"3055\" \/>Gr\u00e2ce \u00e0 ses 68 m\u00b3 de volume utile, le mod\u00e8le 40 pieds permet de stocker jusqu\u2019\u00e0 25 \u00e0 30 palettes Europe, selon le type de chargement (simple ou double empilement).<\/p>\n<\/li>\n<li data-start=\"3223\" data-end=\"3418\">\n<p data-start=\"3226\" data-end=\"3418\"><strong data-start=\"3226\" data-end=\"3268\">R\u00e9sistance aux environnements extr\u00eames<\/strong><br data-start=\"3268\" data-end=\"3271\" \/>L\u2019acier Corten forme une couche protectrice naturelle contre la rouille, assurant ainsi une long\u00e9vit\u00e9 moyenne de 15 \u00e0 20 ans, m\u00eame en ext\u00e9rieur.<\/p>\n<\/li>\n<li data-start=\"3420\" data-end=\"3677\">\n<p data-start=\"3423\" data-end=\"3677\"><strong data-start=\"3423\" data-end=\"3452\">Vielseitige Einsatzm\u00f6glichkeiten<\/strong><br data-start=\"3452\" data-end=\"3455\" \/>Transport de biens industriels, alimentaires (non p\u00e9rissables), marchandises fragiles ou m\u00eame d\u00e9m\u00e9nagements internationaux : le conteneur 40 pieds sec r\u00e9pond \u00e0 tous ces besoins sans n\u00e9cessiter d\u2019\u00e9quipements sp\u00e9cifiques.<\/p>\n<\/li>\n<li data-start=\"3679\" data-end=\"3891\">\n<p data-start=\"3682\" data-end=\"3891\"><strong data-start=\"3682\" data-end=\"3707\">S\u00e9curit\u00e9 et fiabilit\u00e9<\/strong><br data-start=\"3707\" data-end=\"3710\" \/>Les portes verrouillables assurent une protection contre le vol, les intemp\u00e9ries et les rongeurs. Des joints en caoutchouc \u00e9tanche emp\u00eachent l\u2019infiltration d\u2019eau et de poussi\u00e8re.<\/p>\n<\/li>\n<li data-start=\"3893\" data-end=\"4093\">\n<p data-start=\"3896\" data-end=\"4093\"><strong data-start=\"3896\" data-end=\"3923\">Optimisation logistique<\/strong><br data-start=\"3923\" data-end=\"3926\" \/>Compatible avec les syst\u00e8mes de levage standard (grue, reach-stacker, chariot), le conteneur peut \u00eatre manipul\u00e9 rapidement et efficacement dans les ports et d\u00e9p\u00f4ts.<\/p>\n<\/li>\n<\/ol>\n<h3 data-start=\"4095\" data-end=\"4130\"><span class=\"ez-toc-section\" id=\"6_Services_complementaires\"><\/span>6. <strong data-start=\"4102\" data-end=\"4130\">Services compl\u00e9mentaires<\/strong><span class=\"ez-toc-section-end\"><\/span><\/h3>\n<ul data-start=\"4132\" data-end=\"4557\">\n<li data-start=\"4132\" data-end=\"4237\">\n<p data-start=\"4134\" data-end=\"4237\"><strong data-start=\"4134\" data-end=\"4156\">Lieferzeit<\/strong> : entre 5 et 10 jours ouvr\u00e9s selon la localisation et la disponibilit\u00e9 en stock.<\/p>\n<\/li>\n<li data-start=\"4238\" data-end=\"4376\">\n<p data-start=\"4240\" data-end=\"4376\"><strong data-start=\"4240\" data-end=\"4276\">D\u00e9chargement par grue disponible<\/strong> : service \u00e0 la demande, utile pour les zones \u00e0 acc\u00e8s limit\u00e9 ou les livraisons en terrain difficile.<\/p>\n<\/li>\n<li data-start=\"4377\" data-end=\"4557\">\n<p data-start=\"4379\" data-end=\"4557\"><strong data-start=\"4379\" data-end=\"4408\">Personnalisation possible<\/strong> : peinture aux couleurs de votre entreprise, ajout de grilles de ventilation, d\u2019\u00e9tag\u00e8res int\u00e9rieures, d\u2019isolation thermique ou de panneaux solaires.<\/p>\n<\/li>\n<\/ul>\n<h3 data-start=\"4564\" data-end=\"4578\"><span class=\"ez-toc-section\" id=\"Conclusion\"><\/span>Fazit<span class=\"ez-toc-section-end\"><\/span><\/h3>\n<p data-start=\"4580\" data-end=\"5099\" data-is-last-node=\"\" data-is-only-node=\"\">Le conteneur maritime 40 pieds dry reste l\u2019un des outils les plus fiables et rentables pour le transport et le stockage de marchandises \u00e0 l\u2019\u00e9chelle mondiale. Gr\u00e2ce \u00e0 sa solidit\u00e9, sa grande capacit\u00e9 et sa compatibilit\u00e9 universelle, il est aujourd\u2019hui incontournable dans tous les secteurs : industriel, commercial, logistique, \u00e9v\u00e9nementiel ou encore humanitaire. Que ce soit pour une utilisation ponctuelle ou un investissement \u00e0 long terme, ce conteneur repr\u00e9sente une valeur s\u00fbre pour r\u00e9pondre \u00e0 vos d\u00e9fis logistiques<\/p>","protected":false},"excerpt":{"rendered":"<p>Conteneur maritime 40 pieds dry, \u00e9galement connu sous le nom de conteneur sec standard, est un \u00e9l\u00e9ment fondamental du transport intermodal international. Gr\u00e2ce \u00e0 ses dimensions imposantes (12,192 m\u00e8tres de long, 2,438 m\u00e8tres de large et 2,591 m\u00e8tres de haut \u00e0 l\u2019ext\u00e9rieur), il offre une solution logistique id\u00e9ale pour le transport ou le stockage d\u2019un [&hellip;]<\/p>\n","protected":false},"featured_media":1890,"comment_status":"open","ping_status":"closed","template":"","meta":[],"product_brand":[],"product_cat":[23],"product_tag":[],"class_list":{"0":"post-1887","1":"product","2":"type-product","3":"status-publish","4":"has-post-thumbnail","6":"product_cat-conteneurs-maritimes","8":"first","9":"instock","10":"sale","11":"shipping-taxable","12":"purchasable","13":"product-type-simple"},"jetpack_sharing_enabled":true,"_links":{"self":[{"href":"https:\/\/www.contenora.com\/de\/wp-json\/wp\/v2\/product\/1887","targetHints":{"allow":["GET"]}}],"collection":[{"href":"https:\/\/www.contenora.com\/de\/wp-json\/wp\/v2\/product"}],"about":[{"href":"https:\/\/www.contenora.com\/de\/wp-json\/wp\/v2\/types\/product"}],"replies":[{"embeddable":true,"href":"https:\/\/www.contenora.com\/de\/wp-json\/wp\/v2\/comments?post=1887"}],"wp:featuredmedia":[{"embeddable":true,"href":"https:\/\/www.contenora.com\/de\/wp-json\/wp\/v2\/media\/1890"}],"wp:attachment":[{"href":"https:\/\/www.contenora.com\/de\/wp-json\/wp\/v2\/media?parent=1887"}],"wp:term":[{"taxonomy":"product_brand","embeddable":true,"href":"https:\/\/www.contenora.com\/de\/wp-json\/wp\/v2\/product_brand?post=1887"},{"taxonomy":"product_cat","embeddable":true,"href":"https:\/\/www.contenora.com\/de\/wp-json\/wp\/v2\/product_cat?post=1887"},{"taxonomy":"product_tag","embeddable":true,"href":"https:\/\/www.contenora.com\/de\/wp-json\/wp\/v2\/product_tag?post=1887"}],"curies":[{"name":"wp","href":"https:\/\/api.w.org\/{rel}","templated":true}]}}