{"id":1880,"date":"2025-05-24T11:30:07","date_gmt":"2025-05-24T11:30:07","guid":{"rendered":"https:\/\/contenora.com\/?post_type=product&#038;p=1880"},"modified":"2025-05-27T06:41:15","modified_gmt":"2025-05-27T06:41:15","slug":"twist-lock-intermediaire-pour-conteneur","status":"publish","type":"product","link":"https:\/\/www.contenora.com\/de\/product\/twist-lock-intermediaire-pour-conteneur\/","title":{"rendered":"Zwischen-Twistlock f\u00fcr Container"},"content":{"rendered":"<h1 class=\"product_title entry-title\">Zwischen-Twistlock f\u00fcr Container<\/h1>\n<p>Notre Twist Lock interm\u00e9diaire est con\u00e7u pour garantir la s\u00e9curit\u00e9 de l\u2019empilage des conteneurs, en particulier dans les environnements o\u00f9 la stabilit\u00e9 est essentielle. Par exemple, dans les zones soumises \u00e0 des vents violents ou \u00e0 proximit\u00e9 de passerelles et de routes, o\u00f9 les mouvements pourraient compromettre la sant\u00e9 et la s\u00e9curit\u00e9.<\/p>\n<p>La goupille d\u2019empilage twist lock pour conteneurs d\u2019exp\u00e9dition est con\u00e7ue pour \u00eatre facile \u00e0 utiliser, avec une poign\u00e9e de verrouillage manuel qui permet de s\u00e9curiser les conteneurs en toute simplicit\u00e9. La position de cette derni\u00e8re sert \u00e9galement d\u2019indicateur visuel, montrant clairement si la serrure est verrouill\u00e9e ou d\u00e9verrouill\u00e9e, ce qui accro\u00eet la s\u00e9curit\u00e9 et la facilit\u00e9 d\u2019utilisation.<\/p>\n<p>Construit avec un corps en fonte et des t\u00eates en acier forg\u00e9, ce dispositif offre une r\u00e9sistance et une durabilit\u00e9 exceptionnelles, garantissant que les conteneurs restent fermement en place. Pour renforcer sa long\u00e9vit\u00e9 et le prot\u00e9ger contre la corrosion, le verrou est galvanis\u00e9 \u00e0 chaud.<\/p>\n<p>Caract\u00e9ristiques :<br \/>\nCisaillement : 42 tonnes, pour s\u2019assurer que la serrure peut supporter les forces lat\u00e9rales.<br \/>\nTension : 50 tonnes, capable de r\u00e9sister aux forces de s\u00e9paration.<br \/>\nCompression : 25 tonnes, d\u00e9montrant sa capacit\u00e9 \u00e0 supporter de lourdes charges verticales.<br \/>\nNotre verrou interm\u00e9diaire pour conteneurs maritimes offre une solution fiable et durable pour maintenir la stabilit\u00e9 et la s\u00e9curit\u00e9 des conteneurs.<\/p>\n<p>Am\u00e9liorez vos capacit\u00e9s d\u2019empilage de conteneurs en combinant la serrure \u00e0 torsion interm\u00e9diaire avec des blocs d\u2019angle.<br \/>\nCette combinaison offre une solution polyvalente et robuste pour s\u00e9curiser les conteneurs.<\/p>","protected":false},"excerpt":{"rendered":"<p>Twist lock interm\u00e9diaire pour conteneur Notre Twist Lock interm\u00e9diaire est con\u00e7u pour garantir la s\u00e9curit\u00e9 de l\u2019empilage des conteneurs, en particulier dans les environnements o\u00f9 la stabilit\u00e9 est essentielle. Par exemple, dans les zones soumises \u00e0 des vents violents ou \u00e0 proximit\u00e9 de passerelles et de routes, o\u00f9 les mouvements pourraient compromettre la sant\u00e9 et [&hellip;]<\/p>\n","protected":false},"featured_media":1881,"comment_status":"open","ping_status":"closed","template":"","meta":[],"product_brand":[],"product_cat":[26],"product_tag":[],"class_list":{"0":"post-1880","1":"product","2":"type-product","3":"status-publish","4":"has-post-thumbnail","6":"product_cat-accessoires-de-conteneur","8":"first","9":"instock","10":"sale","11":"shipping-taxable","12":"purchasable","13":"product-type-simple"},"jetpack_sharing_enabled":true,"_links":{"self":[{"href":"https:\/\/www.contenora.com\/de\/wp-json\/wp\/v2\/product\/1880","targetHints":{"allow":["GET"]}}],"collection":[{"href":"https:\/\/www.contenora.com\/de\/wp-json\/wp\/v2\/product"}],"about":[{"href":"https:\/\/www.contenora.com\/de\/wp-json\/wp\/v2\/types\/product"}],"replies":[{"embeddable":true,"href":"https:\/\/www.contenora.com\/de\/wp-json\/wp\/v2\/comments?post=1880"}],"wp:featuredmedia":[{"embeddable":true,"href":"https:\/\/www.contenora.com\/de\/wp-json\/wp\/v2\/media\/1881"}],"wp:attachment":[{"href":"https:\/\/www.contenora.com\/de\/wp-json\/wp\/v2\/media?parent=1880"}],"wp:term":[{"taxonomy":"product_brand","embeddable":true,"href":"https:\/\/www.contenora.com\/de\/wp-json\/wp\/v2\/product_brand?post=1880"},{"taxonomy":"product_cat","embeddable":true,"href":"https:\/\/www.contenora.com\/de\/wp-json\/wp\/v2\/product_cat?post=1880"},{"taxonomy":"product_tag","embeddable":true,"href":"https:\/\/www.contenora.com\/de\/wp-json\/wp\/v2\/product_tag?post=1880"}],"curies":[{"name":"wp","href":"https:\/\/api.w.org\/{rel}","templated":true}]}}