{"id":1875,"date":"2025-05-24T11:20:53","date_gmt":"2025-05-24T11:20:53","guid":{"rendered":"https:\/\/contenora.com\/?post_type=product&#038;p=1875"},"modified":"2025-05-27T06:44:46","modified_gmt":"2025-05-27T06:44:46","slug":"twist-lock-semi-automatique-pour-conteneur","status":"publish","type":"product","link":"https:\/\/www.contenora.com\/de\/product\/twist-lock-semi-automatique-pour-conteneur\/","title":{"rendered":"Halbautomatischer Twistlock f\u00fcr Container"},"content":{"rendered":"<p>Halbautomatischer Twistlock f\u00fcr Container<\/p>\n<p>Fabriqu\u00e9e \u00e0 partir de mat\u00e9riaux de la plus haute qualit\u00e9, la serrure tournante semi-automatique est une combinaison de force et de pr\u00e9cision. L\u2019arbre forg\u00e9, le bo\u00eetier en fonte sph\u00e9ro\u00efdale et le ressort en acier inoxydable galvanis\u00e9 \u00e0 chaud conf\u00e8rent \u00e0 ce dispositif une r\u00e9sistance exceptionnelle \u00e0 la corrosion et \u00e0 l\u2019usure, ce qui lui assure une longue dur\u00e9e de vie, m\u00eame dans les conditions les plus extr\u00eames.<\/p>\n<p>Caract\u00e9ristiques :<br \/>\nTaille : 22x12x22 cm<br \/>\nPoids : 7,2 kg<br \/>\nCisaillement : 42 tonnes, pour garantir que la serrure peut supporter les forces lat\u00e9rales.<br \/>\nTension : 50 tonnes, capable de r\u00e9sister aux forces de s\u00e9paration.<br \/>\nCompression : 25 tonnes, d\u00e9montrant sa capacit\u00e9 \u00e0 supporter de lourdes charges verticales.<br \/>\nLe fonctionnement est simple mais efficace. Lorsque deux conteneurs sont empil\u00e9s l\u2019un sur l\u2019autre, le poids du conteneur sup\u00e9rieur d\u00e9clenche un m\u00e9canisme de verrouillage automatique qui verrouille fermement les deux parties de la serrure. Ce syst\u00e8me de verrouillage assure une prise solide et fiable, m\u00eame dans des conditions de mer difficiles.<\/p>\n<p>Vorteile:<br \/>\nS\u00e9curit\u00e9 : la fonction principale de la serrure tournante semi-automatique est de garantir la s\u00e9curit\u00e9 du chargement pendant le transport.<br \/>\nEfficacit\u00e9 : l\u2019automatisation du processus de verrouillage rend l\u2019op\u00e9ration de gerbage des conteneurs plus rapide et plus facile.<br \/>\nDurabilit\u00e9 : fabriqu\u00e9e \u00e0 partir de mat\u00e9riaux de haute qualit\u00e9 et con\u00e7ue pour r\u00e9sister \u00e0 des charges \u00e9lev\u00e9es, la serrure tournante semi-automatique offre une excellente durabilit\u00e9.<br \/>\nFiabilit\u00e9 : Les performances techniques \u00e9lev\u00e9es de ce dispositif garantissent un fonctionnement s\u00fbr et fiable dans toutes les conditions.<br \/>\nLa serrure tournante semi-automatique est un \u00e9l\u00e9ment essentiel pour la s\u00e9curit\u00e9 et l\u2019efficacit\u00e9 du transport conteneuris\u00e9. Gr\u00e2ce \u00e0 ses caract\u00e9ristiques techniques et \u00e0 sa construction robuste, ce dispositif est un choix fiable pour toutes les entreprises op\u00e9rant dans le secteur de la logistique maritime.<\/p>","protected":false},"excerpt":{"rendered":"<p>Twist lock semi-automatique pour conteneur Fabriqu\u00e9e \u00e0 partir de mat\u00e9riaux de la plus haute qualit\u00e9, la serrure tournante semi-automatique est une combinaison de force et de pr\u00e9cision. L\u2019arbre forg\u00e9, le bo\u00eetier en fonte sph\u00e9ro\u00efdale et le ressort en acier inoxydable galvanis\u00e9 \u00e0 chaud conf\u00e8rent \u00e0 ce dispositif une r\u00e9sistance exceptionnelle \u00e0 la corrosion et \u00e0 [&hellip;]<\/p>\n","protected":false},"featured_media":1876,"comment_status":"open","ping_status":"closed","template":"","meta":[],"product_brand":[],"product_cat":[26],"product_tag":[],"class_list":{"0":"post-1875","1":"product","2":"type-product","3":"status-publish","4":"has-post-thumbnail","6":"product_cat-accessoires-de-conteneur","8":"first","9":"instock","10":"sale","11":"shipping-taxable","12":"purchasable","13":"product-type-simple"},"jetpack_sharing_enabled":true,"_links":{"self":[{"href":"https:\/\/www.contenora.com\/de\/wp-json\/wp\/v2\/product\/1875","targetHints":{"allow":["GET"]}}],"collection":[{"href":"https:\/\/www.contenora.com\/de\/wp-json\/wp\/v2\/product"}],"about":[{"href":"https:\/\/www.contenora.com\/de\/wp-json\/wp\/v2\/types\/product"}],"replies":[{"embeddable":true,"href":"https:\/\/www.contenora.com\/de\/wp-json\/wp\/v2\/comments?post=1875"}],"wp:featuredmedia":[{"embeddable":true,"href":"https:\/\/www.contenora.com\/de\/wp-json\/wp\/v2\/media\/1876"}],"wp:attachment":[{"href":"https:\/\/www.contenora.com\/de\/wp-json\/wp\/v2\/media?parent=1875"}],"wp:term":[{"taxonomy":"product_brand","embeddable":true,"href":"https:\/\/www.contenora.com\/de\/wp-json\/wp\/v2\/product_brand?post=1875"},{"taxonomy":"product_cat","embeddable":true,"href":"https:\/\/www.contenora.com\/de\/wp-json\/wp\/v2\/product_cat?post=1875"},{"taxonomy":"product_tag","embeddable":true,"href":"https:\/\/www.contenora.com\/de\/wp-json\/wp\/v2\/product_tag?post=1875"}],"curies":[{"name":"wp","href":"https:\/\/api.w.org\/{rel}","templated":true}]}}