{"id":1869,"date":"2025-05-24T11:09:21","date_gmt":"2025-05-24T11:09:21","guid":{"rendered":"https:\/\/contenora.com\/?post_type=product&#038;p=1869"},"modified":"2025-05-27T06:48:10","modified_gmt":"2025-05-27T06:48:10","slug":"crochet-pour-conteneurs-maritimes","status":"publish","type":"product","link":"https:\/\/www.contenora.com\/de\/product\/crochet-pour-conteneurs-maritimes\/","title":{"rendered":"Haken f\u00fcr Seecontainer"},"content":{"rendered":"<p>Le crochet pour conteneurs maritimes pour conteneurs sont les crochets les plus couramment utilis\u00e9s pour les conteneurs maritimes. Les crochets sont disponibles en 3 variantes :<\/p>\n<p>Crochet direct 0\u00b0<br \/>\nCrochet droit 45\u00b0<br \/>\nCrochet gauch 45\u00b0<br \/>\nAvec les crochets droits pour conteneurs, le levage n\u2019est possible qu\u2019en position droite. Le crochet droit est utilis\u00e9 en combinaison avec un traverse en H. Les crochets lat\u00e9raux (droit et gauche) permettent un levage \u00e0 un angle de 45\u00b0. Ces crochets, gr\u00e2ce \u00e0 leur \u0153illet, sont souvent utilis\u00e9s en combinaison avec un attelage \u00e0 deux jambes. Le mat\u00e9riau du crochet est un acier alli\u00e9 et tremp\u00e9 G80.<\/p>\n<p>Caract\u00e9ristiques techniques:<\/p>\n<p>\u00c9l\u00e9ment de connexion: \u0153illet<br \/>\nMat\u00e9riau: grade 80<br \/>\nTonnage: 12 500 kg<br \/>\nFacteur de s\u00e9curit\u00e9 4:1<br \/>\nNorme: EN 1677-1,-2,-3 en -5<br \/>\nPoids: 4 Kg<br \/>\nCertifi\u00e9 CE<\/p>","protected":false},"excerpt":{"rendered":"<p>Le crochet pour conteneurs maritimes pour conteneurs sont les crochets les plus couramment utilis\u00e9s pour les conteneurs maritimes. Les crochets sont disponibles en 3 variantes : Crochet direct 0\u00b0 Crochet droit 45\u00b0 Crochet gauch 45\u00b0 Avec les crochets droits pour conteneurs, le levage n\u2019est possible qu\u2019en position droite. Le crochet droit est utilis\u00e9 en combinaison [&hellip;]<\/p>\n","protected":false},"featured_media":1870,"comment_status":"open","ping_status":"closed","template":"","meta":[],"product_brand":[],"product_cat":[26],"product_tag":[],"class_list":{"0":"post-1869","1":"product","2":"type-product","3":"status-publish","4":"has-post-thumbnail","6":"product_cat-accessoires-de-conteneur","8":"first","9":"instock","10":"sale","11":"shipping-taxable","12":"purchasable","13":"product-type-simple"},"jetpack_sharing_enabled":true,"_links":{"self":[{"href":"https:\/\/www.contenora.com\/de\/wp-json\/wp\/v2\/product\/1869","targetHints":{"allow":["GET"]}}],"collection":[{"href":"https:\/\/www.contenora.com\/de\/wp-json\/wp\/v2\/product"}],"about":[{"href":"https:\/\/www.contenora.com\/de\/wp-json\/wp\/v2\/types\/product"}],"replies":[{"embeddable":true,"href":"https:\/\/www.contenora.com\/de\/wp-json\/wp\/v2\/comments?post=1869"}],"wp:featuredmedia":[{"embeddable":true,"href":"https:\/\/www.contenora.com\/de\/wp-json\/wp\/v2\/media\/1870"}],"wp:attachment":[{"href":"https:\/\/www.contenora.com\/de\/wp-json\/wp\/v2\/media?parent=1869"}],"wp:term":[{"taxonomy":"product_brand","embeddable":true,"href":"https:\/\/www.contenora.com\/de\/wp-json\/wp\/v2\/product_brand?post=1869"},{"taxonomy":"product_cat","embeddable":true,"href":"https:\/\/www.contenora.com\/de\/wp-json\/wp\/v2\/product_cat?post=1869"},{"taxonomy":"product_tag","embeddable":true,"href":"https:\/\/www.contenora.com\/de\/wp-json\/wp\/v2\/product_tag?post=1869"}],"curies":[{"name":"wp","href":"https:\/\/api.w.org\/{rel}","templated":true}]}}