{"id":1857,"date":"2025-05-24T10:44:52","date_gmt":"2025-05-24T10:44:52","guid":{"rendered":"https:\/\/contenora.com\/?post_type=product&#038;p=1857"},"modified":"2025-05-24T10:51:35","modified_gmt":"2025-05-24T10:51:35","slug":"ensemble-de-barre-dattelage-pour-conteneur","status":"publish","type":"product","link":"https:\/\/www.contenora.com\/de\/product\/ensemble-de-barre-dattelage-pour-conteneur\/","title":{"rendered":"Anh\u00e4ngestangenset f\u00fcr Container"},"content":{"rendered":"<p>Notre ensemble de barre d\u2019attelage pour conteneur avec coins ISO permet de transporter et de d\u00e9placer les containers facilement dans les entrep\u00f4ts, les installations de production et les chantiers.<\/p>\n<p>Ainsi, un attelage de remorque est un syst\u00e8me qui relie un v\u00e9hicule, tel qu\u2019un chariot \u00e9l\u00e9vateur, un tracteur ou une remorque, \u00e0 un container ISO en vue de son d\u00e9placement.<br \/>\nPour relier deux objets, il utilise une tige, des bras et des pattes de fixation. Les bras pivotants sur le c\u00f4t\u00e9 du conteneur sont des connecteurs d\u2019angle ISO standard.<\/p>\n<p>Comment fonctionne la barre de remorquage?<\/p>\n<p>Le timon relie l\u2019avant du conteneur \u00e0 l\u2019arri\u00e8re du remorqueur ou du chariot \u00e9l\u00e9vateur pour remorquer le conteneur; la manutention manuelle est \u00e9galement possible si le conteneur doit \u00eatre d\u00e9charg\u00e9 de ses marchandises.<br \/>\nPour les man\u0153uvres et la navigation dans les coins et les espaces restreints, nous recommandons d\u2019installer le container avec des roues ISO car elles offrent le plus d\u2019options pour le positionnement du conteneur .<br \/>\nL\u2019installation de l\u2019attelage de remorque est tr\u00e8s rapide et intuitive; \u00e9quip\u00e9 d\u2019un raccord \u00e0 verrouillage rotatif, il suffit d\u2019ins\u00e9rer l\u2019attelage dans le coin ISO et le tour est jou\u00e9.<\/p>\n<p>Compl\u00e9tez l\u2019ensemble en achetant des roues pour le conteneur de 3 tonnes ou de 5 tonnes.<\/p>\n<p>INSTALLATION DU KIT DE REMORQUAGE<\/p>\n<p>Placez le conteneur sur ses roues et assurez-vous qu\u2019il se trouve sur une surface plane avec suffisamment d\u2019espace pour le tirer et le man\u0153uvrer. Positionner le v\u00e9hicule de remorquage dans la zone d\u2019installation<br \/>\nFixez l\u2019ensemble de remorquage au conteneur, en utilisant toujours la barre de remorquage dans la position la plus courte possible.<br \/>\nFixez ensuite la barre de remorquage au v\u00e9hicule tracteur ou au chariot \u00e9l\u00e9vateur, etc.<br \/>\nPr\u00e9parer le conteneur pour le remorquage avec la barre d\u2019attelage attach\u00e9e et demander au conducteur du v\u00e9hicule de le remorquer.<\/p>","protected":false},"excerpt":{"rendered":"<p>Notre ensemble de barre d\u2019attelage pour conteneur avec coins ISO permet de transporter et de d\u00e9placer les containers facilement dans les entrep\u00f4ts, les installations de production et les chantiers. Ainsi, un attelage de remorque est un syst\u00e8me qui relie un v\u00e9hicule, tel qu\u2019un chariot \u00e9l\u00e9vateur, un tracteur ou une remorque, \u00e0 un container ISO en [&hellip;]<\/p>\n","protected":false},"featured_media":1858,"comment_status":"open","ping_status":"closed","template":"","meta":[],"product_brand":[],"product_cat":[26],"product_tag":[],"class_list":{"0":"post-1857","1":"product","2":"type-product","3":"status-publish","4":"has-post-thumbnail","6":"product_cat-accessoires-de-conteneur","8":"first","9":"instock","10":"sale","11":"shipping-taxable","12":"purchasable","13":"product-type-simple"},"jetpack_sharing_enabled":true,"_links":{"self":[{"href":"https:\/\/www.contenora.com\/de\/wp-json\/wp\/v2\/product\/1857","targetHints":{"allow":["GET"]}}],"collection":[{"href":"https:\/\/www.contenora.com\/de\/wp-json\/wp\/v2\/product"}],"about":[{"href":"https:\/\/www.contenora.com\/de\/wp-json\/wp\/v2\/types\/product"}],"replies":[{"embeddable":true,"href":"https:\/\/www.contenora.com\/de\/wp-json\/wp\/v2\/comments?post=1857"}],"wp:featuredmedia":[{"embeddable":true,"href":"https:\/\/www.contenora.com\/de\/wp-json\/wp\/v2\/media\/1858"}],"wp:attachment":[{"href":"https:\/\/www.contenora.com\/de\/wp-json\/wp\/v2\/media?parent=1857"}],"wp:term":[{"taxonomy":"product_brand","embeddable":true,"href":"https:\/\/www.contenora.com\/de\/wp-json\/wp\/v2\/product_brand?post=1857"},{"taxonomy":"product_cat","embeddable":true,"href":"https:\/\/www.contenora.com\/de\/wp-json\/wp\/v2\/product_cat?post=1857"},{"taxonomy":"product_tag","embeddable":true,"href":"https:\/\/www.contenora.com\/de\/wp-json\/wp\/v2\/product_tag?post=1857"}],"curies":[{"name":"wp","href":"https:\/\/api.w.org\/{rel}","templated":true}]}}