{"id":1854,"date":"2025-05-24T10:35:22","date_gmt":"2025-05-24T10:35:22","guid":{"rendered":"https:\/\/contenora.com\/?post_type=product&#038;p=1854"},"modified":"2025-05-27T06:58:00","modified_gmt":"2025-05-27T06:58:00","slug":"scelles-de-securite-pour-conteneur-iso-pas-17712-avec-numero-de-serie","status":"publish","type":"product","link":"https:\/\/www.contenora.com\/de\/product\/scelles-de-securite-pour-conteneur-iso-pas-17712-avec-numero-de-serie\/","title":{"rendered":"Sicherheitsplomben f\u00fcr Container ISO \/ PAS 17712 mit Seriennummer"},"content":{"rendered":"<p>Sicherheitsplomben f\u00fcr Container ISO \/ PAS 17712 mit Seriennummer<br \/>\nLOT DE SCELLES 10\/20.<br \/>\nLes scell\u00e9s de s\u00e9curit\u00e9, aussi appel\u00e9s plomb bouteille iso\/pas 17712 sont des scell\u00e9s de s\u00e9curit\u00e9 sup\u00e9rieure et sont parfaits pour les fermetures de conteneurs.<br \/>\nIls sont compos\u00e9s d\u2019une goupille jointe en partie inf\u00e9rieure \u00e0 la capsule du canon et se divisent facilement par une l\u00e9g\u00e8re pression;<br \/>\nle segment qui joint les deux joints est retir\u00e9 du canon et proc\u00e8de \u00e0 la fermeture.<br \/>\nLe scell\u00e9 de s\u00e9curit\u00e9 est approuv\u00e9 ISO \/ pass 17712 car il a pass\u00e9 tous les tests requis pour lesquels il a obtenu la certification la plus \u00e9lev\u00e9e.<br \/>\nLes plombs bouteilles pour conteneur sont num\u00e9rot\u00e9s avec un num\u00e9ro de s\u00e9rie.<br \/>\nPour ouvrir le joint \u00e0 clous il suffit de s\u2019\u00e9quiper de pinces coupantes \u00e0 long bras pour faciliter la coupe.<\/p>\n<p>Une fois le sceau coup\u00e9 il n\u2019est plus r\u00e9utilisable car une partie de la goupille restera \u00e0 l\u2019int\u00e9rieur du canon, ne permettant plus l\u2019insertion du clou.<\/p>","protected":false},"excerpt":{"rendered":"<p>Scell\u00e9s de s\u00e9curit\u00e9 pour conteneur ISO \/ PAS 17712 avec num\u00e9ro de s\u00e9rie LOT DE SCELLES 10\/20. Les scell\u00e9s de s\u00e9curit\u00e9, aussi appel\u00e9s plomb bouteille iso\/pas 17712 sont des scell\u00e9s de s\u00e9curit\u00e9 sup\u00e9rieure et sont parfaits pour les fermetures de conteneurs. Ils sont compos\u00e9s d\u2019une goupille jointe en partie inf\u00e9rieure \u00e0 la capsule du canon [&hellip;]<\/p>\n","protected":false},"featured_media":1856,"comment_status":"open","ping_status":"closed","template":"","meta":[],"product_brand":[],"product_cat":[26],"product_tag":[],"class_list":{"0":"post-1854","1":"product","2":"type-product","3":"status-publish","4":"has-post-thumbnail","6":"product_cat-accessoires-de-conteneur","8":"first","9":"instock","10":"sale","11":"shipping-taxable","12":"purchasable","13":"product-type-simple"},"jetpack_sharing_enabled":true,"_links":{"self":[{"href":"https:\/\/www.contenora.com\/de\/wp-json\/wp\/v2\/product\/1854","targetHints":{"allow":["GET"]}}],"collection":[{"href":"https:\/\/www.contenora.com\/de\/wp-json\/wp\/v2\/product"}],"about":[{"href":"https:\/\/www.contenora.com\/de\/wp-json\/wp\/v2\/types\/product"}],"replies":[{"embeddable":true,"href":"https:\/\/www.contenora.com\/de\/wp-json\/wp\/v2\/comments?post=1854"}],"wp:featuredmedia":[{"embeddable":true,"href":"https:\/\/www.contenora.com\/de\/wp-json\/wp\/v2\/media\/1856"}],"wp:attachment":[{"href":"https:\/\/www.contenora.com\/de\/wp-json\/wp\/v2\/media?parent=1854"}],"wp:term":[{"taxonomy":"product_brand","embeddable":true,"href":"https:\/\/www.contenora.com\/de\/wp-json\/wp\/v2\/product_brand?post=1854"},{"taxonomy":"product_cat","embeddable":true,"href":"https:\/\/www.contenora.com\/de\/wp-json\/wp\/v2\/product_cat?post=1854"},{"taxonomy":"product_tag","embeddable":true,"href":"https:\/\/www.contenora.com\/de\/wp-json\/wp\/v2\/product_tag?post=1854"}],"curies":[{"name":"wp","href":"https:\/\/api.w.org\/{rel}","templated":true}]}}