{"id":1850,"date":"2025-05-24T10:26:29","date_gmt":"2025-05-24T10:26:29","guid":{"rendered":"https:\/\/contenora.com\/?post_type=product&#038;p=1850"},"modified":"2025-05-27T07:03:27","modified_gmt":"2025-05-27T07:03:27","slug":"rampe-de-levage-avec-verin-2000-kg","status":"publish","type":"product","link":"https:\/\/www.contenora.com\/de\/product\/rampe-de-levage-avec-verin-2000-kg\/","title":{"rendered":"Hubrampe mit Hydraulikzylinder, 2000 kg"},"content":{"rendered":"<p>Hubrampe mit Hydraulikzylinder, 2000 kg<\/p>\n<p>Rampe de levage pour voitures avec v\u00e9rin hydraulique r\u00e9glable en hauteur capacit\u00e9 max. 2t.<\/p>\n<p>La rampe de levage avec un cric d\u2019une capacit\u00e9 de 2000 kg est le meilleur alli\u00e9 pour de nombreux lieux de travail, tels que les ateliers, les garages et, en particulier, les ateliers d\u2019entretien et de r\u00e9paration de v\u00e9hicules. En plus de la plate-forme de levage, cette rampe comprend un v\u00e9rin hydraulique int\u00e9gr\u00e9 qui permet d\u2019obtenir une hauteur de 30 cm entre la surface d\u2019appui et la base du v\u00e9hicule, au cas o\u00f9 la hauteur de la rampe elle-m\u00eame ne serait pas suffisante. De plus, gr\u00e2ce au long levier du v\u00e9rin hydraulique, la plate-forme peut \u00eatre lev\u00e9e et abaiss\u00e9e facilement et avec peu d\u2019effort, ce qui est un grand avantage pour le m\u00e9canicien ou le monteur, qui peut ainsi r\u00e9parer le v\u00e9hicule en \u00e9tant confortablement allong\u00e9 sur le marchepied. Apr\u00e8s utilisation, la rampe peut \u00eatre rang\u00e9e de mani\u00e8re peu encombrante, par exemple dans le garage ou la cave.<\/p>\n<p>De plus, notre rampe de levage est \u00e9quip\u00e9e d\u2019une protection anti-basculement pour une conduite en toute s\u00e9curit\u00e9, une bonne prise d\u2019appui et une stabilit\u00e9 accrue. Pour plus de s\u00e9curit\u00e9, la rampe peut \u00e9galement \u00eatre fix\u00e9e \u00e0 l\u2019aide de deux boulons de s\u00e9curit\u00e9, qui sont encha\u00een\u00e9s \u00e0 la structure du cadre de telle sorte qu\u2019ils ne peuvent pas \u00eatre perdus. La s\u00e9curit\u00e9 et la stabilit\u00e9 sont \u00e9galement assur\u00e9es par un cadre en acier solide, r\u00e9sistant \u00e0 la rouille et \u00e0 la corrosion, ce qui garantit une longue dur\u00e9e de vie et un nettoyage facile.<\/p>\n<p>La rampe de levage avec cric hydraulique peut \u00eatre utilis\u00e9e pour des pneus d\u2019une largeur maximale de 225 mm et convient aux voitures, aux petites camionnettes et aux remorques, avec une capacit\u00e9 de levage allant jusqu\u2019\u00e0 2000 kg.<\/p>\n<p>Caract\u00e9ristiques techniques:<br \/>\nDimensions : 1140 x 255 x H 290 mm<br \/>\nCouleur : rouge<br \/>\nHauteur : 290 mm<br \/>\nMat\u00e9riau : acier<br \/>\nCapacit\u00e9 de charge maximale : 2000 kg<br \/>\nPoids : 20,35 kg<br \/>\nHauteur sans cric : 21 cm<br \/>\nHauteur avec cric : 30 cm<br \/>\nLargeur maximale des pneus : 225 mm<\/p>","protected":false},"excerpt":{"rendered":"<p>Rampe de levage avec v\u00e9rin 2000 kg Rampe de levage pour voitures avec v\u00e9rin hydraulique r\u00e9glable en hauteur capacit\u00e9 max. 2t. La rampe de levage avec un cric d\u2019une capacit\u00e9 de 2000 kg est le meilleur alli\u00e9 pour de nombreux lieux de travail, tels que les ateliers, les garages et, en particulier, les ateliers d\u2019entretien [&hellip;]<\/p>\n","protected":false},"featured_media":1852,"comment_status":"open","ping_status":"closed","template":"","meta":[],"product_brand":[],"product_cat":[26],"product_tag":[],"class_list":{"0":"post-1850","1":"product","2":"type-product","3":"status-publish","4":"has-post-thumbnail","6":"product_cat-accessoires-de-conteneur","8":"first","9":"instock","10":"sale","11":"shipping-taxable","12":"purchasable","13":"product-type-simple"},"jetpack_sharing_enabled":true,"_links":{"self":[{"href":"https:\/\/www.contenora.com\/de\/wp-json\/wp\/v2\/product\/1850","targetHints":{"allow":["GET"]}}],"collection":[{"href":"https:\/\/www.contenora.com\/de\/wp-json\/wp\/v2\/product"}],"about":[{"href":"https:\/\/www.contenora.com\/de\/wp-json\/wp\/v2\/types\/product"}],"replies":[{"embeddable":true,"href":"https:\/\/www.contenora.com\/de\/wp-json\/wp\/v2\/comments?post=1850"}],"wp:featuredmedia":[{"embeddable":true,"href":"https:\/\/www.contenora.com\/de\/wp-json\/wp\/v2\/media\/1852"}],"wp:attachment":[{"href":"https:\/\/www.contenora.com\/de\/wp-json\/wp\/v2\/media?parent=1850"}],"wp:term":[{"taxonomy":"product_brand","embeddable":true,"href":"https:\/\/www.contenora.com\/de\/wp-json\/wp\/v2\/product_brand?post=1850"},{"taxonomy":"product_cat","embeddable":true,"href":"https:\/\/www.contenora.com\/de\/wp-json\/wp\/v2\/product_cat?post=1850"},{"taxonomy":"product_tag","embeddable":true,"href":"https:\/\/www.contenora.com\/de\/wp-json\/wp\/v2\/product_tag?post=1850"}],"curies":[{"name":"wp","href":"https:\/\/api.w.org\/{rel}","templated":true}]}}