{"id":1846,"date":"2025-05-24T10:15:22","date_gmt":"2025-05-24T10:15:22","guid":{"rendered":"https:\/\/contenora.com\/?post_type=product&#038;p=1846"},"modified":"2025-05-27T07:07:20","modified_gmt":"2025-05-27T07:07:20","slug":"paire-de-rampes-de-chargement-pour-excavatrice","status":"publish","type":"product","link":"https:\/\/www.contenora.com\/de\/product\/paire-de-rampes-de-chargement-pour-excavatrice\/","title":{"rendered":"Paar Verladerampen f\u00fcr Bagger"},"content":{"rendered":"<p>Paire de rampes de chargement pour excavatrice, pour les v\u00e9hicules, voitures, motos, chariots, etc.<\/p>\n<p>Rampes de chargement pour excavatrice (deux rampes)<\/p>\n<p>Soltecshop.com propose une large gamme de rampes de chargement en aluminium de diff\u00e9rentes capacit\u00e9s et longueurs.<br \/>\nTous les produits de chargement sont fabriqu\u00e9s en aluminium \u00e0 haute r\u00e9sistance et pr\u00e9sentent une surface antid\u00e9rapante et gaufr\u00e9e pour \u00e9viter les probl\u00e8mes de mont\u00e9e des v\u00e9hicules.<br \/>\nCes rampes sont robustes et adaptables \u00e0 diff\u00e9rents types de supports et sont id\u00e9ales pour tous les types d\u2019utilisation: construction, jardinage, stockage et motocyclisme.<\/p>\n<p>Les rampes de chargement peuvent-elles \u00eatre utilis\u00e9es pour charger des engins?<br \/>\nBien s\u00fbr, toutes nos rampes de chargement peuvent \u00eatre utilis\u00e9es pour le chargement de chargeuses compactes, de mini-pelles ou de camions excavateurs, pour le transport d\u2019engins de chantier, pour le levage d\u2019engins agricoles et pour la livraison d\u2019engins de chantier.<br \/>\nChoisissez parmi nos propositions celle qui correspond le mieux \u00e0 vos besoins!<\/p>\n<p>Vous recevrez une paire de rampes de chargement pour excavatrice.<\/p>","protected":false},"excerpt":{"rendered":"<p>Paire de rampes de chargement pour excavatrice, pour les v\u00e9hicules, voitures, motos, chariots, etc. Rampes de chargement pour excavatrice (deux rampes) Soltecshop.com propose une large gamme de rampes de chargement en aluminium de diff\u00e9rentes capacit\u00e9s et longueurs. Tous les produits de chargement sont fabriqu\u00e9s en aluminium \u00e0 haute r\u00e9sistance et pr\u00e9sentent une surface antid\u00e9rapante et [&hellip;]<\/p>\n","protected":false},"featured_media":1847,"comment_status":"open","ping_status":"closed","template":"","meta":[],"product_brand":[],"product_cat":[26],"product_tag":[],"class_list":{"0":"post-1846","1":"product","2":"type-product","3":"status-publish","4":"has-post-thumbnail","6":"product_cat-accessoires-de-conteneur","8":"first","9":"instock","10":"sale","11":"shipping-taxable","12":"purchasable","13":"product-type-simple"},"jetpack_sharing_enabled":true,"_links":{"self":[{"href":"https:\/\/www.contenora.com\/de\/wp-json\/wp\/v2\/product\/1846","targetHints":{"allow":["GET"]}}],"collection":[{"href":"https:\/\/www.contenora.com\/de\/wp-json\/wp\/v2\/product"}],"about":[{"href":"https:\/\/www.contenora.com\/de\/wp-json\/wp\/v2\/types\/product"}],"replies":[{"embeddable":true,"href":"https:\/\/www.contenora.com\/de\/wp-json\/wp\/v2\/comments?post=1846"}],"wp:featuredmedia":[{"embeddable":true,"href":"https:\/\/www.contenora.com\/de\/wp-json\/wp\/v2\/media\/1847"}],"wp:attachment":[{"href":"https:\/\/www.contenora.com\/de\/wp-json\/wp\/v2\/media?parent=1846"}],"wp:term":[{"taxonomy":"product_brand","embeddable":true,"href":"https:\/\/www.contenora.com\/de\/wp-json\/wp\/v2\/product_brand?post=1846"},{"taxonomy":"product_cat","embeddable":true,"href":"https:\/\/www.contenora.com\/de\/wp-json\/wp\/v2\/product_cat?post=1846"},{"taxonomy":"product_tag","embeddable":true,"href":"https:\/\/www.contenora.com\/de\/wp-json\/wp\/v2\/product_tag?post=1846"}],"curies":[{"name":"wp","href":"https:\/\/api.w.org\/{rel}","templated":true}]}}