{"id":1841,"date":"2025-05-24T09:56:22","date_gmt":"2025-05-24T09:56:22","guid":{"rendered":"https:\/\/contenora.com\/?post_type=product&#038;p=1841"},"modified":"2025-05-27T07:10:28","modified_gmt":"2025-05-27T07:10:28","slug":"socle-pour-twist-lock-de-conteneur","status":"publish","type":"product","link":"https:\/\/www.contenora.com\/de\/product\/socle-pour-twist-lock-de-conteneur\/","title":{"rendered":"Sockel f\u00fcr Twistlock am Container"},"content":{"rendered":"<h1 class=\"product_title entry-title\">Sockel f\u00fcr Twistlock am Container<\/h1>\n<p>Le socle pour twist lock de container est un \u00e9l\u00e9ment cl\u00e9 pour assurer la s\u00e9curit\u00e9 et la stabilit\u00e9 des conteneurs pendant le transport. Ces dispositifs m\u00e9caniques, fabriqu\u00e9s en acier moul\u00e9 faiblement alli\u00e9 et peints pour r\u00e9sister \u00e0 la corrosion, sont con\u00e7us pour fixer solidement les conteneurs aux structures de transport, telles que les navires, les trains et les camions.<\/p>\n<p>Positionnement :<br \/>\nLa position correcte des verrous tournants est cruciale pour assurer un ancrage efficace. En g\u00e9n\u00e9ral, les verrous tournants sont plac\u00e9s dans les quatre coins sup\u00e9rieurs du conteneur, correspondant \u00e0 ce que l\u2019on appelle les \u00ab moulages d\u2019angle \u00bb. Ces points d\u2019ancrage sont choisis strat\u00e9giquement pour r\u00e9partir uniform\u00e9ment la charge et r\u00e9sister aux contraintes pendant le transport.<\/p>\n<p>Il existe principalement deux types de bases \u00e0 queue d\u2019aronde :<\/p>\n<p>Simple : ils ont des dimensions de 240x160x30 mm et p\u00e8sent environ 4 kg. Elles sont id\u00e9ales pour les applications standard et offrent un point d\u2019ancrage s\u00fbr.<br \/>\nDouble : Elles mesurent 480x160x30 mm et p\u00e8sent 7,5 kg. Elles comportent deux points de fixation distants de 203 mm, ce qui offre une plus grande surface de contact et une meilleure r\u00e9partition de la charge. Les bases doubles sont souvent utilis\u00e9es pour des applications n\u00e9cessitant une plus grande capacit\u00e9 de charge ou pour apporter une stabilit\u00e9 suppl\u00e9mentaire.<br \/>\nCaract\u00e9ristiques :<br \/>\nCisaillement : 42 tonnes, pour s\u2019assurer que la serrure peut supporter les forces lat\u00e9rales.<br \/>\nTension : 50 tonnes, capable de r\u00e9sister aux forces de s\u00e9paration.<br \/>\nCompression : 25 tonnes, d\u00e9montrant sa capacit\u00e9 \u00e0 supporter de lourdes charges verticales.<br \/>\nInformations :<br \/>\nCompatibilit\u00e9 : il est essentiel de v\u00e9rifier la compatibilit\u00e9 des verrous tournants avec le type de conteneur et les moyens de transport utilis\u00e9s.<br \/>\nEntretien : les verrous tournants n\u00e9cessitent un entretien p\u00e9riodique pour garantir leur bon fonctionnement et prolonger leur dur\u00e9e de vie.<br \/>\nR\u00e9glementation : Le positionnement et l\u2019utilisation des verrous tournants doivent \u00eatre conformes aux r\u00e9glementations nationales et internationales en mati\u00e8re de transport de marchandises dangereuses et de s\u00e9curit\u00e9.<br \/>\nLes verrous tournants en queue d\u2019aronde constituent une solution fiable et s\u00fbre pour s\u00e9curiser les conteneurs. Le choix du type de serrure et la position correcte des serrures sont des facteurs cruciaux pour assurer la stabilit\u00e9 du chargement pendant le transport et pr\u00e9venir les accidents.<\/p>","protected":false},"excerpt":{"rendered":"<p>Socle pour twist lock de conteneur Le socle pour twist lock de container est un \u00e9l\u00e9ment cl\u00e9 pour assurer la s\u00e9curit\u00e9 et la stabilit\u00e9 des conteneurs pendant le transport. Ces dispositifs m\u00e9caniques, fabriqu\u00e9s en acier moul\u00e9 faiblement alli\u00e9 et peints pour r\u00e9sister \u00e0 la corrosion, sont con\u00e7us pour fixer solidement les conteneurs aux structures de [&hellip;]<\/p>\n","protected":false},"featured_media":1842,"comment_status":"open","ping_status":"closed","template":"","meta":[],"product_brand":[],"product_cat":[26],"product_tag":[],"class_list":{"0":"post-1841","1":"product","2":"type-product","3":"status-publish","4":"has-post-thumbnail","6":"product_cat-accessoires-de-conteneur","8":"first","9":"instock","10":"sale","11":"shipping-taxable","12":"purchasable","13":"product-type-simple"},"jetpack_sharing_enabled":true,"_links":{"self":[{"href":"https:\/\/www.contenora.com\/de\/wp-json\/wp\/v2\/product\/1841","targetHints":{"allow":["GET"]}}],"collection":[{"href":"https:\/\/www.contenora.com\/de\/wp-json\/wp\/v2\/product"}],"about":[{"href":"https:\/\/www.contenora.com\/de\/wp-json\/wp\/v2\/types\/product"}],"replies":[{"embeddable":true,"href":"https:\/\/www.contenora.com\/de\/wp-json\/wp\/v2\/comments?post=1841"}],"wp:featuredmedia":[{"embeddable":true,"href":"https:\/\/www.contenora.com\/de\/wp-json\/wp\/v2\/media\/1842"}],"wp:attachment":[{"href":"https:\/\/www.contenora.com\/de\/wp-json\/wp\/v2\/media?parent=1841"}],"wp:term":[{"taxonomy":"product_brand","embeddable":true,"href":"https:\/\/www.contenora.com\/de\/wp-json\/wp\/v2\/product_brand?post=1841"},{"taxonomy":"product_cat","embeddable":true,"href":"https:\/\/www.contenora.com\/de\/wp-json\/wp\/v2\/product_cat?post=1841"},{"taxonomy":"product_tag","embeddable":true,"href":"https:\/\/www.contenora.com\/de\/wp-json\/wp\/v2\/product_tag?post=1841"}],"curies":[{"name":"wp","href":"https:\/\/api.w.org\/{rel}","templated":true}]}}