{"id":1834,"date":"2025-05-24T09:42:49","date_gmt":"2025-05-24T09:42:49","guid":{"rendered":"https:\/\/contenora.com\/?post_type=product&#038;p=1834"},"modified":"2025-05-27T07:32:08","modified_gmt":"2025-05-27T07:32:08","slug":"ensemble-de-4-blocs-dangle-pour-conteneur-iso-1161","status":"publish","type":"product","link":"https:\/\/www.contenora.com\/de\/product\/ensemble-de-4-blocs-dangle-pour-conteneur-iso-1161\/","title":{"rendered":"Satz von 4 Eckbl\u00f6cken f\u00fcr Container nach ISO 1161"},"content":{"rendered":"<p>Satz von 4 Eckbl\u00f6cken f\u00fcr Container nach ISO 1161<\/p>\n<p>Le bloc d\u2019angle d\u2019un conteneur d\u2019exp\u00e9dition est un \u00e9l\u00e9ment crucial qui assure la solidit\u00e9 et la stabilit\u00e9 de la structure du conteneur. Situ\u00e9s aux angles sup\u00e9rieur et inf\u00e9rieur du conteneur, ils sont con\u00e7us pour r\u00e9sister au transport et \u00e0 la manutention. Ils servent de point de connexion pour les poteaux d\u2019angle, le toit et les panneaux lat\u00e9raux du conteneur, garantissant ainsi la solidit\u00e9 de la structure du conteneur pendant le transport.<\/p>\n<p>Les blocs d\u2019angle jouent \u00e9galement un r\u00f4le cl\u00e9 dans l\u2019empilage et la s\u00e9curisation des conteneurs, ce qui permet un transport s\u00fbr et efficace par voie maritime, ferroviaire ou routi\u00e8re. Gr\u00e2ce \u00e0 sa construction robuste et \u00e0 ses dimensions pr\u00e9cises, le bloc d\u2019angle pour conteneurs maritimes est un \u00e9l\u00e9ment essentiel de l\u2019industrie logistique mondiale.<\/p>\n<p>Les conteneurs peuvent \u00eatre s\u00e9curis\u00e9s ensemble lorsqu\u2019ils sont empil\u00e9s avec des pi\u00e8ces moul\u00e9es \u00e0 l\u2019aide de l\u2019un de nos verrous tournants de haute qualit\u00e9.<\/p>\n<p>Notre vaste gamme de produits comprend 2 ensembles de blocs d\u2019angle :<\/p>\n<p>1 SET compos\u00e9 de 4 blocs sup\u00e9rieurs<br \/>\n1 SET compos\u00e9 de 4 blocs inf\u00e9rieurs<br \/>\nSp\u00e9cifications pour le conteneur : ISO 1161, ISO 1496<br \/>\nLes normes ISO 1161 et ISO 1496 d\u00e9finissent les sp\u00e9cifications de construction du conteneur. Il s\u2019agit d\u2019un dispositif pour le transport intermodal de marchandises sans rupture de charge. Afin de garantir la possibilit\u00e9 de transbordement d\u2019un v\u00e9hicule routier conteneuris\u00e9 \u00e0 un wagon de chemin de fer ou \u00e0 un navire, permettant le gerbage, le conteneur doit r\u00e9pondre \u00e0 des exigences sp\u00e9cifiques en mati\u00e8re de dimensions et d\u2019interface.<\/p>\n<p>Les conteneurs sont \u00e9quip\u00e9s de \u00ab twistlocks \u00bb, qui permettent de les relier rapidement et en toute s\u00e9curit\u00e9 au v\u00e9hicule. La norme ISO 1161, \u00ab Conteneurs de fret de la s\u00e9rie 1 \u2013 Raccords d\u2019angle et interm\u00e9diaires \u2013 Sp\u00e9cifications \u00bb, d\u00e9finit les dimensions de base et les exigences en mati\u00e8re de fonctionnalit\u00e9 et de r\u00e9sistance pour les verrous tournants des conteneurs, conform\u00e9ment \u00e0 la norme ISO 1496.<\/p>\n<p>Les verrous tournants peuvent \u00eatre de diff\u00e9rents types, r\u00e9tractables ou non r\u00e9tractables, \u00e0 commande manuelle ou automatique. Des exigences sont ensuite fix\u00e9es pour les caract\u00e9ristiques des mat\u00e9riaux et de la r\u00e9sistance m\u00e9canique.<\/p>","protected":false},"excerpt":{"rendered":"<p>Ensemble de 4 Blocs d\u2019angle pour conteneur ISO 1161 Le bloc d\u2019angle d\u2019un conteneur d\u2019exp\u00e9dition est un \u00e9l\u00e9ment crucial qui assure la solidit\u00e9 et la stabilit\u00e9 de la structure du conteneur. Situ\u00e9s aux angles sup\u00e9rieur et inf\u00e9rieur du conteneur, ils sont con\u00e7us pour r\u00e9sister au transport et \u00e0 la manutention. Ils servent de point de [&hellip;]<\/p>\n","protected":false},"featured_media":1840,"comment_status":"open","ping_status":"closed","template":"","meta":[],"product_brand":[],"product_cat":[26],"product_tag":[],"class_list":{"0":"post-1834","1":"product","2":"type-product","3":"status-publish","4":"has-post-thumbnail","6":"product_cat-accessoires-de-conteneur","8":"first","9":"instock","10":"sale","11":"shipping-taxable","12":"purchasable","13":"product-type-simple"},"jetpack_sharing_enabled":true,"_links":{"self":[{"href":"https:\/\/www.contenora.com\/de\/wp-json\/wp\/v2\/product\/1834","targetHints":{"allow":["GET"]}}],"collection":[{"href":"https:\/\/www.contenora.com\/de\/wp-json\/wp\/v2\/product"}],"about":[{"href":"https:\/\/www.contenora.com\/de\/wp-json\/wp\/v2\/types\/product"}],"replies":[{"embeddable":true,"href":"https:\/\/www.contenora.com\/de\/wp-json\/wp\/v2\/comments?post=1834"}],"wp:featuredmedia":[{"embeddable":true,"href":"https:\/\/www.contenora.com\/de\/wp-json\/wp\/v2\/media\/1840"}],"wp:attachment":[{"href":"https:\/\/www.contenora.com\/de\/wp-json\/wp\/v2\/media?parent=1834"}],"wp:term":[{"taxonomy":"product_brand","embeddable":true,"href":"https:\/\/www.contenora.com\/de\/wp-json\/wp\/v2\/product_brand?post=1834"},{"taxonomy":"product_cat","embeddable":true,"href":"https:\/\/www.contenora.com\/de\/wp-json\/wp\/v2\/product_cat?post=1834"},{"taxonomy":"product_tag","embeddable":true,"href":"https:\/\/www.contenora.com\/de\/wp-json\/wp\/v2\/product_tag?post=1834"}],"curies":[{"name":"wp","href":"https:\/\/api.w.org\/{rel}","templated":true}]}}