{"id":1827,"date":"2025-05-24T09:28:45","date_gmt":"2025-05-24T09:28:45","guid":{"rendered":"https:\/\/contenora.com\/?post_type=product&#038;p=1827"},"modified":"2025-05-27T07:33:42","modified_gmt":"2025-05-27T07:33:42","slug":"roues-fixes-pour-conteneurs","status":"publish","type":"product","link":"https:\/\/www.contenora.com\/de\/product\/roues-fixes-pour-conteneurs\/","title":{"rendered":"Feststellr\u00e4der f\u00fcr Container"},"content":{"rendered":"<p>Roues fixes pour conteneurs de 3 et 5 tonnes \u2013 Soltec : robuste, polyvalent et rentable<\/p>\n<p>La roue porte-conteneurs de 3 tonnes de Soltec est la solution id\u00e9ale pour tous ceux qui recherchent un composant fiable et durable pour la manutention de conteneurs industriels et de mat\u00e9riaux lourds. Con\u00e7ue avec des mat\u00e9riaux de haute qualit\u00e9 et une finition de pr\u00e9cision, cette roue garantit des performances \u00e9lev\u00e9es, m\u00eame dans les conditions de travail les plus difficiles.<br \/>\nCaract\u00e9ristiques principales de la roue de 3 tonnes<br \/>\nDimensions : 20x20x h40 cm<br \/>\nPoids : 26 kg<br \/>\nCapacit\u00e9 : 3 tonnes<br \/>\nDiam\u00e8tre de la roue : 200 mm<br \/>\nLargeur de la roue : 75 mm<br \/>\nHauteur : 400 mm<br \/>\nFixation par plaque de conteneur standard<br \/>\nMat\u00e9riau de la roue : polyur\u00e9thane haute r\u00e9sistance<br \/>\nStructure portante en acier trait\u00e9<\/p>\n<p>DESSIN TECHNIQUE ROUE 3 TONNES<br \/>\n<img fetchpriority=\"high\" decoding=\"async\" class=\"alignnone size-medium wp-image-1828\" src=\"https:\/\/contenora.com\/wp-content\/uploads\/2025\/05\/3T-1024x724-1-300x212.jpeg\" alt=\"\" width=\"300\" height=\"212\" srcset=\"https:\/\/www.contenora.com\/wp-content\/uploads\/2025\/05\/3T-1024x724-1-300x212.jpeg 300w, https:\/\/www.contenora.com\/wp-content\/uploads\/2025\/05\/3T-1024x724-1-768x543.jpeg 768w, https:\/\/www.contenora.com\/wp-content\/uploads\/2025\/05\/3T-1024x724-1-600x424.jpeg 600w, https:\/\/www.contenora.com\/wp-content\/uploads\/2025\/05\/3T-1024x724-1.jpeg 1024w\" sizes=\"(max-width: 300px) 100vw, 300px\" \/><\/p>\n<p>La roue de 3 tonnes est con\u00e7ue pour faciliter la manutention avec les transpalettes, les chariots \u00e9l\u00e9vateurs et les chariots \u00e9l\u00e9vateurs \u00e0 fourche, en garantissant la stabilit\u00e9 et la s\u00e9curit\u00e9 \u00e0 chaque \u00e9tape du transport. Sa construction robuste et son syst\u00e8me de fixation standard permettent un montage rapide et s\u00fbr.<\/p>\n<p>Caract\u00e9ristiques principales de la roue de 5 tonnes<br \/>\nDimensions : 25x21x h44 cm<br \/>\nPoids : 44 kg<br \/>\nCapacit\u00e9 : 5 tonnes<br \/>\nDiam\u00e8tre de la roue : 200 mm<br \/>\nLargeur de la roue : 100 mm<br \/>\nHauteur : 439 mm<br \/>\nFixation par plaque de conteneur standard<br \/>\nMat\u00e9riau de la roue : polyur\u00e9thane \u00e0 haute r\u00e9sistance<br \/>\nStructure portante en acier trait\u00e9<\/p>\n<p>DESSIN TECHNIQUE ROUE 5 TONNES<br \/>\n<img decoding=\"async\" class=\"alignnone size-medium wp-image-1829\" src=\"https:\/\/contenora.com\/wp-content\/uploads\/2025\/05\/5T-1024x724-1-300x212.jpeg\" alt=\"\" width=\"300\" height=\"212\" srcset=\"https:\/\/www.contenora.com\/wp-content\/uploads\/2025\/05\/5T-1024x724-1-300x212.jpeg 300w, https:\/\/www.contenora.com\/wp-content\/uploads\/2025\/05\/5T-1024x724-1-768x543.jpeg 768w, https:\/\/www.contenora.com\/wp-content\/uploads\/2025\/05\/5T-1024x724-1-600x424.jpeg 600w, https:\/\/www.contenora.com\/wp-content\/uploads\/2025\/05\/5T-1024x724-1.jpeg 1024w\" sizes=\"(max-width: 300px) 100vw, 300px\" \/><\/p>\n<p>La roue de conteneur 5 tonnes de Soltec repr\u00e9sente le nec plus ultra en mati\u00e8re de r\u00e9sistance et de durabilit\u00e9 des \u00e9quipements industriels de levage et de manutention. Id\u00e9ale pour les applications lourdes et les utilisations intensives, cette roulette supporte les charges lourdes tout en maintenant la stabilit\u00e9 et la s\u00e9curit\u00e9. La roulette Soltec 5 tonnes est parfaite pour les industries portuaires, industrielles et logistiques qui ont besoin d\u2019une solution fiable et durable pour la manutention de conteneurs lourds. Gr\u00e2ce \u00e0 sa conception robuste et \u00e0 ses mat\u00e9riaux de qualit\u00e9 sup\u00e9rieure, elle garantit s\u00e9curit\u00e9 et performance, m\u00eame dans les conditions les plus difficiles.<\/p>\n<p>\u00c9galement disponible en roulettes pivotantes avec freins.<\/p>","protected":false},"excerpt":{"rendered":"<p>Roues fixes pour conteneurs de 3 et 5 tonnes \u2013 Soltec : robuste, polyvalent et rentable La roue porte-conteneurs de 3 tonnes de Soltec est la solution id\u00e9ale pour tous ceux qui recherchent un composant fiable et durable pour la manutention de conteneurs industriels et de mat\u00e9riaux lourds. Con\u00e7ue avec des mat\u00e9riaux de haute qualit\u00e9 [&hellip;]<\/p>\n","protected":false},"featured_media":1830,"comment_status":"open","ping_status":"closed","template":"","meta":[],"product_brand":[],"product_cat":[26],"product_tag":[],"class_list":{"0":"post-1827","1":"product","2":"type-product","3":"status-publish","4":"has-post-thumbnail","6":"product_cat-accessoires-de-conteneur","8":"first","9":"instock","10":"sale","11":"shipping-taxable","12":"purchasable","13":"product-type-simple"},"jetpack_sharing_enabled":true,"_links":{"self":[{"href":"https:\/\/www.contenora.com\/de\/wp-json\/wp\/v2\/product\/1827","targetHints":{"allow":["GET"]}}],"collection":[{"href":"https:\/\/www.contenora.com\/de\/wp-json\/wp\/v2\/product"}],"about":[{"href":"https:\/\/www.contenora.com\/de\/wp-json\/wp\/v2\/types\/product"}],"replies":[{"embeddable":true,"href":"https:\/\/www.contenora.com\/de\/wp-json\/wp\/v2\/comments?post=1827"}],"wp:featuredmedia":[{"embeddable":true,"href":"https:\/\/www.contenora.com\/de\/wp-json\/wp\/v2\/media\/1830"}],"wp:attachment":[{"href":"https:\/\/www.contenora.com\/de\/wp-json\/wp\/v2\/media?parent=1827"}],"wp:term":[{"taxonomy":"product_brand","embeddable":true,"href":"https:\/\/www.contenora.com\/de\/wp-json\/wp\/v2\/product_brand?post=1827"},{"taxonomy":"product_cat","embeddable":true,"href":"https:\/\/www.contenora.com\/de\/wp-json\/wp\/v2\/product_cat?post=1827"},{"taxonomy":"product_tag","embeddable":true,"href":"https:\/\/www.contenora.com\/de\/wp-json\/wp\/v2\/product_tag?post=1827"}],"curies":[{"name":"wp","href":"https:\/\/api.w.org\/{rel}","templated":true}]}}