{"id":1823,"date":"2025-05-24T09:09:07","date_gmt":"2025-05-24T09:09:07","guid":{"rendered":"https:\/\/contenora.com\/?post_type=product&#038;p=1823"},"modified":"2025-05-27T07:38:25","modified_gmt":"2025-05-27T07:38:25","slug":"plaque-de-calage-pour-conteneur-50x30x9cm","status":"publish","type":"product","link":"https:\/\/www.contenora.com\/de\/product\/plaque-de-calage-pour-conteneur-50x30x9cm\/","title":{"rendered":"Unterlegplatte f\u00fcr Container 50x30x9 cm"},"content":{"rendered":"<p>La Plaque de calage pour conteneur 50x30x9cm optimise la stabilit\u00e9 et la protection des rouleaux de conteneurs. Elle est con\u00e7ue pour r\u00e9sister \u00e0 des charges \u00e9lev\u00e9es et offrir une s\u00e9curit\u00e9 maximale pendant l\u2019utilisation.<\/p>\n<p>Il s\u2019agit d\u2019une plaque de base pour l\u2019installation solide et ferme de conteneurs afin de prot\u00e9ger les conteneurs roulants et les bennes contre les chocs m\u00e9caniques et de r\u00e9duire efficacement les \u00e9missions sonores. Le rev\u00eatement antid\u00e9rapant r\u00e9duit le glissement des rouleaux des conteneurs, \u00e9vite les rayures sur le sol et a un fort effet d\u2019amortissement.<\/p>\n<p>Les dimensions de 500x300x90 mm offrent un support suffisant, tandis que les deux lattes fix\u00e9es \u00e0 la base (dimensions 300x100x40 mm chacune) garantissent un positionnement stable et fiable. Gr\u00e2ce \u00e0 la poign\u00e9e int\u00e9gr\u00e9e, le transport et le positionnement sont pratiques et commodes, permettant une utilisation ais\u00e9e m\u00eame dans des conditions d\u2019utilisation exigeantes.<\/p>\n<p>Le mat\u00e9riau en poly\u00e9thyl\u00e8ne \u00e0 haute r\u00e9sistance est id\u00e9al pour \u00e9viter l\u2019usure du sol et des rouleaux, tout en offrant une longue dur\u00e9e de vi<\/p>\n<p>Application :<br \/>\nChantiers de construction<br \/>\nZones logistiques et contextes industriels<br \/>\nHorticulture et am\u00e9nagement paysager<br \/>\nConstruction de voies et transport ferroviaire<br \/>\nConstruction de lignes et de r\u00e9seaux<br \/>\nTechnische Merkmale:<br \/>\nMat\u00e9riau : Poly\u00e9thyl\u00e8ne PE MULTICOLORE<br \/>\nDimensions : 500x300x90 mm<br \/>\nCapacit\u00e9 de charge : 11 tonnes<br \/>\nLattes : 300x100x40 mm (2 unit\u00e9s fixes)<br \/>\nPoign\u00e9e int\u00e9gr\u00e9e<br \/>\nAntid\u00e9rapant<\/p>","protected":false},"excerpt":{"rendered":"<p>La Plaque de calage pour conteneur 50x30x9cm optimise la stabilit\u00e9 et la protection des rouleaux de conteneurs. Elle est con\u00e7ue pour r\u00e9sister \u00e0 des charges \u00e9lev\u00e9es et offrir une s\u00e9curit\u00e9 maximale pendant l\u2019utilisation. Il s\u2019agit d\u2019une plaque de base pour l\u2019installation solide et ferme de conteneurs afin de prot\u00e9ger les conteneurs roulants et les bennes [&hellip;]<\/p>\n","protected":false},"featured_media":1825,"comment_status":"open","ping_status":"closed","template":"","meta":[],"product_brand":[],"product_cat":[26],"product_tag":[],"class_list":{"0":"post-1823","1":"product","2":"type-product","3":"status-publish","4":"has-post-thumbnail","6":"product_cat-accessoires-de-conteneur","8":"first","9":"instock","10":"sale","11":"shipping-taxable","12":"purchasable","13":"product-type-simple"},"jetpack_sharing_enabled":true,"_links":{"self":[{"href":"https:\/\/www.contenora.com\/de\/wp-json\/wp\/v2\/product\/1823","targetHints":{"allow":["GET"]}}],"collection":[{"href":"https:\/\/www.contenora.com\/de\/wp-json\/wp\/v2\/product"}],"about":[{"href":"https:\/\/www.contenora.com\/de\/wp-json\/wp\/v2\/types\/product"}],"replies":[{"embeddable":true,"href":"https:\/\/www.contenora.com\/de\/wp-json\/wp\/v2\/comments?post=1823"}],"wp:featuredmedia":[{"embeddable":true,"href":"https:\/\/www.contenora.com\/de\/wp-json\/wp\/v2\/media\/1825"}],"wp:attachment":[{"href":"https:\/\/www.contenora.com\/de\/wp-json\/wp\/v2\/media?parent=1823"}],"wp:term":[{"taxonomy":"product_brand","embeddable":true,"href":"https:\/\/www.contenora.com\/de\/wp-json\/wp\/v2\/product_brand?post=1823"},{"taxonomy":"product_cat","embeddable":true,"href":"https:\/\/www.contenora.com\/de\/wp-json\/wp\/v2\/product_cat?post=1823"},{"taxonomy":"product_tag","embeddable":true,"href":"https:\/\/www.contenora.com\/de\/wp-json\/wp\/v2\/product_tag?post=1823"}],"curies":[{"name":"wp","href":"https:\/\/api.w.org\/{rel}","templated":true}]}}