{"id":1818,"date":"2025-05-24T08:22:31","date_gmt":"2025-05-24T08:22:31","guid":{"rendered":"https:\/\/contenora.com\/?post_type=product&#038;p=1818"},"modified":"2025-05-27T07:41:34","modified_gmt":"2025-05-27T07:41:34","slug":"roues-pour-conteneurr-3t-et-5t","status":"publish","type":"product","link":"https:\/\/www.contenora.com\/de\/product\/roues-pour-conteneurr-3t-et-5t\/","title":{"rendered":"R\u00e4der f\u00fcr Container 3t und 5t"},"content":{"rendered":"<p>Roues pour conteneur 3 tonnes et 5 tonnes avec rotation et frein<\/p>\n<p>Roulettes pivotantes de haute qualit\u00e9 pour le transport de conteneurs.<br \/>\nProduit id\u00e9al \u00e0 utiliser pour les conteneur ISO 1161 ou pour les chariots lourds. Les roues permettent de d\u00e9placer les conteneurs avec agilit\u00e9 et en cas de danger ou simplement, pour s\u2019arr\u00eater elles disposent d\u2019un frein tr\u00e8s utile.<br \/>\nInstallation facile!<\/p>\n<p>Dimensions des roues 3 tonnes :<\/p>\n<p><img fetchpriority=\"high\" decoding=\"async\" class=\"alignnone size-medium wp-image-1867\" src=\"https:\/\/contenora.com\/wp-content\/uploads\/2025\/05\/Roues-pour-container-3-tonnes-et-5-tonnes-300x300.jpg\" alt=\"\" width=\"300\" height=\"300\" srcset=\"https:\/\/www.contenora.com\/wp-content\/uploads\/2025\/05\/Roues-pour-container-3-tonnes-et-5-tonnes-300x300.jpg 300w, https:\/\/www.contenora.com\/wp-content\/uploads\/2025\/05\/Roues-pour-container-3-tonnes-et-5-tonnes-150x150.jpg 150w, https:\/\/www.contenora.com\/wp-content\/uploads\/2025\/05\/Roues-pour-container-3-tonnes-et-5-tonnes-768x768.jpg 768w, https:\/\/www.contenora.com\/wp-content\/uploads\/2025\/05\/Roues-pour-container-3-tonnes-et-5-tonnes-600x600.jpg 600w, https:\/\/www.contenora.com\/wp-content\/uploads\/2025\/05\/Roues-pour-container-3-tonnes-et-5-tonnes-100x100.jpg 100w, https:\/\/www.contenora.com\/wp-content\/uploads\/2025\/05\/Roues-pour-container-3-tonnes-et-5-tonnes.jpg 1024w\" sizes=\"(max-width: 300px) 100vw, 300px\" \/><\/p>\n<p>Dimensions des roues 5 tonnes :<\/p>\n<p><img decoding=\"async\" class=\"alignnone size-medium wp-image-1868\" src=\"https:\/\/contenora.com\/wp-content\/uploads\/2025\/05\/Dimensions-des-roues-5-tonnes-300x300.jpg\" alt=\"\" width=\"300\" height=\"300\" srcset=\"https:\/\/www.contenora.com\/wp-content\/uploads\/2025\/05\/Dimensions-des-roues-5-tonnes-300x300.jpg 300w, https:\/\/www.contenora.com\/wp-content\/uploads\/2025\/05\/Dimensions-des-roues-5-tonnes-150x150.jpg 150w, https:\/\/www.contenora.com\/wp-content\/uploads\/2025\/05\/Dimensions-des-roues-5-tonnes-768x768.jpg 768w, https:\/\/www.contenora.com\/wp-content\/uploads\/2025\/05\/Dimensions-des-roues-5-tonnes-600x600.jpg 600w, https:\/\/www.contenora.com\/wp-content\/uploads\/2025\/05\/Dimensions-des-roues-5-tonnes-100x100.jpg 100w, https:\/\/www.contenora.com\/wp-content\/uploads\/2025\/05\/Dimensions-des-roues-5-tonnes.jpg 1024w\" sizes=\"(max-width: 300px) 100vw, 300px\" \/><\/p>\n<p>Caract\u00e9ristiques:<br \/>\nDimensions: 42x32x21 cm<br \/>\nCapacit\u00e9 3 tonnes \/ 5 tonnes par roue<br \/>\nPour les roues 3 tonnes, avec 4 roues la capacit\u00e9 est de 12 tonnes<br \/>\nPour les roues 5 tonnes, avec 4 roues la capacit\u00e9 est de 20 tonnes<br \/>\nPoids d\u2019une roue 25kg<\/p>","protected":false},"excerpt":{"rendered":"<p>Roues pour conteneur 3 tonnes et 5 tonnes avec rotation et frein Roulettes pivotantes de haute qualit\u00e9 pour le transport de conteneurs. Produit id\u00e9al \u00e0 utiliser pour les conteneur ISO 1161 ou pour les chariots lourds. Les roues permettent de d\u00e9placer les conteneurs avec agilit\u00e9 et en cas de danger ou simplement, pour s\u2019arr\u00eater elles [&hellip;]<\/p>\n","protected":false},"featured_media":1819,"comment_status":"open","ping_status":"closed","template":"","meta":[],"product_brand":[],"product_cat":[26],"product_tag":[],"class_list":{"0":"post-1818","1":"product","2":"type-product","3":"status-publish","4":"has-post-thumbnail","6":"product_cat-accessoires-de-conteneur","8":"first","9":"instock","10":"sale","11":"shipping-taxable","12":"purchasable","13":"product-type-simple"},"jetpack_sharing_enabled":true,"_links":{"self":[{"href":"https:\/\/www.contenora.com\/de\/wp-json\/wp\/v2\/product\/1818","targetHints":{"allow":["GET"]}}],"collection":[{"href":"https:\/\/www.contenora.com\/de\/wp-json\/wp\/v2\/product"}],"about":[{"href":"https:\/\/www.contenora.com\/de\/wp-json\/wp\/v2\/types\/product"}],"replies":[{"embeddable":true,"href":"https:\/\/www.contenora.com\/de\/wp-json\/wp\/v2\/comments?post=1818"}],"wp:featuredmedia":[{"embeddable":true,"href":"https:\/\/www.contenora.com\/de\/wp-json\/wp\/v2\/media\/1819"}],"wp:attachment":[{"href":"https:\/\/www.contenora.com\/de\/wp-json\/wp\/v2\/media?parent=1818"}],"wp:term":[{"taxonomy":"product_brand","embeddable":true,"href":"https:\/\/www.contenora.com\/de\/wp-json\/wp\/v2\/product_brand?post=1818"},{"taxonomy":"product_cat","embeddable":true,"href":"https:\/\/www.contenora.com\/de\/wp-json\/wp\/v2\/product_cat?post=1818"},{"taxonomy":"product_tag","embeddable":true,"href":"https:\/\/www.contenora.com\/de\/wp-json\/wp\/v2\/product_tag?post=1818"}],"curies":[{"name":"wp","href":"https:\/\/api.w.org\/{rel}","templated":true}]}}