{"id":1811,"date":"2025-05-24T03:58:34","date_gmt":"2025-05-24T03:58:34","guid":{"rendered":"https:\/\/contenora.com\/?post_type=product&#038;p=1811"},"modified":"2025-05-27T07:45:22","modified_gmt":"2025-05-27T07:45:22","slug":"supports-detageres-pour-conteneurs-maritimes","status":"publish","type":"product","link":"https:\/\/www.contenora.com\/de\/product\/supports-detageres-pour-conteneurs-maritimes\/","title":{"rendered":"supports d&rsquo;\u00e9tag\u00e8res pour conteneurs maritimes"},"content":{"rendered":"<p>Nos supports d&rsquo;\u00e9tag\u00e8res pour conteneurs maritimes sont la solution id\u00e9ale pour maximiser l&rsquo;espace de rangement tout en garantissant durabilit\u00e9 et praticit\u00e9. Rapides et faciles \u00e0 installer, ils s&rsquo;accrochent directement aux anneaux en D ou aux coins ISO des conteneurs, sans n\u00e9cessiter de boulonnage ni de soudure. Gr\u00e2ce \u00e0 leur conception robuste et \u00e0 leur rev\u00eatement thermolaqu\u00e9, ces supports sont con\u00e7us pour r\u00e9sister aux \u00e9l\u00e9ments ext\u00e9rieurs et offrir une long\u00e9vit\u00e9 optimale.<\/p>\n<p>Id\u00e9al pour organiser efficacement l&rsquo;int\u00e9rieur d&rsquo;un conteneur maritime de 20 pieds\/6 m\u00e8tres (planches en bois non incluses).<\/p>\n<p>Fonctionnalit\u00e9s cl\u00e9s :<br \/>\nFixation pratique : les supports s\u2019accrochent directement aux coins ISO des conteneurs, garantissant une installation rapide et sans d\u00e9g\u00e2t pour le conteneur.<br \/>\nOptimisation de l\u2019espace : l\u2019espace sous l\u2019\u00e9tag\u00e8re reste libre, permettant un stockage suppl\u00e9mentaire d\u2019objets volumineux.<br \/>\nCompatibilit\u00e9 flexible : les supports peuvent accueillir du bois sci\u00e9 ou des planches d\u2019\u00e9chafaudage, offrant une personnalisation adapt\u00e9e \u00e0 vos besoins sp\u00e9cifiques.<\/p>\n<p>Vorteile:<br \/>\nRobustesse et durabilit\u00e9 : le thermolaquage prot\u00e8ge les supports contre la corrosion, prolongeant ainsi leur dur\u00e9e de vie m\u00eame dans des conditions difficiles.<br \/>\nOrganisation efficace : parfait pour optimiser l\u2019espace de rangement dans des conteneurs maritimes de 20 pieds\/6 m\u00e8tres, ces supports sont id\u00e9aux pour les professionnels et particuliers.<\/p>\n<p>Optimisez d\u00e8s maintenant vos espaces de stockage avec ces supports pratiques et fiables\u202f!<\/p>\n<p>Technische Merkmale:<br \/>\nProfondeur de la tablette : 480 mm<br \/>\nCapacit\u00e9 de charge par bras de support : 250 kg<br \/>\nCapacit\u00e9 de charge par support : 500 kg<br \/>\nPoids : 5 kg<\/p>","protected":false},"excerpt":{"rendered":"<p>Nos supports d&rsquo;\u00e9tag\u00e8res pour conteneurs maritimes sont la solution id\u00e9ale pour maximiser l&rsquo;espace de rangement tout en garantissant durabilit\u00e9 et praticit\u00e9. Rapides et faciles \u00e0 installer, ils s&rsquo;accrochent directement aux anneaux en D ou aux coins ISO des conteneurs, sans n\u00e9cessiter de boulonnage ni de soudure. Gr\u00e2ce \u00e0 leur conception robuste et \u00e0 leur rev\u00eatement [&hellip;]<\/p>\n","protected":false},"featured_media":1812,"comment_status":"open","ping_status":"closed","template":"","meta":[],"product_brand":[],"product_cat":[26],"product_tag":[],"class_list":{"0":"post-1811","1":"product","2":"type-product","3":"status-publish","4":"has-post-thumbnail","6":"product_cat-accessoires-de-conteneur","8":"first","9":"instock","10":"sale","11":"shipping-taxable","12":"purchasable","13":"product-type-simple"},"jetpack_sharing_enabled":true,"_links":{"self":[{"href":"https:\/\/www.contenora.com\/de\/wp-json\/wp\/v2\/product\/1811","targetHints":{"allow":["GET"]}}],"collection":[{"href":"https:\/\/www.contenora.com\/de\/wp-json\/wp\/v2\/product"}],"about":[{"href":"https:\/\/www.contenora.com\/de\/wp-json\/wp\/v2\/types\/product"}],"replies":[{"embeddable":true,"href":"https:\/\/www.contenora.com\/de\/wp-json\/wp\/v2\/comments?post=1811"}],"wp:featuredmedia":[{"embeddable":true,"href":"https:\/\/www.contenora.com\/de\/wp-json\/wp\/v2\/media\/1812"}],"wp:attachment":[{"href":"https:\/\/www.contenora.com\/de\/wp-json\/wp\/v2\/media?parent=1811"}],"wp:term":[{"taxonomy":"product_brand","embeddable":true,"href":"https:\/\/www.contenora.com\/de\/wp-json\/wp\/v2\/product_brand?post=1811"},{"taxonomy":"product_cat","embeddable":true,"href":"https:\/\/www.contenora.com\/de\/wp-json\/wp\/v2\/product_cat?post=1811"},{"taxonomy":"product_tag","embeddable":true,"href":"https:\/\/www.contenora.com\/de\/wp-json\/wp\/v2\/product_tag?post=1811"}],"curies":[{"name":"wp","href":"https:\/\/api.w.org\/{rel}","templated":true}]}}