{"id":1808,"date":"2025-05-23T21:04:45","date_gmt":"2025-05-23T21:04:45","guid":{"rendered":"https:\/\/contenora.com\/?post_type=product&#038;p=1808"},"modified":"2025-05-27T07:47:22","modified_gmt":"2025-05-27T07:47:22","slug":"cale-universelle-4-unites","status":"publish","type":"product","link":"https:\/\/www.contenora.com\/de\/product\/cale-universelle-4-unites\/","title":{"rendered":"Universelle Keile, 4 St\u00fcck"},"content":{"rendered":"<p>Universelle Keile, 4 St\u00fcck<\/p>\n<p>Solution \u00e9conomique, universelle et r\u00e9utilisable !<br \/>\nCes cales permettent de poser votre container en le rehaussant par rapport au sol.<\/p>\n<p>Fabriqu\u00e9es en France, elles sont con\u00e7ues en plastique recycl\u00e9 et recyclable et utilisables sur tout type de sol.<\/p>\n<p>Des ergots viennent maintenir le coin ISO en place au centre de la cale.<\/p>\n<p>Elles s\u2019emboitent pour faciliter leur utilisation (maximum 5 cales superpos\u00e9es) et leur mati\u00e8re leur octroie des particularit\u00e9s \u00e9conomiques et \u00e9cologiques : elles ne se fendent pas, ne pourrissent pas, n\u2019absorbent pas l\u2019humidit\u00e9.<\/p>\n<p>Elles se nettoient facilement sous haute pression et sont r\u00e9utilisables.<\/p>\n<p>Les cales prot\u00e8gent le sol sur lequel elles reposent.<\/p>\n<p>Ces cales ne marquent pas les sols ni les peintures.<\/p>\n<p>Vendues par lot de 4 unit\u00e9s.<\/p>","protected":false},"excerpt":{"rendered":"<p>Cale universelle 4 unit\u00e9s Solution \u00e9conomique, universelle et r\u00e9utilisable ! Ces cales permettent de poser votre container en le rehaussant par rapport au sol. Fabriqu\u00e9es en France, elles sont con\u00e7ues en plastique recycl\u00e9 et recyclable et utilisables sur tout type de sol. Des ergots viennent maintenir le coin ISO en place au centre de la [&hellip;]<\/p>\n","protected":false},"featured_media":1809,"comment_status":"open","ping_status":"closed","template":"","meta":[],"product_brand":[],"product_cat":[26],"product_tag":[],"class_list":{"0":"post-1808","1":"product","2":"type-product","3":"status-publish","4":"has-post-thumbnail","6":"product_cat-accessoires-de-conteneur","8":"first","9":"instock","10":"sale","11":"shipping-taxable","12":"purchasable","13":"product-type-simple"},"jetpack_sharing_enabled":true,"_links":{"self":[{"href":"https:\/\/www.contenora.com\/de\/wp-json\/wp\/v2\/product\/1808","targetHints":{"allow":["GET"]}}],"collection":[{"href":"https:\/\/www.contenora.com\/de\/wp-json\/wp\/v2\/product"}],"about":[{"href":"https:\/\/www.contenora.com\/de\/wp-json\/wp\/v2\/types\/product"}],"replies":[{"embeddable":true,"href":"https:\/\/www.contenora.com\/de\/wp-json\/wp\/v2\/comments?post=1808"}],"wp:featuredmedia":[{"embeddable":true,"href":"https:\/\/www.contenora.com\/de\/wp-json\/wp\/v2\/media\/1809"}],"wp:attachment":[{"href":"https:\/\/www.contenora.com\/de\/wp-json\/wp\/v2\/media?parent=1808"}],"wp:term":[{"taxonomy":"product_brand","embeddable":true,"href":"https:\/\/www.contenora.com\/de\/wp-json\/wp\/v2\/product_brand?post=1808"},{"taxonomy":"product_cat","embeddable":true,"href":"https:\/\/www.contenora.com\/de\/wp-json\/wp\/v2\/product_cat?post=1808"},{"taxonomy":"product_tag","embeddable":true,"href":"https:\/\/www.contenora.com\/de\/wp-json\/wp\/v2\/product_tag?post=1808"}],"curies":[{"name":"wp","href":"https:\/\/api.w.org\/{rel}","templated":true}]}}