{"id":1804,"date":"2025-05-23T20:55:57","date_gmt":"2025-05-23T20:55:57","guid":{"rendered":"https:\/\/contenora.com\/?post_type=product&#038;p=1804"},"modified":"2025-05-27T07:49:14","modified_gmt":"2025-05-27T07:49:14","slug":"cale-industrie-4-unites","status":"publish","type":"product","link":"https:\/\/www.contenora.com\/de\/product\/cale-industrie-4-unites\/","title":{"rendered":"Industriekeil, 4 St\u00fcck"},"content":{"rendered":"<p>Industriekeil, 4 St\u00fcck<\/p>\n<p>Solution \u00e9conomique, mise en place facile et r\u00e9utilisable !<br \/>\nCes cales permettent de poser votre container en le rehaussant par rapport au sol.<\/p>\n<p>Fabriqu\u00e9es en France, elles sont con\u00e7ues en plastique recycl\u00e9 et recyclable.<\/p>\n<p>Les cales industries sont moins \u00e9paisses que les cales universelles utilis\u00e9es pour tous type de sols, car celles-ci sont sp\u00e9cialement con\u00e7ues pour une utilisation sur sols plats et durs.<\/p>\n<p>Le socle ISO est automatiquement positionn\u00e9 au centre de la cale.<\/p>\n<p>Elles s\u2019emboitent pour faciliter leur utilisation (maximum 5 cales superpos\u00e9es) et leur mati\u00e8re leur octroie des particularit\u00e9s \u00e9conomiques et \u00e9cologiques : elles ne se fendent pas, ne pourrissent pas, n\u2019absorbent pas l\u2019humidit\u00e9.<\/p>\n<p>Solution facile \u00e0 nettoyer et \u00e0 stocker !<\/p>\n<p>La couleur initiale est grise.<\/p>\n<p>Ces cales ne marquent pas les sols et les peintures.<\/p>\n<p>Vendue par lot de 4 unit\u00e9s.<\/p>","protected":false},"excerpt":{"rendered":"<p>Cale industrie 4 unit\u00e9s Solution \u00e9conomique, mise en place facile et r\u00e9utilisable ! Ces cales permettent de poser votre container en le rehaussant par rapport au sol. Fabriqu\u00e9es en France, elles sont con\u00e7ues en plastique recycl\u00e9 et recyclable. Les cales industries sont moins \u00e9paisses que les cales universelles utilis\u00e9es pour tous type de sols, car [&hellip;]<\/p>\n","protected":false},"featured_media":1805,"comment_status":"open","ping_status":"closed","template":"","meta":[],"product_brand":[],"product_cat":[26],"product_tag":[],"class_list":{"0":"post-1804","1":"product","2":"type-product","3":"status-publish","4":"has-post-thumbnail","6":"product_cat-accessoires-de-conteneur","8":"first","9":"instock","10":"sale","11":"shipping-taxable","12":"purchasable","13":"product-type-simple"},"jetpack_sharing_enabled":true,"_links":{"self":[{"href":"https:\/\/www.contenora.com\/de\/wp-json\/wp\/v2\/product\/1804","targetHints":{"allow":["GET"]}}],"collection":[{"href":"https:\/\/www.contenora.com\/de\/wp-json\/wp\/v2\/product"}],"about":[{"href":"https:\/\/www.contenora.com\/de\/wp-json\/wp\/v2\/types\/product"}],"replies":[{"embeddable":true,"href":"https:\/\/www.contenora.com\/de\/wp-json\/wp\/v2\/comments?post=1804"}],"wp:featuredmedia":[{"embeddable":true,"href":"https:\/\/www.contenora.com\/de\/wp-json\/wp\/v2\/media\/1805"}],"wp:attachment":[{"href":"https:\/\/www.contenora.com\/de\/wp-json\/wp\/v2\/media?parent=1804"}],"wp:term":[{"taxonomy":"product_brand","embeddable":true,"href":"https:\/\/www.contenora.com\/de\/wp-json\/wp\/v2\/product_brand?post=1804"},{"taxonomy":"product_cat","embeddable":true,"href":"https:\/\/www.contenora.com\/de\/wp-json\/wp\/v2\/product_cat?post=1804"},{"taxonomy":"product_tag","embeddable":true,"href":"https:\/\/www.contenora.com\/de\/wp-json\/wp\/v2\/product_tag?post=1804"}],"curies":[{"name":"wp","href":"https:\/\/api.w.org\/{rel}","templated":true}]}}