{"id":1794,"date":"2025-05-23T20:36:12","date_gmt":"2025-05-23T20:36:12","guid":{"rendered":"https:\/\/contenora.com\/?post_type=product&#038;p=1794"},"modified":"2025-05-27T08:05:54","modified_gmt":"2025-05-27T08:05:54","slug":"rampe-acces-aluminium","status":"publish","type":"product","link":"https:\/\/www.contenora.com\/de\/product\/rampe-acces-aluminium\/","title":{"rendered":"Aluminium-Zugangsrampe"},"content":{"rendered":"<h1 class=\"product_title entry-title\">Aluminium-Zugangsrampe<\/h1>\n<p>Solution id\u00e9ale pour d\u00e9charger rapidement et facilement votre container !<br \/>\nLa rampe d&rsquo;acc\u00e8s vous permet d&#8217;empoter et de d\u00e9poter votre container en toute s\u00e9curit\u00e9 et simplicit\u00e9.<\/p>\n<p>Il existe plusieurs rampes, avec une diff\u00e9rence de taille et de capacit\u00e9 au niveau du poids du chargement.<\/p>\n<p>Selon votre besoin, vous pouvez choisir la rampe ad\u00e9quate en fonction de ces crit\u00e8res.<\/p>","protected":false},"excerpt":{"rendered":"<p>Rampe acc\u00e8s aluminium Solution id\u00e9ale pour d\u00e9charger rapidement et facilement votre container ! La rampe d&rsquo;acc\u00e8s vous permet d&#8217;empoter et de d\u00e9poter votre container en toute s\u00e9curit\u00e9 et simplicit\u00e9. Il existe plusieurs rampes, avec une diff\u00e9rence de taille et de capacit\u00e9 au niveau du poids du chargement. Selon votre besoin, vous pouvez choisir la rampe [&hellip;]<\/p>\n","protected":false},"featured_media":1795,"comment_status":"open","ping_status":"closed","template":"","meta":[],"product_brand":[],"product_cat":[26],"product_tag":[],"class_list":{"0":"post-1794","1":"product","2":"type-product","3":"status-publish","4":"has-post-thumbnail","6":"product_cat-accessoires-de-conteneur","8":"first","9":"instock","10":"sale","11":"shipping-taxable","12":"purchasable","13":"product-type-simple"},"jetpack_sharing_enabled":true,"_links":{"self":[{"href":"https:\/\/www.contenora.com\/de\/wp-json\/wp\/v2\/product\/1794","targetHints":{"allow":["GET"]}}],"collection":[{"href":"https:\/\/www.contenora.com\/de\/wp-json\/wp\/v2\/product"}],"about":[{"href":"https:\/\/www.contenora.com\/de\/wp-json\/wp\/v2\/types\/product"}],"replies":[{"embeddable":true,"href":"https:\/\/www.contenora.com\/de\/wp-json\/wp\/v2\/comments?post=1794"}],"wp:featuredmedia":[{"embeddable":true,"href":"https:\/\/www.contenora.com\/de\/wp-json\/wp\/v2\/media\/1795"}],"wp:attachment":[{"href":"https:\/\/www.contenora.com\/de\/wp-json\/wp\/v2\/media?parent=1794"}],"wp:term":[{"taxonomy":"product_brand","embeddable":true,"href":"https:\/\/www.contenora.com\/de\/wp-json\/wp\/v2\/product_brand?post=1794"},{"taxonomy":"product_cat","embeddable":true,"href":"https:\/\/www.contenora.com\/de\/wp-json\/wp\/v2\/product_cat?post=1794"},{"taxonomy":"product_tag","embeddable":true,"href":"https:\/\/www.contenora.com\/de\/wp-json\/wp\/v2\/product_tag?post=1794"}],"curies":[{"name":"wp","href":"https:\/\/api.w.org\/{rel}","templated":true}]}}