{"id":1787,"date":"2025-05-23T20:05:53","date_gmt":"2025-05-23T20:05:53","guid":{"rendered":"https:\/\/contenora.com\/?post_type=product&#038;p=1787"},"modified":"2025-05-27T08:18:29","modified_gmt":"2025-05-27T08:18:29","slug":"twist-lock-inferieur","status":"publish","type":"product","link":"https:\/\/www.contenora.com\/de\/product\/twist-lock-inferieur\/","title":{"rendered":"Unterer Twistlock"},"content":{"rendered":"<p>Unterer Twistlock<\/p>\n<p>L&rsquo;accessoire indispensable pour le transport maritime !<br \/>\nLe twist-lock inf\u00e9rieur appel\u00e9 aussi twist-lock \u00e0 queue d&rsquo;aronde permet d&rsquo;amarrer les conteneurs sur une plateforme.<\/p>\n<p>Ce syst\u00e8me de verrou est une pi\u00e8ce maritime standard pour lier les conteneurs \u00e0 un camion ou entre eux sur les porte-conteneurs lors de leurs voyages en mer.<\/p>\n<p>Une fois la platine soud\u00e9e sur un support, il se place sur les coins inf\u00e9rieurs ISO du conteneur.<\/p>\n<p>Il est facile d&rsquo;utilisation et rapide \u00e0 mettre en place !<\/p>","protected":false},"excerpt":{"rendered":"<p>Twist-lock inf\u00e9rieur L&rsquo;accessoire indispensable pour le transport maritime ! Le twist-lock inf\u00e9rieur appel\u00e9 aussi twist-lock \u00e0 queue d&rsquo;aronde permet d&rsquo;amarrer les conteneurs sur une plateforme. Ce syst\u00e8me de verrou est une pi\u00e8ce maritime standard pour lier les conteneurs \u00e0 un camion ou entre eux sur les porte-conteneurs lors de leurs voyages en mer. Une fois [&hellip;]<\/p>\n","protected":false},"featured_media":1789,"comment_status":"open","ping_status":"closed","template":"","meta":[],"product_brand":[],"product_cat":[26],"product_tag":[],"class_list":{"0":"post-1787","1":"product","2":"type-product","3":"status-publish","4":"has-post-thumbnail","6":"product_cat-accessoires-de-conteneur","8":"first","9":"instock","10":"sale","11":"shipping-taxable","12":"purchasable","13":"product-type-simple"},"jetpack_sharing_enabled":true,"_links":{"self":[{"href":"https:\/\/www.contenora.com\/de\/wp-json\/wp\/v2\/product\/1787","targetHints":{"allow":["GET"]}}],"collection":[{"href":"https:\/\/www.contenora.com\/de\/wp-json\/wp\/v2\/product"}],"about":[{"href":"https:\/\/www.contenora.com\/de\/wp-json\/wp\/v2\/types\/product"}],"replies":[{"embeddable":true,"href":"https:\/\/www.contenora.com\/de\/wp-json\/wp\/v2\/comments?post=1787"}],"wp:featuredmedia":[{"embeddable":true,"href":"https:\/\/www.contenora.com\/de\/wp-json\/wp\/v2\/media\/1789"}],"wp:attachment":[{"href":"https:\/\/www.contenora.com\/de\/wp-json\/wp\/v2\/media?parent=1787"}],"wp:term":[{"taxonomy":"product_brand","embeddable":true,"href":"https:\/\/www.contenora.com\/de\/wp-json\/wp\/v2\/product_brand?post=1787"},{"taxonomy":"product_cat","embeddable":true,"href":"https:\/\/www.contenora.com\/de\/wp-json\/wp\/v2\/product_cat?post=1787"},{"taxonomy":"product_tag","embeddable":true,"href":"https:\/\/www.contenora.com\/de\/wp-json\/wp\/v2\/product_tag?post=1787"}],"curies":[{"name":"wp","href":"https:\/\/api.w.org\/{rel}","templated":true}]}}