{"id":1782,"date":"2025-05-23T19:46:34","date_gmt":"2025-05-23T19:46:34","guid":{"rendered":"https:\/\/contenora.com\/?post_type=product&#038;p=1782"},"modified":"2025-05-27T08:21:04","modified_gmt":"2025-05-27T08:21:04","slug":"cadenas-a-machoires","status":"publish","type":"product","link":"https:\/\/www.contenora.com\/de\/product\/cadenas-a-machoires\/","title":{"rendered":"Knebel-Schloss"},"content":{"rendered":"<p>Cadenas \u00e0 m\u00e2choires Solution r\u00e9glable, adaptable et r\u00e9utilisable !<br \/>\nCe syst\u00e8me de fermeture vient s&rsquo;installer sur les barres de cr\u00e9mones des portes du conteneur afin de prot\u00e9ger et maintenir la fermeture de celles-ci.<\/p>\n<p>Aucune soudure, aucun per\u00e7age, aucune cadenas s\u00e9par\u00e9e.<\/p>\n<p>Particuli\u00e8rement r\u00e9sistant , ce syst\u00e8me de verrouillage en acier inoxydable ne craint pas les intemp\u00e9ries et garantit une s\u00e9curit\u00e9 optimale<\/p>","protected":false},"excerpt":{"rendered":"<p>Cadenas \u00e0 m\u00e2choires Solution r\u00e9glable, adaptable et r\u00e9utilisable ! Ce syst\u00e8me de fermeture vient s&rsquo;installer sur les barres de cr\u00e9mones des portes du conteneur afin de prot\u00e9ger et maintenir la fermeture de celles-ci. Aucune soudure, aucun per\u00e7age, aucune cadenas s\u00e9par\u00e9e. Particuli\u00e8rement r\u00e9sistant , ce syst\u00e8me de verrouillage en acier inoxydable ne craint pas les intemp\u00e9ries [&hellip;]<\/p>\n","protected":false},"featured_media":1783,"comment_status":"open","ping_status":"closed","template":"","meta":[],"product_brand":[],"product_cat":[26],"product_tag":[],"class_list":{"0":"post-1782","1":"product","2":"type-product","3":"status-publish","4":"has-post-thumbnail","6":"product_cat-accessoires-de-conteneur","8":"first","9":"instock","10":"sale","11":"shipping-taxable","12":"purchasable","13":"product-type-simple"},"jetpack_sharing_enabled":true,"_links":{"self":[{"href":"https:\/\/www.contenora.com\/de\/wp-json\/wp\/v2\/product\/1782","targetHints":{"allow":["GET"]}}],"collection":[{"href":"https:\/\/www.contenora.com\/de\/wp-json\/wp\/v2\/product"}],"about":[{"href":"https:\/\/www.contenora.com\/de\/wp-json\/wp\/v2\/types\/product"}],"replies":[{"embeddable":true,"href":"https:\/\/www.contenora.com\/de\/wp-json\/wp\/v2\/comments?post=1782"}],"wp:featuredmedia":[{"embeddable":true,"href":"https:\/\/www.contenora.com\/de\/wp-json\/wp\/v2\/media\/1783"}],"wp:attachment":[{"href":"https:\/\/www.contenora.com\/de\/wp-json\/wp\/v2\/media?parent=1782"}],"wp:term":[{"taxonomy":"product_brand","embeddable":true,"href":"https:\/\/www.contenora.com\/de\/wp-json\/wp\/v2\/product_brand?post=1782"},{"taxonomy":"product_cat","embeddable":true,"href":"https:\/\/www.contenora.com\/de\/wp-json\/wp\/v2\/product_cat?post=1782"},{"taxonomy":"product_tag","embeddable":true,"href":"https:\/\/www.contenora.com\/de\/wp-json\/wp\/v2\/product_tag?post=1782"}],"curies":[{"name":"wp","href":"https:\/\/api.w.org\/{rel}","templated":true}]}}