{"id":1778,"date":"2025-05-23T19:32:56","date_gmt":"2025-05-23T19:32:56","guid":{"rendered":"https:\/\/contenora.com\/?post_type=product&#038;p=1778"},"modified":"2025-05-27T08:23:35","modified_gmt":"2025-05-27T08:23:35","slug":"cache-cadenas","status":"publish","type":"product","link":"https:\/\/www.contenora.com\/de\/product\/cache-cadenas\/","title":{"rendered":"Schlossabdeckung"},"content":{"rendered":"<p>Le cache cadenas, plus commun\u00e9ment appel\u00e9 lockbox, offre une s\u00e9curit\u00e9 suppl\u00e9mentaire contre les effractions en limitant l\u2019acc\u00e8s \u00e0 votre cadenas.<\/p>\n<p>Solution id\u00e9ale pour une protection maximale de vos biens entrepos\u00e9s.<\/p>\n<p>Cette pi\u00e8ce maritime de verrouillage ne peut \u00eatre ouvert par le dessous.<\/p>\n<p>Il se fixe sur les portes du conteneur par per\u00e7age et soudage.<\/p>","protected":false},"excerpt":{"rendered":"<p>Le cache cadenas, plus commun\u00e9ment appel\u00e9 lockbox, offre une s\u00e9curit\u00e9 suppl\u00e9mentaire contre les effractions en limitant l\u2019acc\u00e8s \u00e0 votre cadenas. Solution id\u00e9ale pour une protection maximale de vos biens entrepos\u00e9s. Cette pi\u00e8ce maritime de verrouillage ne peut \u00eatre ouvert par le dessous. Il se fixe sur les portes du conteneur par per\u00e7age et soudage.<\/p>","protected":false},"featured_media":1779,"comment_status":"open","ping_status":"closed","template":"","meta":[],"product_brand":[],"product_cat":[26],"product_tag":[],"class_list":{"0":"post-1778","1":"product","2":"type-product","3":"status-publish","4":"has-post-thumbnail","6":"product_cat-accessoires-de-conteneur","8":"first","9":"instock","10":"sale","11":"shipping-taxable","12":"purchasable","13":"product-type-simple"},"jetpack_sharing_enabled":true,"_links":{"self":[{"href":"https:\/\/www.contenora.com\/de\/wp-json\/wp\/v2\/product\/1778","targetHints":{"allow":["GET"]}}],"collection":[{"href":"https:\/\/www.contenora.com\/de\/wp-json\/wp\/v2\/product"}],"about":[{"href":"https:\/\/www.contenora.com\/de\/wp-json\/wp\/v2\/types\/product"}],"replies":[{"embeddable":true,"href":"https:\/\/www.contenora.com\/de\/wp-json\/wp\/v2\/comments?post=1778"}],"wp:featuredmedia":[{"embeddable":true,"href":"https:\/\/www.contenora.com\/de\/wp-json\/wp\/v2\/media\/1779"}],"wp:attachment":[{"href":"https:\/\/www.contenora.com\/de\/wp-json\/wp\/v2\/media?parent=1778"}],"wp:term":[{"taxonomy":"product_brand","embeddable":true,"href":"https:\/\/www.contenora.com\/de\/wp-json\/wp\/v2\/product_brand?post=1778"},{"taxonomy":"product_cat","embeddable":true,"href":"https:\/\/www.contenora.com\/de\/wp-json\/wp\/v2\/product_cat?post=1778"},{"taxonomy":"product_tag","embeddable":true,"href":"https:\/\/www.contenora.com\/de\/wp-json\/wp\/v2\/product_tag?post=1778"}],"curies":[{"name":"wp","href":"https:\/\/api.w.org\/{rel}","templated":true}]}}