{"id":1772,"date":"2025-05-23T19:08:37","date_gmt":"2025-05-23T19:08:37","guid":{"rendered":"https:\/\/contenora.com\/?post_type=product&#038;p=1772"},"modified":"2025-05-27T08:25:34","modified_gmt":"2025-05-27T08:25:34","slug":"cadenas-de-securite-blinde","status":"publish","type":"product","link":"https:\/\/www.contenora.com\/de\/product\/cadenas-de-securite-blinde\/","title":{"rendered":"Panzer-Vorh\u00e4ngeschloss"},"content":{"rendered":"<p>Panzer-Vorh\u00e4ngeschloss<\/p>\n<p>Avec ces cha\u00eenes, optez pour la s\u00e9curit\u00e9 !<br \/>\nCadenas corps monobloc sp\u00e9cialement con\u00e7u pour conteneurs maritimes.<\/p>\n<p>Il dispose d&rsquo;un blindage, d&rsquo;une anse en acier c\u00e9ment\u00e9 et d&rsquo;une protection contre le per\u00e7age.<\/p>\n<p>Composant anti-crochetage, anti-per\u00e7age.<\/p>\n<p>Tr\u00e8s simple d&rsquo;utilisation, il suffit que les cha\u00eenes soient ferm\u00e9es pour r\u00e9cup\u00e9rer la cl\u00e9. Votre conteneur est s\u00e9curis\u00e9 et prot\u00e9g\u00e9.<\/p>","protected":false},"excerpt":{"rendered":"<p>Cadenas de S\u00e9curit\u00e9 Blind\u00e9 Avec ces cha\u00eenes, optez pour la s\u00e9curit\u00e9 ! Cadenas corps monobloc sp\u00e9cialement con\u00e7u pour conteneurs maritimes. Il dispose d&rsquo;un blindage, d&rsquo;une anse en acier c\u00e9ment\u00e9 et d&rsquo;une protection contre le per\u00e7age. Composant anti-crochetage, anti-per\u00e7age. Tr\u00e8s simple d&rsquo;utilisation, il suffit que les cha\u00eenes soient ferm\u00e9es pour r\u00e9cup\u00e9rer la cl\u00e9. Votre conteneur est [&hellip;]<\/p>\n","protected":false},"featured_media":1774,"comment_status":"open","ping_status":"closed","template":"","meta":[],"product_brand":[],"product_cat":[26],"product_tag":[],"class_list":{"0":"post-1772","1":"product","2":"type-product","3":"status-publish","4":"has-post-thumbnail","6":"product_cat-accessoires-de-conteneur","8":"first","9":"instock","10":"sale","11":"shipping-taxable","12":"purchasable","13":"product-type-simple"},"jetpack_sharing_enabled":true,"_links":{"self":[{"href":"https:\/\/www.contenora.com\/de\/wp-json\/wp\/v2\/product\/1772","targetHints":{"allow":["GET"]}}],"collection":[{"href":"https:\/\/www.contenora.com\/de\/wp-json\/wp\/v2\/product"}],"about":[{"href":"https:\/\/www.contenora.com\/de\/wp-json\/wp\/v2\/types\/product"}],"replies":[{"embeddable":true,"href":"https:\/\/www.contenora.com\/de\/wp-json\/wp\/v2\/comments?post=1772"}],"wp:featuredmedia":[{"embeddable":true,"href":"https:\/\/www.contenora.com\/de\/wp-json\/wp\/v2\/media\/1774"}],"wp:attachment":[{"href":"https:\/\/www.contenora.com\/de\/wp-json\/wp\/v2\/media?parent=1772"}],"wp:term":[{"taxonomy":"product_brand","embeddable":true,"href":"https:\/\/www.contenora.com\/de\/wp-json\/wp\/v2\/product_brand?post=1772"},{"taxonomy":"product_cat","embeddable":true,"href":"https:\/\/www.contenora.com\/de\/wp-json\/wp\/v2\/product_cat?post=1772"},{"taxonomy":"product_tag","embeddable":true,"href":"https:\/\/www.contenora.com\/de\/wp-json\/wp\/v2\/product_tag?post=1772"}],"curies":[{"name":"wp","href":"https:\/\/api.w.org\/{rel}","templated":true}]}}