{"id":1502,"date":"2025-05-20T11:38:45","date_gmt":"2025-05-20T11:38:45","guid":{"rendered":"https:\/\/aquamarine-mosquito-663243.hostingersite.com\/?post_type=product&#038;p=1502"},"modified":"2025-05-27T08:27:46","modified_gmt":"2025-05-27T08:27:46","slug":"conteneur-10-pieds-avec-ouverture-laterale","status":"publish","type":"product","link":"https:\/\/www.contenora.com\/de\/product\/conteneur-10-pieds-avec-ouverture-laterale\/","title":{"rendered":"10-Fu\u00df-Container mit seitlicher \u00d6ffnung"},"content":{"rendered":"<p>Conteneur 10 pieds avec ouverture lat\u00e9rale est un mod\u00e8le compact et pratique, id\u00e9al pour le stockage portable et l\u2019exp\u00e9dition de marchandises. Contrairement aux conteneurs classiques, ce mod\u00e8le dispose d\u2019une large ouverture lat\u00e9rale, facilitant consid\u00e9rablement le chargement et le d\u00e9chargement, m\u00eame pour des objets volumineux ou difficilement man\u0153uvrables.<\/p>\n<p>Fabriqu\u00e9 en acier Corten, reconnu pour sa solidit\u00e9 et sa r\u00e9sistance \u00e0 la corrosion, ce conteneur est con\u00e7u pour r\u00e9sister aux conditions les plus exigeantes. Il dispose \u00e9galement d\u2019un plancher en contreplaqu\u00e9 marin de 28 mm, capable de supporter des charges lourdes en toute s\u00e9curit\u00e9.<\/p>\n<p>Gr\u00e2ce \u00e0 son format r\u00e9duit, il constitue une solution de stockage flexible pour les entreprises, les chantiers, ou les particuliers ayant besoin d\u2019un espace s\u00e9curis\u00e9 et accessible. Ce conteneur peut aussi bien servir au transport maritime qu\u2019au stockage temporaire ou \u00e0 l\u2019am\u00e9nagement d\u2019espaces modulaires.<\/p>\n<div id=\"ez-toc-container\" class=\"ez-toc-v2_0_82_1 counter-hierarchy ez-toc-counter ez-toc-grey ez-toc-container-direction\">\n<div class=\"ez-toc-title-container\">\n<p class=\"ez-toc-title\" style=\"cursor:inherit\">Inhaltsverzeichnis<\/p>\n<span class=\"ez-toc-title-toggle\"><a href=\"#\" class=\"ez-toc-pull-right ez-toc-btn ez-toc-btn-xs ez-toc-btn-default ez-toc-toggle\" aria-label=\"Toggle Table of Content\"><span class=\"ez-toc-js-icon-con\"><span class=\"\"><span class=\"eztoc-hide\" style=\"display:none;\">Toggle<\/span><span class=\"ez-toc-icon-toggle-span\"><svg style=\"fill: #999;color:#999\" xmlns=\"http:\/\/www.w3.org\/2000\/svg\" class=\"list-377408\" width=\"20px\" height=\"20px\" viewbox=\"0 0 24 24\" fill=\"none\"><path d=\"M6 6H4v2h2V6zm14 0H8v2h12V6zM4 11h2v2H4v-2zm16 0H8v2h12v-2zM4 16h2v2H4v-2zm16 0H8v2h12v-2z\" fill=\"currentColor\"><\/path><\/svg><svg style=\"fill: #999;color:#999\" class=\"arrow-unsorted-368013\" xmlns=\"http:\/\/www.w3.org\/2000\/svg\" width=\"10px\" height=\"10px\" viewbox=\"0 0 24 24\" version=\"1.2\" baseprofile=\"tiny\"><path d=\"M18.2 9.3l-6.2-6.3-6.2 6.3c-.2.2-.3.4-.3.7s.1.5.3.7c.2.2.4.3.7.3h11c.3 0 .5-.1.7-.3.2-.2.3-.5.3-.7s-.1-.5-.3-.7zM5.8 14.7l6.2 6.3 6.2-6.3c.2-.2.3-.5.3-.7s-.1-.5-.3-.7c-.2-.2-.4-.3-.7-.3h-11c-.3 0-.5.1-.7.3-.2.2-.3.5-.3.7s.1.5.3.7z\"\/><\/svg><\/span><\/span><\/span><\/a><\/span><\/div>\n<nav><ul class='ez-toc-list ez-toc-list-level-1' ><li class='ez-toc-page-1 ez-toc-heading-level-3'><a class=\"ez-toc-link ez-toc-heading-1\" href=\"https:\/\/www.contenora.com\/de\/product\/conteneur-10-pieds-avec-ouverture-laterale\/#Usages_frequents\" >Usages fr\u00e9quents :<\/a><\/li><li class='ez-toc-page-1 ez-toc-heading-level-3'><a class=\"ez-toc-link ez-toc-heading-2\" href=\"https:\/\/www.contenora.com\/de\/product\/conteneur-10-pieds-avec-ouverture-laterale\/#Caracteristiques_techniques\" >Technische Merkmale:<\/a><\/li><li class='ez-toc-page-1 ez-toc-heading-level-3'><a class=\"ez-toc-link ez-toc-heading-3\" href=\"https:\/\/www.contenora.com\/de\/product\/conteneur-10-pieds-avec-ouverture-laterale\/#Dimensions\" >Dimensions :<\/a><\/li><\/ul><\/nav><\/div>\n<h3><span class=\"ez-toc-section\" id=\"Usages_frequents\"><\/span>Usages fr\u00e9quents :<span class=\"ez-toc-section-end\"><\/span><\/h3>\n<ul>\n<li>Stockage de marchandises s\u00e8ches<\/li>\n<li>Transport maritime ou terrestre<\/li>\n<li>Stockage temporaire sur chantier ou site industriel<\/li>\n<li>Am\u00e9nagement int\u00e9rieur (bureau, atelier, etc.)<\/li>\n<\/ul>\n<h3><span class=\"ez-toc-section\" id=\"Caracteristiques_techniques\"><\/span>Technische Merkmale:<span class=\"ez-toc-section-end\"><\/span><\/h3>\n<ul>\n<li>Surface au sol : 6,6 m\u00b2<\/li>\n<li>Capacit\u00e9 : 16 m\u00b3<\/li>\n<li>Plancher : Contreplaqu\u00e9 marin 28 mm<\/li>\n<li>Structure : Acier Corten enti\u00e8rement soud\u00e9<\/li>\n<li>Ouverture lat\u00e9rale : oui<\/li>\n<li>Ouverture des portes : 270\u00b0<\/li>\n<li>Poids \u00e0 vide : 1 200 kg<\/li>\n<li>Charge maximale : 8 960 kg<\/li>\n<li>Passage fourche : 950 mm<\/li>\n<\/ul>\n<h3><span class=\"ez-toc-section\" id=\"Dimensions\"><\/span>Dimensions :<span class=\"ez-toc-section-end\"><\/span><\/h3>\n<ul>\n<li>Ext\u00e9rieures : 2,991 m (L) x 2,438 m (l) x 2,591 m (H)<\/li>\n<li>Int\u00e9rieures : 2,831 m (L) x 2,350 m (l) x 2,392 m (H)<\/li>\n<li>Dimensions des portes : 2,340 m (l) x 2,280 m (H)<\/li>\n<\/ul>","protected":false},"excerpt":{"rendered":"<p>Conteneur 10 pieds avec ouverture lat\u00e9rale est un mod\u00e8le compact et pratique, id\u00e9al pour le stockage portable et l\u2019exp\u00e9dition de marchandises. Contrairement aux conteneurs classiques, ce mod\u00e8le dispose d\u2019une large ouverture lat\u00e9rale, facilitant consid\u00e9rablement le chargement et le d\u00e9chargement, m\u00eame pour des objets volumineux ou difficilement man\u0153uvrables. Fabriqu\u00e9 en acier Corten, reconnu pour sa solidit\u00e9 [&hellip;]<\/p>\n","protected":false},"featured_media":1897,"comment_status":"open","ping_status":"closed","template":"","meta":[],"product_brand":[],"product_cat":[23],"product_tag":[],"class_list":{"0":"post-1502","1":"product","2":"type-product","3":"status-publish","4":"has-post-thumbnail","6":"product_cat-conteneurs-maritimes","8":"first","9":"instock","10":"sale","11":"shipping-taxable","12":"purchasable","13":"product-type-simple"},"jetpack_sharing_enabled":true,"_links":{"self":[{"href":"https:\/\/www.contenora.com\/de\/wp-json\/wp\/v2\/product\/1502","targetHints":{"allow":["GET"]}}],"collection":[{"href":"https:\/\/www.contenora.com\/de\/wp-json\/wp\/v2\/product"}],"about":[{"href":"https:\/\/www.contenora.com\/de\/wp-json\/wp\/v2\/types\/product"}],"replies":[{"embeddable":true,"href":"https:\/\/www.contenora.com\/de\/wp-json\/wp\/v2\/comments?post=1502"}],"wp:featuredmedia":[{"embeddable":true,"href":"https:\/\/www.contenora.com\/de\/wp-json\/wp\/v2\/media\/1897"}],"wp:attachment":[{"href":"https:\/\/www.contenora.com\/de\/wp-json\/wp\/v2\/media?parent=1502"}],"wp:term":[{"taxonomy":"product_brand","embeddable":true,"href":"https:\/\/www.contenora.com\/de\/wp-json\/wp\/v2\/product_brand?post=1502"},{"taxonomy":"product_cat","embeddable":true,"href":"https:\/\/www.contenora.com\/de\/wp-json\/wp\/v2\/product_cat?post=1502"},{"taxonomy":"product_tag","embeddable":true,"href":"https:\/\/www.contenora.com\/de\/wp-json\/wp\/v2\/product_tag?post=1502"}],"curies":[{"name":"wp","href":"https:\/\/api.w.org\/{rel}","templated":true}]}}