{"id":1492,"date":"2025-05-20T09:38:46","date_gmt":"2025-05-20T09:38:46","guid":{"rendered":"https:\/\/aquamarine-mosquito-663243.hostingersite.com\/?post_type=product&#038;p=1492"},"modified":"2025-06-02T23:02:30","modified_gmt":"2025-06-02T23:02:30","slug":"conteneur-frigorifique-20-pieds","status":"publish","type":"product","link":"https:\/\/www.contenora.com\/de\/product\/conteneur-frigorifique-20-pieds\/","title":{"rendered":"Der 20-Fu\u00df-K\u00fchlcontainer \u2013 Ultimative und zuverl\u00e4ssige Konservierung"},"content":{"rendered":"<div id=\"ez-toc-container\" class=\"ez-toc-v2_0_82_1 counter-hierarchy ez-toc-counter ez-toc-grey ez-toc-container-direction\">\n<div class=\"ez-toc-title-container\">\n<p class=\"ez-toc-title\" style=\"cursor:inherit\">Inhaltsverzeichnis<\/p>\n<span class=\"ez-toc-title-toggle\"><a href=\"#\" class=\"ez-toc-pull-right ez-toc-btn ez-toc-btn-xs ez-toc-btn-default ez-toc-toggle\" aria-label=\"Toggle Table of Content\"><span class=\"ez-toc-js-icon-con\"><span class=\"\"><span class=\"eztoc-hide\" style=\"display:none;\">Toggle<\/span><span class=\"ez-toc-icon-toggle-span\"><svg style=\"fill: #999;color:#999\" xmlns=\"http:\/\/www.w3.org\/2000\/svg\" class=\"list-377408\" width=\"20px\" height=\"20px\" viewbox=\"0 0 24 24\" fill=\"none\"><path d=\"M6 6H4v2h2V6zm14 0H8v2h12V6zM4 11h2v2H4v-2zm16 0H8v2h12v-2zM4 16h2v2H4v-2zm16 0H8v2h12v-2z\" fill=\"currentColor\"><\/path><\/svg><svg style=\"fill: #999;color:#999\" class=\"arrow-unsorted-368013\" xmlns=\"http:\/\/www.w3.org\/2000\/svg\" width=\"10px\" height=\"10px\" viewbox=\"0 0 24 24\" version=\"1.2\" baseprofile=\"tiny\"><path d=\"M18.2 9.3l-6.2-6.3-6.2 6.3c-.2.2-.3.4-.3.7s.1.5.3.7c.2.2.4.3.7.3h11c.3 0 .5-.1.7-.3.2-.2.3-.5.3-.7s-.1-.5-.3-.7zM5.8 14.7l6.2 6.3 6.2-6.3c.2-.2.3-.5.3-.7s-.1-.5-.3-.7c-.2-.2-.4-.3-.7-.3h-11c-.3 0-.5.1-.7.3-.2.2-.3.5-.3.7s.1.5.3.7z\"\/><\/svg><\/span><\/span><\/span><\/a><\/span><\/div>\n<nav><ul class='ez-toc-list ez-toc-list-level-1' ><li class='ez-toc-page-1 ez-toc-heading-level-1'><a class=\"ez-toc-link ez-toc-heading-1\" href=\"https:\/\/www.contenora.com\/de\/product\/conteneur-frigorifique-20-pieds\/#Conteneur_Frigorifique_20_Pieds_%E2%80%93_La_Chambre_Froide_Mobile_Parfaite_pour_le_Transport_Thermosensible\" >20-Fu\u00df-K\u00fchlcontainer \u2013 Der ideale mobile K\u00fchlraum f\u00fcr temperatursensible Transporte<\/a><ul class='ez-toc-list-level-2' ><li class='ez-toc-heading-level-2'><a class=\"ez-toc-link ez-toc-heading-2\" href=\"https:\/\/www.contenora.com\/de\/product\/conteneur-frigorifique-20-pieds\/#Quest-ce_quun_Conteneur_Frigorifique_20_Pieds\" >Was ist ein 20-Fu\u00df-K\u00fchlcontainer?<\/a><\/li><li class='ez-toc-page-1 ez-toc-heading-level-2'><a class=\"ez-toc-link ez-toc-heading-3\" href=\"https:\/\/www.contenora.com\/de\/product\/conteneur-frigorifique-20-pieds\/#Caracteristiques_Techniques_du_Conteneur_Frigorifique_20_Pieds\" >Technische Eigenschaften des 20-Fu\u00df-K\u00fchlcontainers<\/a><\/li><li class='ez-toc-page-1 ez-toc-heading-level-2'><a class=\"ez-toc-link ez-toc-heading-4\" href=\"https:\/\/www.contenora.com\/de\/product\/conteneur-frigorifique-20-pieds\/#Avantages_du_Conteneur_Frigorifique_20_Pieds\" >Vorteile des 20-Fu\u00df-K\u00fchlcontainers<\/a><\/li><li class='ez-toc-page-1 ez-toc-heading-level-2'><a class=\"ez-toc-link ez-toc-heading-5\" href=\"https:\/\/www.contenora.com\/de\/product\/conteneur-frigorifique-20-pieds\/#Domaines_dUtilisation_du_Conteneur_Frigorifique_20_Pieds\" >Anwendungsbereiche des 20-Fu\u00df-K\u00fchlcontainers<\/a><\/li><li class='ez-toc-page-1 ez-toc-heading-level-2'><a class=\"ez-toc-link ez-toc-heading-6\" href=\"https:\/\/www.contenora.com\/de\/product\/conteneur-frigorifique-20-pieds\/#Comment_choisir_votre_Conteneur_Frigorifique_20_Pieds\" >Wie w\u00e4hlen Sie Ihren 20-Fu\u00df-K\u00fchlcontainer aus?<\/a><\/li><li class='ez-toc-page-1 ez-toc-heading-level-2'><a class=\"ez-toc-link ez-toc-heading-7\" href=\"https:\/\/www.contenora.com\/de\/product\/conteneur-frigorifique-20-pieds\/#Livraison_Services\" >Lieferung &amp; Dienstleistungen<\/a><\/li><\/ul><\/li><\/ul><\/nav><\/div>\n<h1 data-start=\"356\" data-end=\"458\"><span class=\"ez-toc-section\" id=\"Conteneur_Frigorifique_20_Pieds_%E2%80%93_La_Chambre_Froide_Mobile_Parfaite_pour_le_Transport_Thermosensible\"><\/span>20-Fu\u00df-K\u00fchlcontainer \u2013 Der ideale mobile K\u00fchlraum f\u00fcr temperatursensible Transporte<span class=\"ez-toc-section-end\"><\/span><\/h1>\n<p data-start=\"460\" data-end=\"658\">Entdecken Sie den 20-Fu\u00df-K\u00fchlcontainer, ideal f\u00fcr die sichere Lagerung und den Transport empfindlicher Produkte. Verst\u00e4rkte Isolierung, kontrollierte Temperatur, schnelle Lieferung.<\/p>\n<h2 data-start=\"665\" data-end=\"717\"><span class=\"ez-toc-section\" id=\"Quest-ce_quun_Conteneur_Frigorifique_20_Pieds\"><\/span>Was ist ein 20-Fu\u00df-K\u00fchlcontainer?<span class=\"ez-toc-section-end\"><\/span><\/h2>\n<p data-start=\"719\" data-end=\"1132\">Der <strong data-start=\"722\" data-end=\"757\">20-Fu\u00df-K\u00fchlcontainer<\/strong> ist eine unverzichtbare mobile L\u00f6sung zur Konservierung temperaturempfindlicher Waren. Dank der integrierten Industriek\u00fchlanlage und der verst\u00e4rkten W\u00e4rmed\u00e4mmung durch 70 mm dicke Polyurethan-Sandwichpaneele h\u00e4lt dieser Container eine stabile Temperatur zwischen -25 \u00b0C und +25 \u00b0C, ideal f\u00fcr verderbliche, pharmazeutische oder chemische Produkte.<\/p>\n<h2 data-start=\"1139\" data-end=\"1204\"><span class=\"ez-toc-section\" id=\"Caracteristiques_Techniques_du_Conteneur_Frigorifique_20_Pieds\"><\/span>Technische Eigenschaften des 20-Fu\u00df-K\u00fchlcontainers<span class=\"ez-toc-section-end\"><\/span><\/h2>\n<ul data-start=\"1206\" data-end=\"2068\">\n<li data-start=\"1206\" data-end=\"1273\">\n<p data-start=\"1208\" data-end=\"1273\"><strong data-start=\"1208\" data-end=\"1234\">Au\u00dfenma\u00dfe<\/strong> : 6,00 m (L) x 2,44 m (l) x 2,59 m (h)<\/p>\n<\/li>\n<li data-start=\"1274\" data-end=\"1341\">\n<p data-start=\"1276\" data-end=\"1341\"><strong data-start=\"1276\" data-end=\"1302\">Innenma\u00dfe<\/strong> 5,70 m (L) x 2,28 m (B) x 2,26 m (H)<\/p>\n<\/li>\n<li data-start=\"1342\" data-end=\"1368\">\n<p data-start=\"1344\" data-end=\"1368\"><strong data-start=\"1344\" data-end=\"1360\">Nutzvolumen<\/strong> : 28 m\u00b3<\/p>\n<\/li>\n<li data-start=\"1369\" data-end=\"1401\">\n<p data-start=\"1371\" data-end=\"1401\"><strong data-start=\"1371\" data-end=\"1393\">Innenfl\u00e4che<\/strong> : 13 m\u00b2<\/p>\n<\/li>\n<li data-start=\"1402\" data-end=\"1456\">\n<p data-start=\"1404\" data-end=\"1456\"><strong data-start=\"1404\" data-end=\"1430\">Ladef\u00e4higkeit<\/strong> bis zu 10 Europaletten<\/p>\n<\/li>\n<li data-start=\"1457\" data-end=\"1486\">\n<p data-start=\"1459\" data-end=\"1486\"><strong data-start=\"1459\" data-end=\"1475\">Leergewicht<\/strong> : 2 900 kg<\/p>\n<\/li>\n<li data-start=\"1487\" data-end=\"1526\">\n<p data-start=\"1489\" data-end=\"1526\"><strong data-start=\"1489\" data-end=\"1514\">Maximale Nutzlast<\/strong> : 27 580 kg<\/p>\n<\/li>\n<li data-start=\"1527\" data-end=\"1610\">\n<p data-start=\"1529\" data-end=\"1610\"><strong data-start=\"1529\" data-end=\"1542\">Struktur<\/strong> : Au\u00dfen aus Cortenstahl, innen Edelstahl gem\u00e4\u00df Hygienestandards<\/p>\n<\/li>\n<li data-start=\"1611\" data-end=\"1696\">\n<p data-start=\"1613\" data-end=\"1696\"><strong data-start=\"1613\" data-end=\"1625\">Boden<\/strong> : Aluminium mit T-Schienen f\u00fcr eine gleichm\u00e4\u00dfige Verteilung der kalten Luft<\/p>\n<\/li>\n<li data-start=\"1697\" data-end=\"1791\">\n<p data-start=\"1699\" data-end=\"1791\"><strong data-start=\"1699\" data-end=\"1709\">T\u00fcren<\/strong> : Doppelfl\u00fcgelt\u00fcr mit 270\u00b0-\u00d6ffnung, dichtungsdichte Dichtungen und Verriegelungsstangen<\/p>\n<\/li>\n<li data-start=\"1792\" data-end=\"1862\">\n<p data-start=\"1794\" data-end=\"1862\"><strong data-start=\"1794\" data-end=\"1821\">Stromversorgung<\/strong> 380\/460 V Drehstrom, 32A 5-polige Steckdose<\/p>\n<\/li>\n<li data-start=\"1863\" data-end=\"1894\">\n<p data-start=\"1865\" data-end=\"1894\"><strong data-start=\"1865\" data-end=\"1886\">Ben\u00f6tigte Leistung<\/strong> : 12 kW<\/p>\n<\/li>\n<li data-start=\"1895\" data-end=\"1928\">\n<p data-start=\"1897\" data-end=\"1928\"><strong data-start=\"1897\" data-end=\"1921\">Durchschnittlicher Verbrauch<\/strong> : 16 A<\/p>\n<\/li>\n<li data-start=\"1929\" data-end=\"1962\">\n<p data-start=\"1931\" data-end=\"1962\"><strong data-start=\"1931\" data-end=\"1954\">K\u00e4ltemittel<\/strong> : R134a<\/p>\n<\/li>\n<li data-start=\"1963\" data-end=\"2068\">\n<p data-start=\"1965\" data-end=\"2068\"><strong data-start=\"1965\" data-end=\"1994\">Zusatzfunktionen<\/strong> : Automatische Abtauung, digitale\/mechanische Temperaturaufzeichnung<\/p>\n<\/li>\n<\/ul>\n<h2 data-start=\"2075\" data-end=\"2122\"><span class=\"ez-toc-section\" id=\"Avantages_du_Conteneur_Frigorifique_20_Pieds\"><\/span>Vorteile des 20-Fu\u00df-K\u00fchlcontainers<span class=\"ez-toc-section-end\"><\/span><\/h2>\n<ul data-start=\"2124\" data-end=\"2635\">\n<li data-start=\"2124\" data-end=\"2231\">\n<p data-start=\"2126\" data-end=\"2231\"><strong data-start=\"2126\" data-end=\"2166\">Pr\u00e4zise kontrollierte Temperatur<\/strong> : Regelung auf ein Zehntelgrad f\u00fcr optimale Lagerbedingungen.<\/p>\n<\/li>\n<li data-start=\"2232\" data-end=\"2340\">\n<p data-start=\"2234\" data-end=\"2340\"><strong data-start=\"2234\" data-end=\"2254\">Hohe Widerstandsf\u00e4higkeit<\/strong> : Robuste Struktur, geeignet f\u00fcr multimodalen Transport (See-, Stra\u00dfen- und Schienenverkehr).<\/p>\n<\/li>\n<li data-start=\"2341\" data-end=\"2465\">\n<p data-start=\"2343\" data-end=\"2465\"><strong data-start=\"2343\" data-end=\"2372\">Flexible Nutzungsm\u00f6glichkeiten<\/strong> : Geeignet f\u00fcr die Lebensmittelindustrie, Pharmazie, Kosmetik, Chemie und Elektronik.<\/p>\n<\/li>\n<li data-start=\"2466\" data-end=\"2551\">\n<p data-start=\"2468\" data-end=\"2551\"><strong data-start=\"2468\" data-end=\"2491\">Vereinfachte Wartung<\/strong> : Einfache Wartung und M\u00f6glichkeit eines Wartungsvertrags.<\/p>\n<\/li>\n<li data-start=\"2552\" data-end=\"2635\">\n<p data-start=\"2554\" data-end=\"2635\"><strong data-start=\"2554\" data-end=\"2582\">Anpassbare Optionen<\/strong> : Alarme, LED-Beleuchtung, Innenw\u00e4nde, usw.<\/p>\n<\/li>\n<\/ul>\n<h2 data-start=\"2642\" data-end=\"2702\"><span class=\"ez-toc-section\" id=\"Domaines_dUtilisation_du_Conteneur_Frigorifique_20_Pieds\"><\/span>Anwendungsbereiche des 20-Fu\u00df-K\u00fchlcontainers<span class=\"ez-toc-section-end\"><\/span><\/h2>\n<p data-start=\"2704\" data-end=\"2748\">Dieser K\u00fchlcontainer ist perfekt geeignet f\u00fcr:<\/p>\n<ul data-start=\"2750\" data-end=\"3201\">\n<li data-start=\"2750\" data-end=\"2877\">\n<p data-start=\"2752\" data-end=\"2877\">Den Transport und die Lagerung von frischen und tiefgek\u00fchlten Lebensmitteln (Fleisch, Fisch, Obst, Gem\u00fcse, Milchprodukte).<\/p>\n<\/li>\n<li data-start=\"2878\" data-end=\"2971\">\n<p data-start=\"2880\" data-end=\"2971\">Die sichere Lagerung von Impfstoffen, Medikamenten und anderen temperaturempfindlichen pharmazeutischen Produkten.<\/p>\n<\/li>\n<li data-start=\"2972\" data-end=\"3039\">\n<p data-start=\"2974\" data-end=\"3039\">Die temperaturgerechte Lagerung von kosmetischen und Sch\u00f6nheitsprodukten.<\/p>\n<\/li>\n<li data-start=\"3040\" data-end=\"3104\">\n<p data-start=\"3042\" data-end=\"3104\">Die Konservierung von chemischen und empfindlichen Materialien.<\/p>\n<\/li>\n<li data-start=\"3105\" data-end=\"3201\">\n<p data-start=\"3107\" data-end=\"3201\">Der Schutz von elektronischen Ger\u00e4ten und Batterien vor Temperaturschwankungen.<\/p>\n<\/li>\n<\/ul>\n<h2 data-start=\"3208\" data-end=\"3266\"><span class=\"ez-toc-section\" id=\"Comment_choisir_votre_Conteneur_Frigorifique_20_Pieds\"><\/span>Wie w\u00e4hlen Sie Ihren 20-Fu\u00df-K\u00fchlcontainer aus?<span class=\"ez-toc-section-end\"><\/span><\/h2>\n<p data-start=\"3268\" data-end=\"3295\">Vor dem Kauf pr\u00fcfen Sie bitte:<\/p>\n<ul data-start=\"3297\" data-end=\"3599\">\n<li data-start=\"3297\" data-end=\"3352\">\n<p data-start=\"3299\" data-end=\"3352\">Den verf\u00fcgbaren Temperaturbereich entsprechend Ihren Anforderungen.<\/p>\n<\/li>\n<li data-start=\"3353\" data-end=\"3393\">\n<p data-start=\"3355\" data-end=\"3393\">Die Ladef\u00e4higkeit und das Nutzvolumen.<\/p>\n<\/li>\n<li data-start=\"3394\" data-end=\"3480\">\n<p data-start=\"3396\" data-end=\"3480\">Technische Optionen wie Thermostattyp und Temperaturaufzeichnung.<\/p>\n<\/li>\n<li data-start=\"3481\" data-end=\"3545\">\n<p data-start=\"3483\" data-end=\"3545\">Die elektrische Kompatibilit\u00e4t und die Anschlussbedingungen.<\/p>\n<\/li>\n<li data-start=\"3546\" data-end=\"3599\">\n<p data-start=\"3548\" data-end=\"3599\">Der Kundendienst und die Wartungsoptionen.<\/p>\n<\/li>\n<\/ul>\n<p data-start=\"3601\" data-end=\"3830\">F\u00fcr weitere Informationen besuchen Sie bitte unsere spezielle Seite zum <a class=\"\" href=\"#\" rel=\"noopener\" data-start=\"3658\" data-end=\"3694\">40-Fu\u00df-K\u00fchlcontainer<\/a> oder besuchen Sie die offizielle Website von <a class=\"cursor-pointer\" target=\"_new\" rel=\"noopener\" data-start=\"3726\" data-end=\"3774\">Thermo King<\/a> um die neuesten Industrie-K\u00fchlaggregate zu entdecken.<\/p>\n<h2 data-start=\"3837\" data-end=\"3860\"><span class=\"ez-toc-section\" id=\"Livraison_Services\"><\/span>Lieferung &amp; Dienstleistungen<span class=\"ez-toc-section-end\"><\/span><\/h2>\n<ul data-start=\"3862\" data-end=\"4091\">\n<li data-start=\"3862\" data-end=\"3930\">\n<p data-start=\"3864\" data-end=\"3930\"><strong data-start=\"3864\" data-end=\"3886\">Lieferzeit<\/strong> : 5 bis 10 Werktage je nach Zielort.<\/p>\n<\/li>\n<li data-start=\"3931\" data-end=\"3982\">\n<p data-start=\"3933\" data-end=\"3982\"><strong data-start=\"3933\" data-end=\"3958\">Entladung per Kran<\/strong> : optional verf\u00fcgbar.<\/p>\n<\/li>\n<li data-start=\"3983\" data-end=\"4091\">\n<p data-start=\"3985\" data-end=\"4091\"><strong data-start=\"3985\" data-end=\"4012\">Ma\u00dfgeschneiderte Ausstattungen<\/strong> : M\u00f6glichkeiten zur Erg\u00e4nzung von Alarmanlagen, Regalen, LED-Beleuchtung, Innent\u00fcren.<\/p>\n<\/li>\n<\/ul>\n<p>Entdecken Sie auch unsere komplette Reihe von K\u00fchlcontainern, einschlie\u00dflich des 40-Fu\u00df-Modells f\u00fcr gro\u00dfe Kapazit\u00e4ten: <a class=\"cursor-pointer\" href=\"https:\/\/www.contenora.com\/de\/product\/conteneur-frigorifique-40-pieds\/\" target=\"_new\" rel=\"noopener nofollow\" data-start=\"4416\" data-end=\"4504\">40-Fu\u00df-K\u00fchlcontainer<\/a>.<\/p>\n<p>F\u00fcr weitere Details zu den internationalen Normen f\u00fcr K\u00fchlcontainer besuchen Sie die Website der<a class=\"cursor-pointer\" href=\"https:\/\/www.iso.org\/fr\/home.html\" target=\"_new\" rel=\"noopener nofollow\" data-start=\"4656\" data-end=\"4695\">ISO<\/a>.<\/p>","protected":false},"excerpt":{"rendered":"<p><img fetchpriority=\"high\" decoding=\"async\" class=\"size-medium wp-image-2029 aligncenter\" src=\"https:\/\/contenora.com\/wp-content\/uploads\/2025\/05\/WhatsApp-Image-2025-05-08-a-12.15.29_8147ec38-300x300.jpg\" alt=\"Conteneur frigorifique 20 pieds avec isolation thermique et groupe froid performant\" width=\"300\" height=\"300\" srcset=\"https:\/\/www.contenora.com\/wp-content\/uploads\/2025\/05\/WhatsApp-Image-2025-05-08-a-12.15.29_8147ec38-300x300.jpg 300w, https:\/\/www.contenora.com\/wp-content\/uploads\/2025\/05\/WhatsApp-Image-2025-05-08-a-12.15.29_8147ec38-150x150.jpg 150w, https:\/\/www.contenora.com\/wp-content\/uploads\/2025\/05\/WhatsApp-Image-2025-05-08-a-12.15.29_8147ec38-12x12.jpg 12w, https:\/\/www.contenora.com\/wp-content\/uploads\/2025\/05\/WhatsApp-Image-2025-05-08-a-12.15.29_8147ec38-600x600.jpg 600w, https:\/\/www.contenora.com\/wp-content\/uploads\/2025\/05\/WhatsApp-Image-2025-05-08-a-12.15.29_8147ec38-100x100.jpg 100w, https:\/\/www.contenora.com\/wp-content\/uploads\/2025\/05\/WhatsApp-Image-2025-05-08-a-12.15.29_8147ec38.jpg 640w\" sizes=\"(max-width: 300px) 100vw, 300px\" \/><\/p>","protected":false},"featured_media":1493,"comment_status":"open","ping_status":"closed","template":"","meta":[],"product_brand":[],"product_cat":[22],"product_tag":[],"class_list":{"0":"post-1492","1":"product","2":"type-product","3":"status-publish","4":"has-post-thumbnail","6":"product_cat-conteneurs-frigorifiques","8":"first","9":"instock","10":"sale","11":"shipping-taxable","12":"purchasable","13":"product-type-simple"},"jetpack_sharing_enabled":true,"_links":{"self":[{"href":"https:\/\/www.contenora.com\/de\/wp-json\/wp\/v2\/product\/1492","targetHints":{"allow":["GET"]}}],"collection":[{"href":"https:\/\/www.contenora.com\/de\/wp-json\/wp\/v2\/product"}],"about":[{"href":"https:\/\/www.contenora.com\/de\/wp-json\/wp\/v2\/types\/product"}],"replies":[{"embeddable":true,"href":"https:\/\/www.contenora.com\/de\/wp-json\/wp\/v2\/comments?post=1492"}],"wp:featuredmedia":[{"embeddable":true,"href":"https:\/\/www.contenora.com\/de\/wp-json\/wp\/v2\/media\/1493"}],"wp:attachment":[{"href":"https:\/\/www.contenora.com\/de\/wp-json\/wp\/v2\/media?parent=1492"}],"wp:term":[{"taxonomy":"product_brand","embeddable":true,"href":"https:\/\/www.contenora.com\/de\/wp-json\/wp\/v2\/product_brand?post=1492"},{"taxonomy":"product_cat","embeddable":true,"href":"https:\/\/www.contenora.com\/de\/wp-json\/wp\/v2\/product_cat?post=1492"},{"taxonomy":"product_tag","embeddable":true,"href":"https:\/\/www.contenora.com\/de\/wp-json\/wp\/v2\/product_tag?post=1492"}],"curies":[{"name":"wp","href":"https:\/\/api.w.org\/{rel}","templated":true}]}}