{"id":1488,"date":"2025-05-20T09:16:58","date_gmt":"2025-05-20T09:16:58","guid":{"rendered":"https:\/\/aquamarine-mosquito-663243.hostingersite.com\/?post_type=product&#038;p=1488"},"modified":"2025-05-27T00:04:00","modified_gmt":"2025-05-27T00:04:00","slug":"conteneur-frigorifique-10-pieds","status":"publish","type":"product","link":"https:\/\/www.contenora.com\/de\/product\/conteneur-frigorifique-10-pieds\/","title":{"rendered":"10-Fu\u00df-K\u00fchlcontainer"},"content":{"rendered":"<article class=\"text-token-text-primary w-full\" dir=\"auto\" data-testid=\"conversation-turn-300\" data-scroll-anchor=\"true\">\n<div class=\"text-base my-auto mx-auto py-5 [--thread-content-margin:--spacing(4)] @[37rem]:[--thread-content-margin:--spacing(6)] @[72rem]:[--thread-content-margin:--spacing(16)] px-(--thread-content-margin)\">\n<div class=\"[--thread-content-max-width:32rem] @[34rem]:[--thread-content-max-width:40rem] @[64rem]:[--thread-content-max-width:48rem] mx-auto flex max-w-(--thread-content-max-width) flex-1 text-base gap-4 md:gap-5 lg:gap-6 group\/turn-messages focus-visible:outline-hidden\" tabindex=\"-1\">\n<div class=\"group\/conversation-turn relative flex w-full min-w-0 flex-col agent-turn\">\n<div class=\"relative flex-col gap-1 md:gap-3\">\n<div class=\"flex max-w-full flex-col grow\">\n<div class=\"min-h-8 text-message relative flex w-full flex-col items-end gap-2 text-start break-words whitespace-normal [.text-message+&amp;]:mt-5\" dir=\"auto\" data-message-author-role=\"assistant\" data-message-id=\"64659d34-3b17-4daa-803f-65d72df88744\" data-message-model-slug=\"gpt-4o\">\n<div class=\"flex w-full flex-col gap-1 empty:hidden first:pt-[3px]\">\n<div class=\"markdown prose dark:prose-invert w-full break-words light\">\n<p data-start=\"0\" data-end=\"432\">Le conteneur frigorifique 10 pieds, \u00e9galement appel\u00e9 <strong data-start=\"53\" data-end=\"72\">Reefer 10 pieds<\/strong>, est une solution de stockage r\u00e9frig\u00e9r\u00e9 compacte, performante et parfaitement adapt\u00e9e aux professionnels ayant des besoins en conservation de produits thermosensibles sur un espace restreint. Que ce soit pour un usage mobile ou fixe, ce type de conteneur assure une <strong data-start=\"339\" data-end=\"377\">cha\u00eene du froid continue et fiable<\/strong>, tout en offrant une grande flexibilit\u00e9 d&rsquo;utilisation.<\/p>\n<div id=\"ez-toc-container\" class=\"ez-toc-v2_0_82_1 counter-hierarchy ez-toc-counter ez-toc-grey ez-toc-container-direction\">\n<div class=\"ez-toc-title-container\">\n<p class=\"ez-toc-title\" style=\"cursor:inherit\">Table of Contents<\/p>\n<span class=\"ez-toc-title-toggle\"><a href=\"#\" class=\"ez-toc-pull-right ez-toc-btn ez-toc-btn-xs ez-toc-btn-default ez-toc-toggle\" aria-label=\"Toggle Table of Content\"><span class=\"ez-toc-js-icon-con\"><span class=\"\"><span class=\"eztoc-hide\" style=\"display:none;\">Toggle<\/span><span class=\"ez-toc-icon-toggle-span\"><svg style=\"fill: #999;color:#999\" xmlns=\"http:\/\/www.w3.org\/2000\/svg\" class=\"list-377408\" width=\"20px\" height=\"20px\" viewBox=\"0 0 24 24\" fill=\"none\"><path d=\"M6 6H4v2h2V6zm14 0H8v2h12V6zM4 11h2v2H4v-2zm16 0H8v2h12v-2zM4 16h2v2H4v-2zm16 0H8v2h12v-2z\" fill=\"currentColor\"><\/path><\/svg><svg style=\"fill: #999;color:#999\" class=\"arrow-unsorted-368013\" xmlns=\"http:\/\/www.w3.org\/2000\/svg\" width=\"10px\" height=\"10px\" viewBox=\"0 0 24 24\" version=\"1.2\" baseProfile=\"tiny\"><path d=\"M18.2 9.3l-6.2-6.3-6.2 6.3c-.2.2-.3.4-.3.7s.1.5.3.7c.2.2.4.3.7.3h11c.3 0 .5-.1.7-.3.2-.2.3-.5.3-.7s-.1-.5-.3-.7zM5.8 14.7l6.2 6.3 6.2-6.3c.2-.2.3-.5.3-.7s-.1-.5-.3-.7c-.2-.2-.4-.3-.7-.3h-11c-.3 0-.5.1-.7.3-.2.2-.3.5-.3.7s.1.5.3.7z\"\/><\/svg><\/span><\/span><\/span><\/a><\/span><\/div>\n<nav><ul class='ez-toc-list ez-toc-list-level-1 ' ><li class='ez-toc-page-1 ez-toc-heading-level-3'><a class=\"ez-toc-link ez-toc-heading-1\" href=\"https:\/\/www.contenora.com\/de\/product\/conteneur-frigorifique-10-pieds\/#%F0%9F%A7%8A_Presentation_generale\" >\ud83e\uddca Pr\u00e9sentation g\u00e9n\u00e9rale<\/a><\/li><li class='ez-toc-page-1 ez-toc-heading-level-3'><a class=\"ez-toc-link ez-toc-heading-2\" href=\"https:\/\/www.contenora.com\/de\/product\/conteneur-frigorifique-10-pieds\/#%F0%9F%94%A7_Structure_et_materiaux\" >\ud83d\udd27 Structure et mat\u00e9riaux<\/a><\/li><li class='ez-toc-page-1 ez-toc-heading-level-3'><a class=\"ez-toc-link ez-toc-heading-3\" href=\"https:\/\/www.contenora.com\/de\/product\/conteneur-frigorifique-10-pieds\/#%F0%9F%93%A6_Caracteristiques_techniques\" >\ud83d\udce6 Caract\u00e9ristiques techniques<\/a><\/li><li class='ez-toc-page-1 ez-toc-heading-level-3'><a class=\"ez-toc-link ez-toc-heading-4\" href=\"https:\/\/www.contenora.com\/de\/product\/conteneur-frigorifique-10-pieds\/#%F0%9F%8C%A1%EF%B8%8F_Systeme_de_refrigeration\" >\ud83c\udf21\ufe0f Syst\u00e8me de r\u00e9frig\u00e9ration<\/a><\/li><li class='ez-toc-page-1 ez-toc-heading-level-3'><a class=\"ez-toc-link ez-toc-heading-5\" href=\"https:\/\/www.contenora.com\/de\/product\/conteneur-frigorifique-10-pieds\/#%F0%9F%A7%B4_Utilisations_courantes\" >\ud83e\uddf4 Utilisations courantes<\/a><\/li><li class='ez-toc-page-1 ez-toc-heading-level-3'><a class=\"ez-toc-link ez-toc-heading-6\" href=\"https:\/\/www.contenora.com\/de\/product\/conteneur-frigorifique-10-pieds\/#%F0%9F%9B%A0%EF%B8%8F_Maintenance_services_techniques\" >\ud83d\udee0\ufe0f Maintenance &amp; services techniques<\/a><\/li><li class='ez-toc-page-1 ez-toc-heading-level-3'><a class=\"ez-toc-link ez-toc-heading-7\" href=\"https:\/\/www.contenora.com\/de\/product\/conteneur-frigorifique-10-pieds\/#%E2%9C%85_Avantages_du_conteneur_refrigere_10_pieds\" >\u2705 Avantages du conteneur r\u00e9frig\u00e9r\u00e9 10 pieds<\/a><\/li><li class='ez-toc-page-1 ez-toc-heading-level-3'><a class=\"ez-toc-link ez-toc-heading-8\" href=\"https:\/\/www.contenora.com\/de\/product\/conteneur-frigorifique-10-pieds\/#%F0%9F%93%A6_Livraison_options_supplementaires\" >\ud83d\udce6 Livraison &amp; options suppl\u00e9mentaires<\/a><\/li><li class='ez-toc-page-1 ez-toc-heading-level-3'><a class=\"ez-toc-link ez-toc-heading-9\" href=\"https:\/\/www.contenora.com\/de\/product\/conteneur-frigorifique-10-pieds\/#%F0%9F%94%9A_Conclusion\" >\ud83d\udd1a Conclusion<\/a><\/li><\/ul><\/nav><\/div>\n<h3 data-start=\"439\" data-end=\"471\"><span class=\"ez-toc-section\" id=\"%F0%9F%A7%8A_Presentation_generale\"><\/span>\ud83e\uddca <strong data-start=\"446\" data-end=\"471\">Pr\u00e9sentation g\u00e9n\u00e9rale<\/strong><span class=\"ez-toc-section-end\"><\/span><\/h3>\n<p data-start=\"473\" data-end=\"915\">Contrairement aux conteneurs secs classiques, le conteneur r\u00e9frig\u00e9r\u00e9 est \u00e9quip\u00e9 d\u2019un <strong data-start=\"558\" data-end=\"589\">groupe frigorifique int\u00e9gr\u00e9<\/strong> permettant de r\u00e9guler la temp\u00e9rature int\u00e9rieure avec une grande pr\u00e9cision, g\u00e9n\u00e9ralement de -25\u00b0C \u00e0 +25\u00b0C, voire jusqu\u2019\u00e0 -60\u00b0C avec certains \u00e9quipements sp\u00e9cifiques. Il est donc parfaitement adapt\u00e9 au transport ou au stockage de <strong data-start=\"818\" data-end=\"914\">denr\u00e9es p\u00e9rissables, m\u00e9dicaments, produits cosm\u00e9tiques, chimiques ou \u00e9lectroniques sensibles<\/strong>.<\/p>\n<p data-start=\"917\" data-end=\"1158\">Sa <strong data-start=\"920\" data-end=\"969\">petite taille (10 pieds, soit 2,99 m de long)<\/strong> permet de l\u2019installer dans des environnements exigus comme les zones urbaines, les chantiers, les cuisines professionnelles ou les laboratoires mobiles, sans compromettre ses performances.<\/p>\n<h3 data-start=\"1165\" data-end=\"1198\"><span class=\"ez-toc-section\" id=\"%F0%9F%94%A7_Structure_et_materiaux\"><\/span>\ud83d\udd27 <strong data-start=\"1172\" data-end=\"1198\">Structure et mat\u00e9riaux<\/strong><span class=\"ez-toc-section-end\"><\/span><\/h3>\n<p data-start=\"1200\" data-end=\"1661\">Le Reefer 10 pieds est fabriqu\u00e9 en <strong data-start=\"1235\" data-end=\"1251\">acier Corten<\/strong> \u00e0 l\u2019ext\u00e9rieur, un mat\u00e9riau hautement r\u00e9sistant \u00e0 la corrosion, aux intemp\u00e9ries et aux environnements maritimes. L\u2019int\u00e9rieur, quant \u00e0 lui, est habill\u00e9 en <strong data-start=\"1405\" data-end=\"1425\">inox alimentaire<\/strong>, ce qui facilite le nettoyage et garantit un respect strict des normes d\u2019hygi\u00e8ne.<br data-start=\"1507\" data-end=\"1510\" \/>Son <strong data-start=\"1514\" data-end=\"1547\">plancher en aluminium \u00e0 rails<\/strong> (RAIL FLOOR) permet une circulation optimale de l\u2019air froid tout en assurant une excellente r\u00e9sistance m\u00e9canique.<\/p>\n<p data-start=\"1663\" data-end=\"1865\">L\u2019isolation thermique est assur\u00e9e par des <strong data-start=\"1705\" data-end=\"1740\">panneaux en mousse polyur\u00e9thane<\/strong> de 70 mm d\u2019\u00e9paisseur, assurant un excellent maintien de la temp\u00e9rature, m\u00eame en cas de coupure temporaire de l\u2019alimentation.<\/p>\n<h3 data-start=\"1872\" data-end=\"1910\"><span class=\"ez-toc-section\" id=\"%F0%9F%93%A6_Caracteristiques_techniques\"><\/span>\ud83d\udce6 <strong data-start=\"1879\" data-end=\"1910\">Caract\u00e9ristiques techniques<\/strong><span class=\"ez-toc-section-end\"><\/span><\/h3>\n<ul data-start=\"1912\" data-end=\"2301\">\n<li data-start=\"1912\" data-end=\"1981\">\n<p data-start=\"1914\" data-end=\"1981\"><strong data-start=\"1914\" data-end=\"1940\">Dimensions ext\u00e9rieures<\/strong> : 2,99 m (L) x 2,44 m (l) x 2,59 m (H)<\/p>\n<\/li>\n<li data-start=\"1982\" data-end=\"2066\">\n<p data-start=\"1984\" data-end=\"2066\"><strong data-start=\"1984\" data-end=\"2025\">Dimensions int\u00e9rieures approximatives<\/strong> : 2,29 m (L) x 2,29 m (l) x 2,27 m (H)<\/p>\n<\/li>\n<li data-start=\"2067\" data-end=\"2105\">\n<p data-start=\"2069\" data-end=\"2105\"><strong data-start=\"2069\" data-end=\"2085\">Volume utile<\/strong> : environ 11,5 m\u00b3<\/p>\n<\/li>\n<li data-start=\"2106\" data-end=\"2166\">\n<p data-start=\"2108\" data-end=\"2166\"><strong data-start=\"2108\" data-end=\"2132\">Capacit\u00e9 de stockage<\/strong> : jusqu\u2019\u00e0 <strong data-start=\"2143\" data-end=\"2164\">4 palettes Europe<\/strong><\/p>\n<\/li>\n<li data-start=\"2167\" data-end=\"2206\">\n<p data-start=\"2169\" data-end=\"2206\"><strong data-start=\"2169\" data-end=\"2185\">Poids \u00e0 vide<\/strong> : environ 1 300 kg<\/p>\n<\/li>\n<li data-start=\"2207\" data-end=\"2255\">\n<p data-start=\"2209\" data-end=\"2255\"><strong data-start=\"2209\" data-end=\"2234\">Charge utile maximale<\/strong> : jusqu\u2019\u00e0 8 000 kg<\/p>\n<\/li>\n<li data-start=\"2256\" data-end=\"2301\">\n<p data-start=\"2258\" data-end=\"2301\"><strong data-start=\"2258\" data-end=\"2289\">Poids brut maximal autoris\u00e9<\/strong> : ~9 300 kg<\/p>\n<\/li>\n<\/ul>\n<h3 data-start=\"2308\" data-end=\"2344\"><span class=\"ez-toc-section\" id=\"%F0%9F%8C%A1%EF%B8%8F_Systeme_de_refrigeration\"><\/span>\ud83c\udf21\ufe0f <strong data-start=\"2316\" data-end=\"2344\">Syst\u00e8me de r\u00e9frig\u00e9ration<\/strong><span class=\"ez-toc-section-end\"><\/span><\/h3>\n<ul data-start=\"2346\" data-end=\"2884\">\n<li data-start=\"2346\" data-end=\"2436\">\n<p data-start=\"2348\" data-end=\"2436\"><strong data-start=\"2348\" data-end=\"2381\">Plage de temp\u00e9rature r\u00e9glable<\/strong> : de -25\u00b0C \u00e0 +25\u00b0C (jusqu\u2019\u00e0 -60\u00b0C selon les options)<\/p>\n<\/li>\n<li data-start=\"2437\" data-end=\"2478\">\n<p data-start=\"2439\" data-end=\"2478\"><strong data-start=\"2439\" data-end=\"2466\">Pr\u00e9cision de r\u00e9gulation<\/strong> : \u00b1 0,1\u00b0C<\/p>\n<\/li>\n<li data-start=\"2479\" data-end=\"2570\">\n<p data-start=\"2481\" data-end=\"2570\"><strong data-start=\"2481\" data-end=\"2498\">Programmation<\/strong> : via thermostat digital ou m\u00e9canique avec enregistrement des donn\u00e9es<\/p>\n<\/li>\n<li data-start=\"2571\" data-end=\"2646\">\n<p data-start=\"2573\" data-end=\"2646\"><strong data-start=\"2573\" data-end=\"2603\">Groupes froids compatibles<\/strong> : Carrier, Thermo King, Daikin, Starcool<\/p>\n<\/li>\n<li data-start=\"2647\" data-end=\"2884\">\n<p data-start=\"2649\" data-end=\"2680\"><strong data-start=\"2649\" data-end=\"2676\">Alimentation \u00e9lectrique<\/strong> :<\/p>\n<ul data-start=\"2683\" data-end=\"2884\">\n<li data-start=\"2683\" data-end=\"2733\">\n<p data-start=\"2685\" data-end=\"2733\">Tension : 380\/460 V (triphas\u00e9) \u2013 prise 32A5P6H<\/p>\n<\/li>\n<li data-start=\"2736\" data-end=\"2760\">\n<p data-start=\"2738\" data-end=\"2760\">Fr\u00e9quence : 50\/60 Hz<\/p>\n<\/li>\n<li data-start=\"2763\" data-end=\"2838\">\n<p data-start=\"2765\" data-end=\"2838\">Consommation : environ 4 kW\/h \u00e0 temp\u00e9rature n\u00e9gative, 8 kW\/h en positif<\/p>\n<\/li>\n<li data-start=\"2841\" data-end=\"2884\">\n<p data-start=\"2843\" data-end=\"2884\">Versions en 220 V disponibles sur demande<\/p>\n<\/li>\n<\/ul>\n<\/li>\n<\/ul>\n<h3 data-start=\"2891\" data-end=\"2924\"><span class=\"ez-toc-section\" id=\"%F0%9F%A7%B4_Utilisations_courantes\"><\/span>\ud83e\uddf4 <strong data-start=\"2898\" data-end=\"2924\">Utilisations courantes<\/strong><span class=\"ez-toc-section-end\"><\/span><\/h3>\n<p data-start=\"2926\" data-end=\"2977\">Le conteneur frigorifique 10 pieds est id\u00e9al pour :<\/p>\n<ul data-start=\"2979\" data-end=\"3520\">\n<li data-start=\"2979\" data-end=\"3091\">\n<p data-start=\"2981\" data-end=\"3091\"><strong data-start=\"2981\" data-end=\"3011\">Le secteur agroalimentaire<\/strong> : conservation de fruits, l\u00e9gumes, viandes, produits laitiers, poissons, etc.<\/p>\n<\/li>\n<li data-start=\"3092\" data-end=\"3208\">\n<p data-start=\"3094\" data-end=\"3208\"><strong data-start=\"3094\" data-end=\"3124\">L\u2019industrie pharmaceutique<\/strong> : stockage de vaccins, m\u00e9dicaments ou s\u00e9rums sensibles aux variations thermiques.<\/p>\n<\/li>\n<li data-start=\"3209\" data-end=\"3303\">\n<p data-start=\"3211\" data-end=\"3303\"><strong data-start=\"3211\" data-end=\"3230\">Les cosm\u00e9tiques<\/strong> : maintien de la stabilit\u00e9 des cr\u00e8mes, lotions ou huiles essentielles.<\/p>\n<\/li>\n<li data-start=\"3304\" data-end=\"3405\">\n<p data-start=\"3306\" data-end=\"3405\"><strong data-start=\"3306\" data-end=\"3345\">Les produits chimiques &amp; techniques<\/strong> : substances exigeant des conditions thermiques strictes.<\/p>\n<\/li>\n<li data-start=\"3406\" data-end=\"3520\">\n<p data-start=\"3408\" data-end=\"3520\"><strong data-start=\"3408\" data-end=\"3453\">Les composants \u00e9lectroniques et batteries<\/strong> : maintien en temp\u00e9rature contr\u00f4l\u00e9e pour \u00e9viter toute d\u00e9gradation.<\/p>\n<\/li>\n<\/ul>\n<h3 data-start=\"3527\" data-end=\"3572\"><span class=\"ez-toc-section\" id=\"%F0%9F%9B%A0%EF%B8%8F_Maintenance_services_techniques\"><\/span>\ud83d\udee0\ufe0f <strong data-start=\"3535\" data-end=\"3572\">Maintenance &amp; services techniques<\/strong><span class=\"ez-toc-section-end\"><\/span><\/h3>\n<p data-start=\"3574\" data-end=\"3707\">Pour garantir la performance continue de votre conteneur frigorifique, une maintenance pr\u00e9ventive est essentielle.<br data-start=\"3688\" data-end=\"3691\" \/>Nous proposons :<\/p>\n<ul data-start=\"3709\" data-end=\"4030\">\n<li data-start=\"3709\" data-end=\"3807\">\n<p data-start=\"3711\" data-end=\"3807\"><strong data-start=\"3711\" data-end=\"3735\">Maintenance annuelle<\/strong> : v\u00e9rification des gaz, filtres, compresseurs, sondes et \u00e9lectronique<\/p>\n<\/li>\n<li data-start=\"3808\" data-end=\"3938\">\n<p data-start=\"3810\" data-end=\"3938\"><strong data-start=\"3810\" data-end=\"3833\">Intervention rapide<\/strong> en cas de panne : un d\u00e9pannage dans les plus brefs d\u00e9lais pour \u00e9viter la rupture de la cha\u00eene du froid<\/p>\n<\/li>\n<li data-start=\"3939\" data-end=\"4030\">\n<p data-start=\"3941\" data-end=\"4030\"><strong data-start=\"3941\" data-end=\"3970\">Formation \u00e0 l\u2019utilisation<\/strong> : mise en route, consignes de s\u00e9curit\u00e9 et entretien courant<\/p>\n<\/li>\n<\/ul>\n<h3 data-start=\"4037\" data-end=\"4088\"><span class=\"ez-toc-section\" id=\"%E2%9C%85_Avantages_du_conteneur_refrigere_10_pieds\"><\/span>\u2705 <strong data-start=\"4043\" data-end=\"4088\">Avantages du conteneur r\u00e9frig\u00e9r\u00e9 10 pieds<\/strong><span class=\"ez-toc-section-end\"><\/span><\/h3>\n<ul data-start=\"4090\" data-end=\"4534\">\n<li data-start=\"4090\" data-end=\"4184\">\n<p data-start=\"4092\" data-end=\"4184\"><strong data-start=\"4092\" data-end=\"4125\">Compact et facile \u00e0 installer<\/strong> sur n\u2019importe quel site, m\u00eame sans infrastructure lourde<\/p>\n<\/li>\n<li data-start=\"4185\" data-end=\"4270\">\n<p data-start=\"4187\" data-end=\"4270\"><strong data-start=\"4187\" data-end=\"4199\">Autonome<\/strong> : fonctionne de mani\u00e8re automatique une fois la temp\u00e9rature atteinte<\/p>\n<\/li>\n<li data-start=\"4271\" data-end=\"4326\">\n<p data-start=\"4273\" data-end=\"4326\"><strong data-start=\"4273\" data-end=\"4301\">Transportable facilement<\/strong> par route, rail ou mer<\/p>\n<\/li>\n<li data-start=\"4327\" data-end=\"4426\">\n<p data-start=\"4329\" data-end=\"4426\"><strong data-start=\"4329\" data-end=\"4341\">S\u00e9curis\u00e9<\/strong> : serrures robustes, joints \u00e9tanches, possibilit\u00e9 d\u2019ajouter une alarme temp\u00e9rature<\/p>\n<\/li>\n<li data-start=\"4427\" data-end=\"4534\">\n<p data-start=\"4429\" data-end=\"4534\"><strong data-start=\"4429\" data-end=\"4448\">Personnalisable<\/strong> : ajout de portes int\u00e9rieures, rideaux plastiques, rayonnages, ou peinture sur mesure<\/p>\n<\/li>\n<\/ul>\n<h3 data-start=\"4541\" data-end=\"4587\"><span class=\"ez-toc-section\" id=\"%F0%9F%93%A6_Livraison_options_supplementaires\"><\/span>\ud83d\udce6 <strong data-start=\"4548\" data-end=\"4587\">Livraison &amp; options suppl\u00e9mentaires<\/strong><span class=\"ez-toc-section-end\"><\/span><\/h3>\n<ul data-start=\"4589\" data-end=\"4859\">\n<li data-start=\"4589\" data-end=\"4658\">\n<p data-start=\"4591\" data-end=\"4658\"><strong data-start=\"4591\" data-end=\"4613\">D\u00e9lai de livraison<\/strong> : 5 \u00e0 10 jours ouvr\u00e9s selon la destination<\/p>\n<\/li>\n<li data-start=\"4659\" data-end=\"4757\">\n<p data-start=\"4661\" data-end=\"4757\"><strong data-start=\"4661\" data-end=\"4697\">D\u00e9chargement par grue disponible<\/strong> en option, id\u00e9al pour les zones difficilement accessibles<\/p>\n<\/li>\n<li data-start=\"4758\" data-end=\"4859\">\n<p data-start=\"4760\" data-end=\"4859\"><strong data-start=\"4760\" data-end=\"4784\">Options \u00e0 la demande<\/strong> : rideaux thermiques, portes coulissantes, thermostat wifi, onduleur, etc.<\/p>\n<\/li>\n<\/ul>\n<h3 data-start=\"4866\" data-end=\"4887\"><span class=\"ez-toc-section\" id=\"%F0%9F%94%9A_Conclusion\"><\/span>\ud83d\udd1a <strong data-start=\"4873\" data-end=\"4887\">Conclusion<\/strong><span class=\"ez-toc-section-end\"><\/span><\/h3>\n<p data-start=\"4889\" data-end=\"5478\" data-is-last-node=\"\" data-is-only-node=\"\">Le conteneur frigorifique 10 pieds repr\u00e9sente une <strong data-start=\"4939\" data-end=\"4983\">solution compacte, mobile et performante<\/strong> pour tous les professionnels confront\u00e9s \u00e0 des contraintes d\u2019espace mais ayant un imp\u00e9ratif strict de <strong data-start=\"5085\" data-end=\"5107\">ma\u00eetrise thermique<\/strong>. Gr\u00e2ce \u00e0 sa robustesse, sa pr\u00e9cision de r\u00e9gulation et sa compatibilit\u00e9 multimodale, il s\u2019impose comme un \u00e9quipement essentiel dans de nombreux secteurs industriels et logistiques. Que ce soit pour une utilisation temporaire ou permanente, il garantit une conservation optimale de vos produits sensibles, tout en s\u2019adaptant parfaitement \u00e0 vos contraintes op\u00e9rationnelles.<\/p>\n<\/div>\n<\/div>\n<\/div>\n<\/div>\n<div class=\"flex absolute start-0 end-0 flex justify-start\">\n<div class=\"touch:-me-2 touch:-ms-3.5 -ms-2.5 -me-1 flex items-center p-1 select-none -mt-1 focus-within:transition-none hover:transition-none duration-500 group-hover\/turn-messages:delay-300 pointer-events-none [mask-image:linear-gradient(to_right,black_33%,transparent_66%)] [mask-size:300%_100%] [mask-position:100%_0%] motion-safe:transition-[mask-position] group-hover\/turn-messages:pointer-events-auto group-hover\/turn-messages:[mask-position:0_0] group-focus-within\/turn-messages:pointer-events-auto group-focus-within\/turn-messages:[mask-position:0_0] has-data-[state=open]:pointer-events-auto has-data-[state=open]:[mask-position:0_0]\"><button class=\"text-token-text-secondary hover:bg-token-main-surface-secondary rounded-lg\" aria-label=\"Copier\" data-testid=\"copy-turn-action-button\" data-state=\"closed\"><\/button><button class=\"text-token-text-secondary hover:bg-token-main-surface-secondary rounded-lg\" aria-label=\"Bonne r\u00e9ponse\" data-testid=\"good-response-turn-action-button\" data-state=\"closed\"><\/button><button class=\"text-token-text-secondary hover:bg-token-main-surface-secondary rounded-lg\" aria-label=\"Mauvaise r\u00e9ponse\" data-testid=\"bad-response-turn-action-button\" data-state=\"closed\"><\/button><button class=\"text-token-text-secondary hover:bg-token-main-surface-secondary rounded-lg\" aria-label=\"Lire \u00e0 haute voix\" data-testid=\"voice-play-turn-action-button\" data-state=\"closed\"><\/button><button class=\"text-token-text-secondary hover:bg-token-main-surface-secondary rounded-lg\" aria-label=\"Modifier dans le canevas\" data-state=\"closed\"><\/button><\/p>\n<div class=\"flex items-center pb-0\"><span class=\"overflow-hidden text-sm text-clip whitespace-nowrap\">4o<\/span><\/div>\n<\/div>\n<\/div>\n<\/div>\n<div class=\"absolute\">\n<div class=\"flex items-center justify-center\"><\/div>\n<\/div>\n<\/div>\n<\/div>\n<\/div>\n<\/article>\n<div class=\"pointer-events-none h-px w-px\" aria-hidden=\"true\" data-edge=\"true\"><\/div>\n","protected":false},"excerpt":{"rendered":"<p>Le conteneur frigorifique 10 pieds, \u00e9galement appel\u00e9 Reefer 10 pieds, est une solution de stockage r\u00e9frig\u00e9r\u00e9 compacte, performante et parfaitement adapt\u00e9e aux professionnels ayant des besoins en conservation de produits thermosensibles sur un espace restreint. Que ce soit pour un usage mobile ou fixe, ce type de conteneur assure une cha\u00eene du froid continue et [&hellip;]<\/p>\n","protected":false},"featured_media":1489,"comment_status":"open","ping_status":"closed","template":"","meta":[],"product_brand":[],"product_cat":[22],"product_tag":[],"class_list":{"0":"post-1488","1":"product","2":"type-product","3":"status-publish","4":"has-post-thumbnail","6":"product_cat-conteneurs-frigorifiques","8":"first","9":"instock","10":"sale","11":"shipping-taxable","12":"purchasable","13":"product-type-simple"},"jetpack_sharing_enabled":true,"_links":{"self":[{"href":"https:\/\/www.contenora.com\/de\/wp-json\/wp\/v2\/product\/1488","targetHints":{"allow":["GET"]}}],"collection":[{"href":"https:\/\/www.contenora.com\/de\/wp-json\/wp\/v2\/product"}],"about":[{"href":"https:\/\/www.contenora.com\/de\/wp-json\/wp\/v2\/types\/product"}],"replies":[{"embeddable":true,"href":"https:\/\/www.contenora.com\/de\/wp-json\/wp\/v2\/comments?post=1488"}],"wp:featuredmedia":[{"embeddable":true,"href":"https:\/\/www.contenora.com\/de\/wp-json\/wp\/v2\/media\/1489"}],"wp:attachment":[{"href":"https:\/\/www.contenora.com\/de\/wp-json\/wp\/v2\/media?parent=1488"}],"wp:term":[{"taxonomy":"product_brand","embeddable":true,"href":"https:\/\/www.contenora.com\/de\/wp-json\/wp\/v2\/product_brand?post=1488"},{"taxonomy":"product_cat","embeddable":true,"href":"https:\/\/www.contenora.com\/de\/wp-json\/wp\/v2\/product_cat?post=1488"},{"taxonomy":"product_tag","embeddable":true,"href":"https:\/\/www.contenora.com\/de\/wp-json\/wp\/v2\/product_tag?post=1488"}],"curies":[{"name":"wp","href":"https:\/\/api.w.org\/{rel}","templated":true}]}}